{"id":1455,"date":"2025-01-19T14:51:30","date_gmt":"2025-01-19T06:51:30","guid":{"rendered":"https:\/\/test.neoss.com\/de\/?page_id=1455"},"modified":"2025-06-10T17:56:56","modified_gmt":"2025-06-10T09:56:56","slug":"schutzkappe-oder-heilungsabutments","status":"publish","type":"page","link":"https:\/\/test.neoss.com\/de\/schutzkappe-oder-heilungsabutments\/","title":{"rendered":"Heilungsabutments"},"content":{"rendered":"\t\t<div data-elementor-type=\"wp-page\" data-elementor-id=\"1455\" class=\"elementor elementor-1455\" data-elementor-post-type=\"page\">\n\t\t\t\t<div class=\"elementor-element elementor-element-e177dd0 e-flex e-con-boxed e-con e-parent\" data-id=\"e177dd0\" data-element_type=\"container\">\n\t\t\t\t\t<div class=\"e-con-inner\">\n\t\t<div class=\"elementor-element elementor-element-371cb4c e-con-full e-flex e-con e-child\" data-id=\"371cb4c\" data-element_type=\"container\">\n\t\t\t\t<div class=\"elementor-element elementor-element-a096cce elementor-widget elementor-widget-image\" data-id=\"a096cce\" data-element_type=\"widget\" data-widget_type=\"image.default\">\n\t\t\t\t<div class=\"elementor-widget-container\">\n\t\t\t<style>\/*! elementor - v3.23.0 - 05-08-2024 *\/\n.elementor-widget-image{text-align:center}.elementor-widget-image a{display:inline-block}.elementor-widget-image a img[src$=\".svg\"]{width:48px}.elementor-widget-image img{vertical-align:middle;display:inline-block}<\/style>\t\t\t\t\t\t\t\t\t\t<img decoding=\"async\" src=\"https:\/\/neoss-web.azureedge.net\/Overdenture%20(3).jpg\" title=\"\" alt=\"\" loading=\"lazy\" \/>\t\t\t\t\t\t\t\t\t\t\t\t\t<\/div>\n\t\t\t\t<\/div>\n\t\t\t\t<\/div>\n\t\t<div class=\"elementor-element elementor-element-5d1f399 e-con-full e-flex e-con e-child\" data-id=\"5d1f399\" data-element_type=\"container\">\n\t\t\t\t<div class=\"elementor-element elementor-element-f807c20 elementor-widget elementor-widget-heading\" data-id=\"f807c20\" data-element_type=\"widget\" data-widget_type=\"heading.default\">\n\t\t\t\t<div class=\"elementor-widget-container\">\n\t\t\t<style>\/*! elementor - v3.23.0 - 05-08-2024 *\/\n.elementor-heading-title{padding:0;margin:0;line-height:1}.elementor-widget-heading .elementor-heading-title[class*=elementor-size-]>a{color:inherit;font-size:inherit;line-height:inherit}.elementor-widget-heading .elementor-heading-title.elementor-size-small{font-size:15px}.elementor-widget-heading .elementor-heading-title.elementor-size-medium{font-size:19px}.elementor-widget-heading .elementor-heading-title.elementor-size-large{font-size:29px}.elementor-widget-heading .elementor-heading-title.elementor-size-xl{font-size:39px}.elementor-widget-heading .elementor-heading-title.elementor-size-xxl{font-size:59px}<\/style><h1 class=\"elementor-heading-title elementor-size-default\">Heilungsabutments<\/h1>\t\t<\/div>\n\t\t\t\t<\/div>\n\t\t\t\t<div class=\"elementor-element elementor-element-2d266b6 elementor-widget elementor-widget-text-editor\" data-id=\"2d266b6\" data-element_type=\"widget\" data-widget_type=\"text-editor.default\">\n\t\t\t\t<div class=\"elementor-widget-container\">\n\t\t\t<style>\/*! elementor - v3.23.0 - 05-08-2024 *\/\n.elementor-widget-text-editor.elementor-drop-cap-view-stacked .elementor-drop-cap{background-color:#69727d;color:#fff}.elementor-widget-text-editor.elementor-drop-cap-view-framed .elementor-drop-cap{color:#69727d;border:3px solid;background-color:transparent}.elementor-widget-text-editor:not(.elementor-drop-cap-view-default) .elementor-drop-cap{margin-top:8px}.elementor-widget-text-editor:not(.elementor-drop-cap-view-default) .elementor-drop-cap-letter{width:1em;height:1em}.elementor-widget-text-editor .elementor-drop-cap{float:left;text-align:center;line-height:1;font-size:50px}.elementor-widget-text-editor .elementor-drop-cap-letter{display:inline-block}<\/style><div class=\"aa-text__body checkmark-list\">\t\t\t\t<div class=\"aa-hero--product__body\"><div class=\"aa-hero--product__body\"><div class=\"aa-hero--product__body\"><p>Neoss\u00ae bietet ein sehr umfangreiches Sortiment an Heilungsabutments an, um die Vielzahl an klinischen Situationen und Anforderungen im Zusammenhang mit der Weichgewebeheilung f\u00fcr eine verbesserte optimale \u00c4sthetik zu generieren.<\/p><\/div><\/div><\/div>\t\t\t\t<\/div>\t\t<\/div>\n\t\t\t\t<\/div>\n\t\t<div class=\"elementor-element elementor-element-eeee6b4 e-con-full e-flex e-con e-child\" data-id=\"eeee6b4\" data-element_type=\"container\">\n\t\t\t\t<div class=\"elementor-element elementor-element-2513d3c red-button elementor-widget elementor-widget-button\" data-id=\"2513d3c\" data-element_type=\"widget\" data-widget_type=\"button.default\">\n\t\t\t\t<div class=\"elementor-widget-container\">\n\t\t\t\t\t<div class=\"elementor-button-wrapper\">\n\t\t\t<a class=\"elementor-button elementor-button-link elementor-size-sm\" href=\"https:\/\/test.neoss.com\/de\/prothetik-product-overview-schutzkappe-oder-heilungsabutments\/\">\n\t\t\t\t\t\t<span class=\"elementor-button-content-wrapper\">\n\t\t\t\t\t\t\t\t\t<span class=\"elementor-button-text\">Kaufen<\/span>\n\t\t\t\t\t<\/span>\n\t\t\t\t\t<\/a>\n\t\t<\/div>\n\t\t\t\t<\/div>\n\t\t\t\t<\/div>\n\t\t\t\t<\/div>\n\t\t\t\t<\/div>\n\t\t<div class=\"elementor-element elementor-element-6ef2246 e-con-full up-and-down-f-bottom-animation elementor-hidden-mobile e-flex e-con e-child\" data-id=\"6ef2246\" data-element_type=\"container\" data-settings=\"{&quot;position&quot;:&quot;absolute&quot;}\">\n\t\t\t\t<div class=\"elementor-element elementor-element-cff1cdb aa-label elementor-widget elementor-widget-heading\" data-id=\"cff1cdb\" data-element_type=\"widget\" data-widget_type=\"heading.default\">\n\t\t\t\t<div class=\"elementor-widget-container\">\n\t\t\t<span class=\"elementor-heading-title elementor-size-default\"><a href=\"#Details\">Explore<\/a><\/span>\t\t<\/div>\n\t\t\t\t<\/div>\n\t\t\t\t<div class=\"elementor-element elementor-element-f04862a elementor-widget elementor-widget-html\" data-id=\"f04862a\" data-element_type=\"widget\" data-widget_type=\"html.default\">\n\t\t\t\t<div class=\"elementor-widget-container\">\n\t\t\t<a href=\"#Details\">\n<svg width=\"10\" height=\"70\" viewBox=\"0 0 10 70\" fill=\"white\" xmlns=\"http:\/\/www.w3.org\/2000\/svg\">\n\t\t\t\t<path fill-rule=\"evenodd\" clip-rule=\"evenodd\" d=\"M0.00259018 65.4635L4.47056 69.9314L5.10234 69.9314L9.57031 65.4635L8.93854 64.8317L5.2328 68.5366L5.2328 3.90604e-08L4.33921 0L4.33921 68.5374L0.634361 64.8308L0.00259018 65.4635Z\" fill=\"white\"><\/path>\n\t\t\t<\/svg><\/a>\t\t<\/div>\n\t\t\t\t<\/div>\n\t\t\t\t<\/div>\n\t\t\t\t\t<\/div>\n\t\t\t\t<\/div>\n\t\t<div class=\"elementor-element elementor-element-b83ebae aa-product-details e-flex e-con-boxed e-con e-parent\" data-id=\"b83ebae\" data-element_type=\"container\" id=\"Details\" data-settings=\"{&quot;background_background&quot;:&quot;classic&quot;}\">\n\t\t\t\t\t<div class=\"e-con-inner\">\n\t\t<div class=\"elementor-element elementor-element-16ab594 e-con-full aa-content e-flex e-con e-child\" data-id=\"16ab594\" data-element_type=\"container\">\n\t\t\t\t<div class=\"elementor-element elementor-element-5dbf33e elementor-widget elementor-widget-heading\" data-id=\"5dbf33e\" data-element_type=\"widget\" data-widget_type=\"heading.default\">\n\t\t\t\t<div class=\"elementor-widget-container\">\n\t\t\t<h2 class=\"elementor-heading-title elementor-size-default\">Heilungsabutments<\/h2>\t\t<\/div>\n\t\t\t\t<\/div>\n\t\t\t\t<\/div>\n\t\t<div class=\"elementor-element elementor-element-3ff9cee e-con-full e-grid aa-product-details__detail-grid e-con e-child\" data-id=\"3ff9cee\" data-element_type=\"container\">\n\t\t<div class=\"elementor-element elementor-element-9223bbe e-con-full e-flex e-con e-child\" data-id=\"9223bbe\" data-element_type=\"container\">\n\t\t\t\t<div class=\"elementor-element elementor-element-eca0d28 elementor-widget elementor-widget-heading\" data-id=\"eca0d28\" data-element_type=\"widget\" data-widget_type=\"heading.default\">\n\t\t\t\t<div class=\"elementor-widget-container\">\n\t\t\t<h5 class=\"elementor-heading-title elementor-size-default\">Heilungsabutments PEEK<\/h5>\t\t<\/div>\n\t\t\t\t<\/div>\n\t\t\t\t<div class=\"elementor-element elementor-element-0da44ce elementor-widget elementor-widget-text-editor\" data-id=\"0da44ce\" data-element_type=\"widget\" data-widget_type=\"text-editor.default\">\n\t\t\t\t<div class=\"elementor-widget-container\">\n\t\t\t<div class=\"aa-text__body checkmark-list\">\t\t\t\t<p>PEEK ist ein gewebefreundliches Material und seit mehr als 10 Jahren das bevorzugte Material f\u00fcr die Neoss\u00ae Heilungsabutments. Es zeigt eine beeindruckende Interaktion mit dem Knochen und Weichgewebe. Dadurch erreicht es eine ausgezeichnete Knochen-und Weichgewebestruktur um die Neoss\u00ae Implantate.<\/p>\n<p>Zur leichteren Handhabung werden zwei Heilungsabutments in verschiedenen H\u00f6hen in jedem Neoss-Implantat-Kit angeboten. Die \u00d8 5,0 \u2013 6,5 Neoss-Implantat-Kits verf\u00fcgen \u00fcber ein standard und ein breiteres Heilungsabutment.<\/p>\t\t\t\t<\/div>\t\t<\/div>\n\t\t\t\t<\/div>\n\t\t\t\t<\/div>\n\t\t<div class=\"elementor-element elementor-element-3743b5a e-con-full e-flex e-con e-child\" data-id=\"3743b5a\" data-element_type=\"container\">\n\t\t\t\t<div class=\"elementor-element elementor-element-3dfc1e0 elementor-widget elementor-widget-heading\" data-id=\"3dfc1e0\" data-element_type=\"widget\" data-widget_type=\"heading.default\">\n\t\t\t\t<div class=\"elementor-widget-container\">\n\t\t\t<h5 class=\"elementor-heading-title elementor-size-default\">Heilungsabutments Titan<\/h5>\t\t<\/div>\n\t\t\t\t<\/div>\n\t\t\t\t<div class=\"elementor-element elementor-element-688cb0c elementor-widget elementor-widget-text-editor\" data-id=\"688cb0c\" data-element_type=\"widget\" data-widget_type=\"text-editor.default\">\n\t\t\t\t<div class=\"elementor-widget-container\">\n\t\t\t<div class=\"aa-text__body checkmark-list\">\t\t\t\tHeilungsabutments aus Titan sind in f\u00fcnf verschiednenen H\u00f6hen verf\u00fcgbar. Sie eignen sich f\u00fcr Mehrkomponenten-F\u00e4lle mit starkem Weichgewebe.\t\t\t\t<\/div>\t\t<\/div>\n\t\t\t\t<\/div>\n\t\t\t\t<\/div>\n\t\t\t\t<\/div>\n\t\t\t\t\t<\/div>\n\t\t\t\t<\/div>\n\t\t<div class=\"elementor-element elementor-element-19d1949 e-flex e-con-boxed e-con e-parent\" data-id=\"19d1949\" data-element_type=\"container\" data-settings=\"{&quot;background_background&quot;:&quot;gradient&quot;}\">\n\t\t\t\t\t<div class=\"e-con-inner\">\n\t\t\t\t<div class=\"elementor-element elementor-element-68b11fa elementor-widget__width-initial elementor-widget elementor-widget-heading\" data-id=\"68b11fa\" data-element_type=\"widget\" data-widget_type=\"heading.default\">\n\t\t\t\t<div class=\"elementor-widget-container\">\n\t\t\t<h4 class=\"elementor-heading-title elementor-size-default\">Erhalten Sie die neuesten Nachrichten von Neoss zu Live-Webinaren, neuen Produkten und vielem mehr!\n<\/h4>\t\t<\/div>\n\t\t\t\t<\/div>\n\t\t\t\t<div class=\"elementor-element elementor-element-0d114af white-button elementor-widget elementor-widget-button\" data-id=\"0d114af\" data-element_type=\"widget\" data-widget_type=\"button.default\">\n\t\t\t\t<div class=\"elementor-widget-container\">\n\t\t\t\t\t<div class=\"elementor-button-wrapper\">\n\t\t\t<a class=\"elementor-button elementor-button-link elementor-size-sm\" href=\"https:\/\/info.neoss.com\/de\/bleiben-sie-auf-dem-aktuellen-stand\">\n\t\t\t\t\t\t<span class=\"elementor-button-content-wrapper\">\n\t\t\t\t\t\t\t\t\t<span class=\"elementor-button-text\">Abonnieren<\/span>\n\t\t\t\t\t<\/span>\n\t\t\t\t\t<\/a>\n\t\t<\/div>\n\t\t\t\t<\/div>\n\t\t\t\t<\/div>\n\t\t\t\t\t<\/div>\n\t\t\t\t<\/div>\n\t\t<div class=\"elementor-element elementor-element-0a01647 e-con-full e-flex e-con e-parent\" data-id=\"0a01647\" data-element_type=\"container\">\n\t\t<div class=\"elementor-element elementor-element-ad2f123 e-flex e-con-boxed e-con e-child\" data-id=\"ad2f123\" data-element_type=\"container\">\n\t\t\t\t\t<div class=\"e-con-inner\">\n\t\t\t\t<div class=\"elementor-element elementor-element-470f93c elementor-widget elementor-widget-heading\" data-id=\"470f93c\" data-element_type=\"widget\" data-widget_type=\"heading.default\">\n\t\t\t\t<div class=\"elementor-widget-container\">\n\t\t\t<span class=\"elementor-heading-title elementor-size-default\">Kontaktieren Sie uns zu\n<\/span>\t\t<\/div>\n\t\t\t\t<\/div>\n\t\t\t\t<div class=\"elementor-element elementor-element-8dc54ac elementor-widget elementor-widget-heading\" data-id=\"8dc54ac\" data-element_type=\"widget\" data-widget_type=\"heading.default\">\n\t\t\t\t<div class=\"elementor-widget-container\">\n\t\t\t<h3 class=\"elementor-heading-title elementor-size-default\">Heilungsabutments\n<\/h3>\t\t<\/div>\n\t\t\t\t<\/div>\n\t\t\t\t<div class=\"elementor-element elementor-element-bc3c010 aa-form-button--1 elementor-widget elementor-widget-hubspot-form\" data-id=\"bc3c010\" data-element_type=\"widget\" data-widget_type=\"hubspot-form.default\">\n\t\t\t\t<div class=\"elementor-widget-container\">\n\t\t\t\n\t\t\t\t\t<script>\n\t\t\t\t\t\twindow.hsFormsOnReady = window.hsFormsOnReady || [];\n\t\t\t\t\t\twindow.hsFormsOnReady.push(()=>{\n\t\t\t\t\t\t\thbspt.forms.create({\n\t\t\t\t\t\t\t\tportalId: 19798429,\n\t\t\t\t\t\t\t\tformId: \"c24225e9-34c7-4098-b70e-3e7bc438e038\",\n\t\t\t\t\t\t\t\ttarget: \"#hbspt-form-1777473182000-8100671492\",\n\t\t\t\t\t\t\t\tregion: \"na1\",\n\t\t\t\t\t\t\t\t\n\t\t\t\t\t\t})});\n\t\t\t\t\t<\/script>\n\t\t\t\t\t<div class=\"hbspt-form\" id=\"hbspt-form-1777473182000-8100671492\"><\/div>\t\t<\/div>\n\t\t\t\t<\/div>\n\t\t\t\t\t<\/div>\n\t\t\t\t<\/div>\n\t\t<div class=\"elementor-element elementor-element-2d45dba e-con-full e-flex e-con e-child\" data-id=\"2d45dba\" data-element_type=\"container\" data-settings=\"{&quot;background_background&quot;:&quot;classic&quot;}\">\n\t\t\t\t<div class=\"elementor-element elementor-element-2a0f80e p-bottom-cover elementor-widget elementor-widget-image\" data-id=\"2a0f80e\" data-element_type=\"widget\" data-widget_type=\"image.default\">\n\t\t\t\t<div class=\"elementor-widget-container\">\n\t\t\t\t\t\t\t\t\t\t\t\t\t<img decoding=\"async\" src=\"https:\/\/neoss-web.azureedge.net\/global\/Images\/theme-assets\/logos\/Rectangle%20130%20(2)%20(1).jpg\" title=\"\" alt=\"\" loading=\"lazy\" \/>\t\t\t\t\t\t\t\t\t\t\t\t\t<\/div>\n\t\t\t\t<\/div>\n\t\t\t\t<\/div>\n\t\t\t\t<\/div>\n\t\t\t\t<\/div>\n\t\t","protected":false},"excerpt":{"rendered":"<p>Heilungsabutments Neoss\u00ae bietet ein sehr umfangreiches Sortiment an Heilungsabutments an, um die Vielzahl an klinischen Situationen und Anforderungen im Zusammenhang mit der Weichgewebeheilung f\u00fcr eine verbesserte optimale \u00c4sthetik zu generieren. Kaufen Explore Heilungsabutments Heilungsabutments PEEK PEEK ist ein gewebefreundliches Material und seit mehr als 10 Jahren das bevorzugte Material f\u00fcr die Neoss\u00ae Heilungsabutments. Es zeigt [&hellip;]<\/p>\n","protected":false},"author":3,"featured_media":0,"parent":0,"menu_order":0,"comment_status":"closed","ping_status":"closed","template":"","meta":{"_acf_changed":false,"content-type":"","_relevanssi_hide_post":"","_relevanssi_hide_content":"","_relevanssi_pin_for_all":"","_relevanssi_pin_keywords":"","_relevanssi_unpin_keywords":"","_relevanssi_related_keywords":"","_relevanssi_related_include_ids":"","_relevanssi_related_exclude_ids":"","_relevanssi_related_no_append":"","_relevanssi_related_not_related":"","_relevanssi_related_posts":"","_relevanssi_noindex_reason":"","footnotes":""},"categories":[41],"tags":[],"page_type":[18],"class_list":["post-1455","page","type-page","status-publish","hentry","category-normal","page_type-page"],"acf":[],"yoast_head":"<!-- This site is optimized with the Yoast SEO Premium plugin v24.8 (Yoast SEO v24.8.1) - https:\/\/yoast.com\/wordpress\/plugins\/seo\/ -->\n<title>Heilungsabutments<\/title>\n<meta name=\"robots\" content=\"index, follow, max-snippet:-1, max-image-preview:large, max-video-preview:-1\" \/>\n<link rel=\"canonical\" href=\"https:\/\/test.neoss.com\/de\/schutzkappe-oder-heilungsabutments\/\" \/>\n<meta property=\"og:locale\" content=\"de_DE\" \/>\n<meta property=\"og:type\" content=\"article\" \/>\n<meta property=\"og:title\" content=\"Heilungsabutments\" \/>\n<meta property=\"og:description\" content=\"Heilungsabutments Neoss\u00ae bietet ein sehr umfangreiches Sortiment an Heilungsabutments an, um die Vielzahl an klinischen Situationen und Anforderungen im Zusammenhang mit der Weichgewebeheilung f\u00fcr eine verbesserte optimale \u00c4sthetik zu generieren. Kaufen Explore Heilungsabutments Heilungsabutments PEEK PEEK ist ein gewebefreundliches Material und seit mehr als 10 Jahren das bevorzugte Material f\u00fcr die Neoss\u00ae Heilungsabutments. Es zeigt [&hellip;]\" \/>\n<meta property=\"og:url\" content=\"https:\/\/test.neoss.com\/de\/schutzkappe-oder-heilungsabutments\/\" \/>\n<meta property=\"og:site_name\" content=\"Deutschland\" \/>\n<meta property=\"article:publisher\" content=\"https:\/\/www.facebook.com\/NeossGroup\" \/>\n<meta property=\"article:modified_time\" content=\"2025-06-10T09:56:56+00:00\" \/>\n<meta property=\"og:image\" content=\"https:\/\/neoss-web.azureedge.net\/Overdenture%20(3).jpg\" \/>\n<meta name=\"twitter:card\" content=\"summary_large_image\" \/>\n<meta name=\"twitter:label1\" content=\"Est. reading time\" \/>\n\t<meta name=\"twitter:data1\" content=\"4 minutes\" \/>\n<script type=\"application\/ld+json\" class=\"yoast-schema-graph\">{\"@context\":\"https:\/\/schema.org\",\"@graph\":[{\"@type\":\"WebPage\",\"@id\":\"https:\/\/test.neoss.com\/de\/schutzkappe-oder-heilungsabutments\/\",\"url\":\"https:\/\/test.neoss.com\/de\/schutzkappe-oder-heilungsabutments\/\",\"name\":\"Heilungsabutments\",\"isPartOf\":{\"@id\":\"https:\/\/test.neoss.com\/de\/#website\"},\"primaryImageOfPage\":{\"@id\":\"https:\/\/test.neoss.com\/de\/schutzkappe-oder-heilungsabutments\/#primaryimage\"},\"image\":{\"@id\":\"https:\/\/test.neoss.com\/de\/schutzkappe-oder-heilungsabutments\/#primaryimage\"},\"thumbnailUrl\":\"https:\/\/neoss-web.azureedge.net\/Overdenture%20(3).jpg\",\"datePublished\":\"2025-01-19T06:51:30+00:00\",\"dateModified\":\"2025-06-10T09:56:56+00:00\",\"breadcrumb\":{\"@id\":\"https:\/\/test.neoss.com\/de\/schutzkappe-oder-heilungsabutments\/#breadcrumb\"},\"inLanguage\":\"de-DE\",\"potentialAction\":[{\"@type\":\"ReadAction\",\"target\":[\"https:\/\/test.neoss.com\/de\/schutzkappe-oder-heilungsabutments\/\"]}]},{\"@type\":\"ImageObject\",\"inLanguage\":\"de-DE\",\"@id\":\"https:\/\/test.neoss.com\/de\/schutzkappe-oder-heilungsabutments\/#primaryimage\",\"url\":\"https:\/\/neoss-web.azureedge.net\/Overdenture%20(3).jpg\",\"contentUrl\":\"https:\/\/neoss-web.azureedge.net\/Overdenture%20(3).jpg\"},{\"@type\":\"BreadcrumbList\",\"@id\":\"https:\/\/test.neoss.com\/de\/schutzkappe-oder-heilungsabutments\/#breadcrumb\",\"itemListElement\":[{\"@type\":\"ListItem\",\"position\":1,\"name\":\"Home\",\"item\":\"https:\/\/test.neoss.com\/de\/\"},{\"@type\":\"ListItem\",\"position\":2,\"name\":\"Heilungsabutments\"}]},{\"@type\":\"WebSite\",\"@id\":\"https:\/\/test.neoss.com\/de\/#website\",\"url\":\"https:\/\/test.neoss.com\/de\/\",\"name\":\"Neoss - Intelligent Simplicity\",\"description\":\"\",\"publisher\":{\"@id\":\"https:\/\/test.neoss.com\/de\/#organization\"},\"potentialAction\":[{\"@type\":\"SearchAction\",\"target\":{\"@type\":\"EntryPoint\",\"urlTemplate\":\"https:\/\/test.neoss.com\/de\/?s={search_term_string}\"},\"query-input\":{\"@type\":\"PropertyValueSpecification\",\"valueRequired\":true,\"valueName\":\"search_term_string\"}}],\"inLanguage\":\"de-DE\"},{\"@type\":\"Organization\",\"@id\":\"https:\/\/test.neoss.com\/de\/#organization\",\"name\":\"neoss\",\"url\":\"https:\/\/test.neoss.com\/de\/\",\"logo\":{\"@type\":\"ImageObject\",\"inLanguage\":\"de-DE\",\"@id\":\"https:\/\/test.neoss.com\/de\/#\/schema\/logo\/image\/\",\"url\":\"https:\/\/neoss-web.azureedge.net\/logo\/neoss-logo1-1.svg\",\"contentUrl\":\"https:\/\/neoss-web.azureedge.net\/logo\/neoss-logo1-1.svg\",\"width\":96,\"height\":31,\"caption\":\"neoss\"},\"image\":{\"@id\":\"https:\/\/test.neoss.com\/de\/#\/schema\/logo\/image\/\"},\"sameAs\":[\"https:\/\/www.facebook.com\/NeossGroup\"]}]}<\/script>\n<!-- \/ Yoast SEO Premium plugin. -->","yoast_head_json":{"title":"Heilungsabutments","robots":{"index":"index","follow":"follow","max-snippet":"max-snippet:-1","max-image-preview":"max-image-preview:large","max-video-preview":"max-video-preview:-1"},"canonical":"https:\/\/test.neoss.com\/de\/schutzkappe-oder-heilungsabutments\/","og_locale":"de_DE","og_type":"article","og_title":"Heilungsabutments","og_description":"Heilungsabutments Neoss\u00ae bietet ein sehr umfangreiches Sortiment an Heilungsabutments an, um die Vielzahl an klinischen Situationen und Anforderungen im Zusammenhang mit der Weichgewebeheilung f\u00fcr eine verbesserte optimale \u00c4sthetik zu generieren. Kaufen Explore Heilungsabutments Heilungsabutments PEEK PEEK ist ein gewebefreundliches Material und seit mehr als 10 Jahren das bevorzugte Material f\u00fcr die Neoss\u00ae Heilungsabutments. Es zeigt [&hellip;]","og_url":"https:\/\/test.neoss.com\/de\/schutzkappe-oder-heilungsabutments\/","og_site_name":"Deutschland","article_publisher":"https:\/\/www.facebook.com\/NeossGroup","article_modified_time":"2025-06-10T09:56:56+00:00","og_image":[{"url":"https:\/\/neoss-web.azureedge.net\/Overdenture%20(3).jpg","type":"","width":"","height":""}],"twitter_card":"summary_large_image","twitter_misc":{"Est. reading time":"4 minutes"},"schema":{"@context":"https:\/\/schema.org","@graph":[{"@type":"WebPage","@id":"https:\/\/test.neoss.com\/de\/schutzkappe-oder-heilungsabutments\/","url":"https:\/\/test.neoss.com\/de\/schutzkappe-oder-heilungsabutments\/","name":"Heilungsabutments","isPartOf":{"@id":"https:\/\/test.neoss.com\/de\/#website"},"primaryImageOfPage":{"@id":"https:\/\/test.neoss.com\/de\/schutzkappe-oder-heilungsabutments\/#primaryimage"},"image":{"@id":"https:\/\/test.neoss.com\/de\/schutzkappe-oder-heilungsabutments\/#primaryimage"},"thumbnailUrl":"https:\/\/neoss-web.azureedge.net\/Overdenture%20(3).jpg","datePublished":"2025-01-19T06:51:30+00:00","dateModified":"2025-06-10T09:56:56+00:00","breadcrumb":{"@id":"https:\/\/test.neoss.com\/de\/schutzkappe-oder-heilungsabutments\/#breadcrumb"},"inLanguage":"de-DE","potentialAction":[{"@type":"ReadAction","target":["https:\/\/test.neoss.com\/de\/schutzkappe-oder-heilungsabutments\/"]}]},{"@type":"ImageObject","inLanguage":"de-DE","@id":"https:\/\/test.neoss.com\/de\/schutzkappe-oder-heilungsabutments\/#primaryimage","url":"https:\/\/neoss-web.azureedge.net\/Overdenture%20(3).jpg","contentUrl":"https:\/\/neoss-web.azureedge.net\/Overdenture%20(3).jpg"},{"@type":"BreadcrumbList","@id":"https:\/\/test.neoss.com\/de\/schutzkappe-oder-heilungsabutments\/#breadcrumb","itemListElement":[{"@type":"ListItem","position":1,"name":"Home","item":"https:\/\/test.neoss.com\/de\/"},{"@type":"ListItem","position":2,"name":"Heilungsabutments"}]},{"@type":"WebSite","@id":"https:\/\/test.neoss.com\/de\/#website","url":"https:\/\/test.neoss.com\/de\/","name":"Neoss - Intelligent Simplicity","description":"","publisher":{"@id":"https:\/\/test.neoss.com\/de\/#organization"},"potentialAction":[{"@type":"SearchAction","target":{"@type":"EntryPoint","urlTemplate":"https:\/\/test.neoss.com\/de\/?s={search_term_string}"},"query-input":{"@type":"PropertyValueSpecification","valueRequired":true,"valueName":"search_term_string"}}],"inLanguage":"de-DE"},{"@type":"Organization","@id":"https:\/\/test.neoss.com\/de\/#organization","name":"neoss","url":"https:\/\/test.neoss.com\/de\/","logo":{"@type":"ImageObject","inLanguage":"de-DE","@id":"https:\/\/test.neoss.com\/de\/#\/schema\/logo\/image\/","url":"https:\/\/neoss-web.azureedge.net\/logo\/neoss-logo1-1.svg","contentUrl":"https:\/\/neoss-web.azureedge.net\/logo\/neoss-logo1-1.svg","width":96,"height":31,"caption":"neoss"},"image":{"@id":"https:\/\/test.neoss.com\/de\/#\/schema\/logo\/image\/"},"sameAs":["https:\/\/www.facebook.com\/NeossGroup"]}]}},"_links":{"self":[{"href":"https:\/\/test.neoss.com\/de\/wp-json\/wp\/v2\/pages\/1455","targetHints":{"allow":["GET"]}}],"collection":[{"href":"https:\/\/test.neoss.com\/de\/wp-json\/wp\/v2\/pages"}],"about":[{"href":"https:\/\/test.neoss.com\/de\/wp-json\/wp\/v2\/types\/page"}],"author":[{"embeddable":true,"href":"https:\/\/test.neoss.com\/de\/wp-json\/wp\/v2\/users\/3"}],"replies":[{"embeddable":true,"href":"https:\/\/test.neoss.com\/de\/wp-json\/wp\/v2\/comments?post=1455"}],"version-history":[{"count":8,"href":"https:\/\/test.neoss.com\/de\/wp-json\/wp\/v2\/pages\/1455\/revisions"}],"predecessor-version":[{"id":8267,"href":"https:\/\/test.neoss.com\/de\/wp-json\/wp\/v2\/pages\/1455\/revisions\/8267"}],"wp:attachment":[{"href":"https:\/\/test.neoss.com\/de\/wp-json\/wp\/v2\/media?parent=1455"}],"wp:term":[{"taxonomy":"category","embeddable":true,"href":"https:\/\/test.neoss.com\/de\/wp-json\/wp\/v2\/categories?post=1455"},{"taxonomy":"post_tag","embeddable":true,"href":"https:\/\/test.neoss.com\/de\/wp-json\/wp\/v2\/tags?post=1455"},{"taxonomy":"page_type","embeddable":true,"href":"https:\/\/test.neoss.com\/de\/wp-json\/wp\/v2\/page_type?post=1455"}],"curies":[{"name":"wp","href":"https:\/\/api.w.org\/{rel}","templated":true}]}}