{"id":2237,"date":"2025-01-21T14:02:07","date_gmt":"2025-01-21T06:02:07","guid":{"rendered":"https:\/\/test.neoss.com\/de\/?page_id=2237"},"modified":"2025-08-04T19:21:20","modified_gmt":"2025-08-04T11:21:20","slug":"veranstaltungen","status":"publish","type":"page","link":"https:\/\/test.neoss.com\/de\/veranstaltungen\/","title":{"rendered":"Veranstaltungen"},"content":{"rendered":"\t\t<div data-elementor-type=\"wp-page\" data-elementor-id=\"2237\" class=\"elementor elementor-2237\" data-elementor-post-type=\"page\">\n\t\t\t\t<div class=\"elementor-element elementor-element-1588479 e-con-full e-flex e-con e-parent\" data-id=\"1588479\" data-element_type=\"container\">\n\t\t<div class=\"elementor-element elementor-element-494c20a e-con-full e-flex e-con e-child\" data-id=\"494c20a\" data-element_type=\"container\">\n\t\t\t\t<div class=\"elementor-element elementor-element-449b072 elementor-widget elementor-widget-image\" data-id=\"449b072\" data-element_type=\"widget\" id=\"ep\" data-widget_type=\"image.default\">\n\t\t\t\t<div class=\"elementor-widget-container\">\n\t\t\t<style>\/*! elementor - v3.23.0 - 05-08-2024 *\/\n.elementor-widget-image{text-align:center}.elementor-widget-image a{display:inline-block}.elementor-widget-image a img[src$=\".svg\"]{width:48px}.elementor-widget-image img{vertical-align:middle;display:inline-block}<\/style>\t\t\t\t\t\t\t\t\t\t<img fetchpriority=\"high\" decoding=\"async\" width=\"1000\" height=\"600\" src=\"https:\/\/neoss-web.azureedge.net\/sites\/12\/2025\/06\/Website_Halfpage-Pic_1000x600-684bc4348a4cc.png\" class=\"attachment-full size-full wp-image-8360\" alt=\"\" srcset=\"https:\/\/neoss-web.azureedge.net\/sites\/12\/2025\/06\/Website_Halfpage-Pic_1000x600-684bc4348a4cc.png 1000w, https:\/\/neoss-web.azureedge.net\/sites\/12\/2025\/06\/Website_Halfpage-Pic_1000x600-684bc4348a4cc-300x180.png 300w, https:\/\/neoss-web.azureedge.net\/sites\/12\/2025\/06\/Website_Halfpage-Pic_1000x600-684bc4348a4cc-768x461.png 768w, https:\/\/neoss-web.azureedge.net\/sites\/12\/2025\/06\/Website_Halfpage-Pic_1000x600-684bc4348a4cc-18x12.png 18w\" sizes=\"(max-width: 1000px) 100vw, 1000px\" \/>\t\t\t\t\t\t\t\t\t\t\t\t\t<\/div>\n\t\t\t\t<\/div>\n\t\t\t\t<\/div>\n\t\t<div class=\"elementor-element elementor-element-ad549d7 e-con-full e-flex e-con e-child\" data-id=\"ad549d7\" data-element_type=\"container\">\n\t\t<div class=\"elementor-element elementor-element-b124e3c e-con-full e-flex e-con e-child\" data-id=\"b124e3c\" data-element_type=\"container\">\n\t\t\t\t<div class=\"elementor-element elementor-element-40f4af8 elementor-widget elementor-widget-heading\" data-id=\"40f4af8\" data-element_type=\"widget\" data-widget_type=\"heading.default\">\n\t\t\t\t<div class=\"elementor-widget-container\">\n\t\t\t<style>\/*! elementor - v3.23.0 - 05-08-2024 *\/\n.elementor-heading-title{padding:0;margin:0;line-height:1}.elementor-widget-heading .elementor-heading-title[class*=elementor-size-]>a{color:inherit;font-size:inherit;line-height:inherit}.elementor-widget-heading .elementor-heading-title.elementor-size-small{font-size:15px}.elementor-widget-heading .elementor-heading-title.elementor-size-medium{font-size:19px}.elementor-widget-heading .elementor-heading-title.elementor-size-large{font-size:29px}.elementor-widget-heading .elementor-heading-title.elementor-size-xl{font-size:39px}.elementor-widget-heading .elementor-heading-title.elementor-size-xxl{font-size:59px}<\/style><span class=\"elementor-heading-title elementor-size-default\">Leidenschaft f\u00fcr kontinuierliche Weiterbildung<\/span>\t\t<\/div>\n\t\t\t\t<\/div>\n\t\t\t\t<div class=\"elementor-element elementor-element-21750c7 elementor-widget elementor-widget-heading\" data-id=\"21750c7\" data-element_type=\"widget\" data-widget_type=\"heading.default\">\n\t\t\t\t<div class=\"elementor-widget-container\">\n\t\t\t<h2 class=\"elementor-heading-title elementor-size-default\">Gemeinsam werden wir die <span>Lebensqualit\u00e4t der Patienten <\/span> verbessern.<\/h2>\t\t<\/div>\n\t\t\t\t<\/div>\n\t\t\t\t<div class=\"elementor-element elementor-element-3170e46 elementor-widget elementor-widget-text-editor\" data-id=\"3170e46\" data-element_type=\"widget\" data-widget_type=\"text-editor.default\">\n\t\t\t\t<div class=\"elementor-widget-container\">\n\t\t\t<style>\/*! elementor - v3.23.0 - 05-08-2024 *\/\n.elementor-widget-text-editor.elementor-drop-cap-view-stacked .elementor-drop-cap{background-color:#69727d;color:#fff}.elementor-widget-text-editor.elementor-drop-cap-view-framed .elementor-drop-cap{color:#69727d;border:3px solid;background-color:transparent}.elementor-widget-text-editor:not(.elementor-drop-cap-view-default) .elementor-drop-cap{margin-top:8px}.elementor-widget-text-editor:not(.elementor-drop-cap-view-default) .elementor-drop-cap-letter{width:1em;height:1em}.elementor-widget-text-editor .elementor-drop-cap{float:left;text-align:center;line-height:1;font-size:50px}.elementor-widget-text-editor .elementor-drop-cap-letter{display:inline-block}<\/style><div class=\"aa-text__body checkmark-list\">\t\t\t\t<p>Bei Neoss setzen wir uns leidenschaftlich daf\u00fcr ein, das Wissen unserer Partner und Kunden kontinuierlich zu erweitern. Durch den Austausch von Erfahrungen und Erkenntnissen streben wir danach, gemeinsam das Wohl von Patienten weltweit zu verbessern. Entdecken Sie hier eine Vielfalt an Bildungsinitiativen, die wir speziell f\u00fcr Sie entwickelt haben, sowie M\u00f6glichkeiten, pers\u00f6nlich mit uns in Kontakt zu treten.<\/p>\t\t\t\t<\/div>\t\t<\/div>\n\t\t\t\t<\/div>\n\t\t\t\t<div class=\"elementor-element elementor-element-c5a6106 red-button elementor-widget elementor-widget-button\" data-id=\"c5a6106\" data-element_type=\"widget\" data-widget_type=\"button.default\">\n\t\t\t\t<div class=\"elementor-widget-container\">\n\t\t\t\t\t<div class=\"elementor-button-wrapper\">\n\t\t\t<a class=\"elementor-button elementor-button-link elementor-size-sm\" href=\"https:\/\/www.neossacademy.com\/en\/\">\n\t\t\t\t\t\t<span class=\"elementor-button-content-wrapper\">\n\t\t\t\t\t\t\t\t\t<span class=\"elementor-button-text\">Webinar Aufzeichnungen<\/span>\n\t\t\t\t\t<\/span>\n\t\t\t\t\t<\/a>\n\t\t<\/div>\n\t\t\t\t<\/div>\n\t\t\t\t<\/div>\n\t\t\t\t<div class=\"elementor-element elementor-element-580315f red-button elementor-widget elementor-widget-button\" data-id=\"580315f\" data-element_type=\"widget\" data-widget_type=\"button.default\">\n\t\t\t\t<div class=\"elementor-widget-container\">\n\t\t\t\t\t<div class=\"elementor-button-wrapper\">\n\t\t\t<a class=\"elementor-button elementor-button-link elementor-size-sm\" href=\"\/de\/veranstaltungen?region=germany#events\">\n\t\t\t\t\t\t<span class=\"elementor-button-content-wrapper\">\n\t\t\t\t\t\t\t\t\t<span class=\"elementor-button-text\">Events & Kurse<\/span>\n\t\t\t\t\t<\/span>\n\t\t\t\t\t<\/a>\n\t\t<\/div>\n\t\t\t\t<\/div>\n\t\t\t\t<\/div>\n\t\t\t\t<\/div>\n\t\t\t\t<\/div>\n\t\t\t\t<\/div>\n\t\t<div class=\"elementor-element elementor-element-80f39d6 e-flex e-con-boxed e-con e-parent\" data-id=\"80f39d6\" data-element_type=\"container\" id=\"events_layout\">\n\t\t\t\t\t<div class=\"e-con-inner\">\n\t\t\t\t<div class=\"elementor-element elementor-element-c29e797 elementor-widget elementor-widget-yunce_events_module\" data-id=\"c29e797\" data-element_type=\"widget\" id=\"events\" data-widget_type=\"yunce_events_module.default\">\n\t\t\t\t<div class=\"elementor-widget-container\">\n\t\t\t\r\n<div class=\"yunce_events_module\">\r\n    <div class=\"events-courses\">\r\n                    <div class=\"tit module-title\">Events &amp; Kurse<\/div>\r\n                <div class=\"aa-events-cards__body\">\r\n            <div class=\"aa-events__filter filters\">\r\n                                                            <\/div>\r\n            <div class=\"grid\">\r\n                <div class=\"grid-sizer\"><\/div>\r\n                <div class=\"gutter-sizer\"><\/div>\r\n                \r\n            <\/div>\r\n        <\/div>\r\n    <\/div>\r\n<\/div>\t\t<\/div>\n\t\t\t\t<\/div>\n\t\t\t\t\t<\/div>\n\t\t\t\t<\/div>\n\t\t<div class=\"elementor-element elementor-element-fa50c72 m-box e-flex e-con-boxed e-con e-parent\" data-id=\"fa50c72\" data-element_type=\"container\" data-settings=\"{&quot;background_background&quot;:&quot;classic&quot;}\">\n\t\t\t\t\t<div class=\"e-con-inner\">\n\t\t<div class=\"elementor-element elementor-element-4a88494 e-con-full e-flex e-con e-child\" data-id=\"4a88494\" data-element_type=\"container\" data-settings=\"{&quot;background_background&quot;:&quot;classic&quot;}\">\n\t\t\t\t<div class=\"elementor-element elementor-element-27cf449 elementor-widget elementor-widget-heading\" data-id=\"27cf449\" data-element_type=\"widget\" data-widget_type=\"heading.default\">\n\t\t\t\t<div class=\"elementor-widget-container\">\n\t\t\t<h2 class=\"elementor-heading-title elementor-size-default\">Abonnieren Sie und bleiben Sie <span>auf dem Laufenden<\/span><\/h2>\t\t<\/div>\n\t\t\t\t<\/div>\n\t\t\t\t<div class=\"elementor-element elementor-element-b634391 elementor-widget elementor-widget-text-editor\" data-id=\"b634391\" data-element_type=\"widget\" data-widget_type=\"text-editor.default\">\n\t\t\t\t<div class=\"elementor-widget-container\">\n\t\t\t<div class=\"aa-text__body checkmark-list\">\t\t\t\t<div class=\"aa-newsletter__column aa-newsletter__column-text aa-content-color--white\"><div class=\"aa-newsletter__column__inner\"><div class=\"aa-newsletter__body\"><p>Melden Sie sich an, um die neuesten Nachrichten von Neoss zu erhalten, einschlie\u00dflich zuk\u00fcnftiger Live-Webinare, neuer Produktentwicklungen und klinischer Forschung.<\/p><\/div><\/div><\/div>\t\t\t\t<\/div>\t\t<\/div>\n\t\t\t\t<\/div>\n\t\t\t\t<\/div>\n\t\t<div class=\"elementor-element elementor-element-0e9684b e-con-full e-flex e-con e-child\" data-id=\"0e9684b\" data-element_type=\"container\" data-settings=\"{&quot;background_background&quot;:&quot;classic&quot;}\">\n\t\t\t\t<div class=\"elementor-element elementor-element-f6e3e97 aa-form-button--1 elementor-widget elementor-widget-hubspot-form\" data-id=\"f6e3e97\" data-element_type=\"widget\" data-widget_type=\"hubspot-form.default\">\n\t\t\t\t<div class=\"elementor-widget-container\">\n\t\t\t\n\t\t\t\t\t<script>\n\t\t\t\t\t\twindow.hsFormsOnReady = window.hsFormsOnReady || [];\n\t\t\t\t\t\twindow.hsFormsOnReady.push(()=>{\n\t\t\t\t\t\t\thbspt.forms.create({\n\t\t\t\t\t\t\t\tportalId: 19798429,\n\t\t\t\t\t\t\t\tformId: \"fd38df9d-5ac6-4909-898d-9bac2dab3fef\",\n\t\t\t\t\t\t\t\ttarget: \"#hbspt-form-1777472148000-8215579083\",\n\t\t\t\t\t\t\t\tregion: \"na1\",\n\t\t\t\t\t\t\t\t\n\t\t\t\t\t\t})});\n\t\t\t\t\t<\/script>\n\t\t\t\t\t<div class=\"hbspt-form\" id=\"hbspt-form-1777472148000-8215579083\"><\/div>\t\t<\/div>\n\t\t\t\t<\/div>\n\t\t\t\t<\/div>\n\t\t\t\t\t<\/div>\n\t\t\t\t<\/div>\n\t\t\t\t<\/div>\n\t\t","protected":false},"excerpt":{"rendered":"<p>Leidenschaft f\u00fcr kontinuierliche Weiterbildung Gemeinsam werden wir die Lebensqualit\u00e4t der Patienten verbessern. Bei Neoss setzen wir uns leidenschaftlich daf\u00fcr ein, das Wissen unserer Partner und Kunden kontinuierlich zu erweitern. Durch den Austausch von Erfahrungen und Erkenntnissen streben wir danach, gemeinsam das Wohl von Patienten weltweit zu verbessern. Entdecken Sie hier eine Vielfalt an Bildungsinitiativen, die [&hellip;]<\/p>\n","protected":false},"author":3,"featured_media":0,"parent":0,"menu_order":0,"comment_status":"closed","ping_status":"closed","template":"","meta":{"_acf_changed":false,"content-type":"","_relevanssi_hide_post":"","_relevanssi_hide_content":"","_relevanssi_pin_for_all":"","_relevanssi_pin_keywords":"","_relevanssi_unpin_keywords":"","_relevanssi_related_keywords":"","_relevanssi_related_include_ids":"","_relevanssi_related_exclude_ids":"","_relevanssi_related_no_append":"","_relevanssi_related_not_related":"","_relevanssi_related_posts":"","_relevanssi_noindex_reason":"","footnotes":""},"categories":[41],"tags":[],"page_type":[18],"class_list":["post-2237","page","type-page","status-publish","hentry","category-normal","page_type-page"],"acf":[],"yoast_head":"<!-- This site is optimized with the Yoast SEO Premium plugin v24.8 (Yoast SEO v24.8.1) - https:\/\/yoast.com\/wordpress\/plugins\/seo\/ -->\n<title>Neoss Academy<\/title>\n<meta name=\"robots\" content=\"index, follow, max-snippet:-1, max-image-preview:large, max-video-preview:-1\" \/>\n<link rel=\"canonical\" href=\"https:\/\/test.neoss.com\/de\/veranstaltungen\/\" \/>\n<meta property=\"og:locale\" content=\"de_DE\" \/>\n<meta property=\"og:type\" content=\"article\" \/>\n<meta property=\"og:title\" content=\"Veranstaltungen\" \/>\n<meta property=\"og:description\" content=\"Leidenschaft f\u00fcr kontinuierliche Weiterbildung Gemeinsam werden wir die Lebensqualit\u00e4t der Patienten verbessern. Bei Neoss setzen wir uns leidenschaftlich daf\u00fcr ein, das Wissen unserer Partner und Kunden kontinuierlich zu erweitern. Durch den Austausch von Erfahrungen und Erkenntnissen streben wir danach, gemeinsam das Wohl von Patienten weltweit zu verbessern. Entdecken Sie hier eine Vielfalt an Bildungsinitiativen, die [&hellip;]\" \/>\n<meta property=\"og:url\" content=\"https:\/\/test.neoss.com\/de\/veranstaltungen\/\" \/>\n<meta property=\"og:site_name\" content=\"Deutschland\" \/>\n<meta property=\"article:publisher\" content=\"https:\/\/www.facebook.com\/NeossGroup\" \/>\n<meta property=\"article:modified_time\" content=\"2025-08-04T11:21:20+00:00\" \/>\n<meta property=\"og:image\" content=\"https:\/\/neoss-web.azureedge.net\/sites\/12\/2025\/06\/Website_Halfpage-Pic_1000x600-684bc4348a4cc.png\" \/>\n\t<meta property=\"og:image:width\" content=\"1000\" \/>\n\t<meta property=\"og:image:height\" content=\"600\" \/>\n\t<meta property=\"og:image:type\" content=\"image\/png\" \/>\n<meta name=\"twitter:card\" content=\"summary_large_image\" \/>\n<meta name=\"twitter:label1\" content=\"Est. reading time\" \/>\n\t<meta name=\"twitter:data1\" content=\"10 minutes\" \/>\n<script type=\"application\/ld+json\" class=\"yoast-schema-graph\">{\"@context\":\"https:\/\/schema.org\",\"@graph\":[{\"@type\":\"WebPage\",\"@id\":\"https:\/\/test.neoss.com\/de\/veranstaltungen\/\",\"url\":\"https:\/\/test.neoss.com\/de\/veranstaltungen\/\",\"name\":\"Neoss Academy\",\"isPartOf\":{\"@id\":\"https:\/\/test.neoss.com\/de\/#website\"},\"primaryImageOfPage\":{\"@id\":\"https:\/\/test.neoss.com\/de\/veranstaltungen\/#primaryimage\"},\"image\":{\"@id\":\"https:\/\/test.neoss.com\/de\/veranstaltungen\/#primaryimage\"},\"thumbnailUrl\":\"https:\/\/neoss-web.azureedge.net\/sites\/12\/2025\/06\/Website_Halfpage-Pic_1000x600-684bc4348a4cc.png\",\"datePublished\":\"2025-01-21T06:02:07+00:00\",\"dateModified\":\"2025-08-04T11:21:20+00:00\",\"breadcrumb\":{\"@id\":\"https:\/\/test.neoss.com\/de\/veranstaltungen\/#breadcrumb\"},\"inLanguage\":\"de-DE\",\"potentialAction\":[{\"@type\":\"ReadAction\",\"target\":[\"https:\/\/test.neoss.com\/de\/veranstaltungen\/\"]}]},{\"@type\":\"ImageObject\",\"inLanguage\":\"de-DE\",\"@id\":\"https:\/\/test.neoss.com\/de\/veranstaltungen\/#primaryimage\",\"url\":\"https:\/\/neoss-web.azureedge.net\/sites\/12\/2025\/06\/Website_Halfpage-Pic_1000x600-684bc4348a4cc.png\",\"contentUrl\":\"https:\/\/neoss-web.azureedge.net\/sites\/12\/2025\/06\/Website_Halfpage-Pic_1000x600-684bc4348a4cc.png\"},{\"@type\":\"BreadcrumbList\",\"@id\":\"https:\/\/test.neoss.com\/de\/veranstaltungen\/#breadcrumb\",\"itemListElement\":[{\"@type\":\"ListItem\",\"position\":1,\"name\":\"Home\",\"item\":\"https:\/\/test.neoss.com\/de\/\"},{\"@type\":\"ListItem\",\"position\":2,\"name\":\"Veranstaltungen\"}]},{\"@type\":\"WebSite\",\"@id\":\"https:\/\/test.neoss.com\/de\/#website\",\"url\":\"https:\/\/test.neoss.com\/de\/\",\"name\":\"Neoss - Intelligent Simplicity\",\"description\":\"\",\"publisher\":{\"@id\":\"https:\/\/test.neoss.com\/de\/#organization\"},\"potentialAction\":[{\"@type\":\"SearchAction\",\"target\":{\"@type\":\"EntryPoint\",\"urlTemplate\":\"https:\/\/test.neoss.com\/de\/?s={search_term_string}\"},\"query-input\":{\"@type\":\"PropertyValueSpecification\",\"valueRequired\":true,\"valueName\":\"search_term_string\"}}],\"inLanguage\":\"de-DE\"},{\"@type\":\"Organization\",\"@id\":\"https:\/\/test.neoss.com\/de\/#organization\",\"name\":\"neoss\",\"url\":\"https:\/\/test.neoss.com\/de\/\",\"logo\":{\"@type\":\"ImageObject\",\"inLanguage\":\"de-DE\",\"@id\":\"https:\/\/test.neoss.com\/de\/#\/schema\/logo\/image\/\",\"url\":\"https:\/\/neoss-web.azureedge.net\/logo\/neoss-logo1-1.svg\",\"contentUrl\":\"https:\/\/neoss-web.azureedge.net\/logo\/neoss-logo1-1.svg\",\"width\":96,\"height\":31,\"caption\":\"neoss\"},\"image\":{\"@id\":\"https:\/\/test.neoss.com\/de\/#\/schema\/logo\/image\/\"},\"sameAs\":[\"https:\/\/www.facebook.com\/NeossGroup\"]}]}<\/script>\n<!-- \/ Yoast SEO Premium plugin. -->","yoast_head_json":{"title":"Neoss Academy","robots":{"index":"index","follow":"follow","max-snippet":"max-snippet:-1","max-image-preview":"max-image-preview:large","max-video-preview":"max-video-preview:-1"},"canonical":"https:\/\/test.neoss.com\/de\/veranstaltungen\/","og_locale":"de_DE","og_type":"article","og_title":"Veranstaltungen","og_description":"Leidenschaft f\u00fcr kontinuierliche Weiterbildung Gemeinsam werden wir die Lebensqualit\u00e4t der Patienten verbessern. Bei Neoss setzen wir uns leidenschaftlich daf\u00fcr ein, das Wissen unserer Partner und Kunden kontinuierlich zu erweitern. Durch den Austausch von Erfahrungen und Erkenntnissen streben wir danach, gemeinsam das Wohl von Patienten weltweit zu verbessern. Entdecken Sie hier eine Vielfalt an Bildungsinitiativen, die [&hellip;]","og_url":"https:\/\/test.neoss.com\/de\/veranstaltungen\/","og_site_name":"Deutschland","article_publisher":"https:\/\/www.facebook.com\/NeossGroup","article_modified_time":"2025-08-04T11:21:20+00:00","og_image":[{"width":1000,"height":600,"url":"https:\/\/neoss-web.azureedge.net\/sites\/12\/2025\/06\/Website_Halfpage-Pic_1000x600-684bc4348a4cc.png","type":"image\/png"}],"twitter_card":"summary_large_image","twitter_misc":{"Est. reading time":"10 minutes"},"schema":{"@context":"https:\/\/schema.org","@graph":[{"@type":"WebPage","@id":"https:\/\/test.neoss.com\/de\/veranstaltungen\/","url":"https:\/\/test.neoss.com\/de\/veranstaltungen\/","name":"Neoss Academy","isPartOf":{"@id":"https:\/\/test.neoss.com\/de\/#website"},"primaryImageOfPage":{"@id":"https:\/\/test.neoss.com\/de\/veranstaltungen\/#primaryimage"},"image":{"@id":"https:\/\/test.neoss.com\/de\/veranstaltungen\/#primaryimage"},"thumbnailUrl":"https:\/\/neoss-web.azureedge.net\/sites\/12\/2025\/06\/Website_Halfpage-Pic_1000x600-684bc4348a4cc.png","datePublished":"2025-01-21T06:02:07+00:00","dateModified":"2025-08-04T11:21:20+00:00","breadcrumb":{"@id":"https:\/\/test.neoss.com\/de\/veranstaltungen\/#breadcrumb"},"inLanguage":"de-DE","potentialAction":[{"@type":"ReadAction","target":["https:\/\/test.neoss.com\/de\/veranstaltungen\/"]}]},{"@type":"ImageObject","inLanguage":"de-DE","@id":"https:\/\/test.neoss.com\/de\/veranstaltungen\/#primaryimage","url":"https:\/\/neoss-web.azureedge.net\/sites\/12\/2025\/06\/Website_Halfpage-Pic_1000x600-684bc4348a4cc.png","contentUrl":"https:\/\/neoss-web.azureedge.net\/sites\/12\/2025\/06\/Website_Halfpage-Pic_1000x600-684bc4348a4cc.png"},{"@type":"BreadcrumbList","@id":"https:\/\/test.neoss.com\/de\/veranstaltungen\/#breadcrumb","itemListElement":[{"@type":"ListItem","position":1,"name":"Home","item":"https:\/\/test.neoss.com\/de\/"},{"@type":"ListItem","position":2,"name":"Veranstaltungen"}]},{"@type":"WebSite","@id":"https:\/\/test.neoss.com\/de\/#website","url":"https:\/\/test.neoss.com\/de\/","name":"Neoss - Intelligent Simplicity","description":"","publisher":{"@id":"https:\/\/test.neoss.com\/de\/#organization"},"potentialAction":[{"@type":"SearchAction","target":{"@type":"EntryPoint","urlTemplate":"https:\/\/test.neoss.com\/de\/?s={search_term_string}"},"query-input":{"@type":"PropertyValueSpecification","valueRequired":true,"valueName":"search_term_string"}}],"inLanguage":"de-DE"},{"@type":"Organization","@id":"https:\/\/test.neoss.com\/de\/#organization","name":"neoss","url":"https:\/\/test.neoss.com\/de\/","logo":{"@type":"ImageObject","inLanguage":"de-DE","@id":"https:\/\/test.neoss.com\/de\/#\/schema\/logo\/image\/","url":"https:\/\/neoss-web.azureedge.net\/logo\/neoss-logo1-1.svg","contentUrl":"https:\/\/neoss-web.azureedge.net\/logo\/neoss-logo1-1.svg","width":96,"height":31,"caption":"neoss"},"image":{"@id":"https:\/\/test.neoss.com\/de\/#\/schema\/logo\/image\/"},"sameAs":["https:\/\/www.facebook.com\/NeossGroup"]}]}},"_links":{"self":[{"href":"https:\/\/test.neoss.com\/de\/wp-json\/wp\/v2\/pages\/2237","targetHints":{"allow":["GET"]}}],"collection":[{"href":"https:\/\/test.neoss.com\/de\/wp-json\/wp\/v2\/pages"}],"about":[{"href":"https:\/\/test.neoss.com\/de\/wp-json\/wp\/v2\/types\/page"}],"author":[{"embeddable":true,"href":"https:\/\/test.neoss.com\/de\/wp-json\/wp\/v2\/users\/3"}],"replies":[{"embeddable":true,"href":"https:\/\/test.neoss.com\/de\/wp-json\/wp\/v2\/comments?post=2237"}],"version-history":[{"count":8,"href":"https:\/\/test.neoss.com\/de\/wp-json\/wp\/v2\/pages\/2237\/revisions"}],"predecessor-version":[{"id":9279,"href":"https:\/\/test.neoss.com\/de\/wp-json\/wp\/v2\/pages\/2237\/revisions\/9279"}],"wp:attachment":[{"href":"https:\/\/test.neoss.com\/de\/wp-json\/wp\/v2\/media?parent=2237"}],"wp:term":[{"taxonomy":"category","embeddable":true,"href":"https:\/\/test.neoss.com\/de\/wp-json\/wp\/v2\/categories?post=2237"},{"taxonomy":"post_tag","embeddable":true,"href":"https:\/\/test.neoss.com\/de\/wp-json\/wp\/v2\/tags?post=2237"},{"taxonomy":"page_type","embeddable":true,"href":"https:\/\/test.neoss.com\/de\/wp-json\/wp\/v2\/page_type?post=2237"}],"curies":[{"name":"wp","href":"https:\/\/api.w.org\/{rel}","templated":true}]}}