{"id":7726,"date":"2025-04-23T18:34:40","date_gmt":"2025-04-23T10:34:40","guid":{"rendered":"https:\/\/test.neoss.com\/de\/?page_id=7726"},"modified":"2025-06-10T14:54:51","modified_gmt":"2025-06-10T06:54:51","slug":"impressum","status":"publish","type":"page","link":"https:\/\/test.neoss.com\/de\/impressum\/","title":{"rendered":"Impressum"},"content":{"rendered":"\t\t<div data-elementor-type=\"wp-page\" data-elementor-id=\"7726\" class=\"elementor elementor-7726\" data-elementor-post-type=\"page\">\n\t\t\t\t<div class=\"elementor-element elementor-element-5f68940 e-con-full e-flex e-con e-parent\" data-id=\"5f68940\" data-element_type=\"container\">\n\t\t<div class=\"elementor-element elementor-element-823f24d e-flex e-con-boxed e-con e-child\" data-id=\"823f24d\" data-element_type=\"container\">\n\t\t\t\t\t<div class=\"e-con-inner\">\n\t\t\t\t<div class=\"elementor-element elementor-element-2747d5f elementor-widget elementor-widget-heading\" data-id=\"2747d5f\" data-element_type=\"widget\" data-widget_type=\"heading.default\">\n\t\t\t\t<div class=\"elementor-widget-container\">\n\t\t\t<style>\/*! elementor - v3.23.0 - 05-08-2024 *\/\n.elementor-heading-title{padding:0;margin:0;line-height:1}.elementor-widget-heading .elementor-heading-title[class*=elementor-size-]>a{color:inherit;font-size:inherit;line-height:inherit}.elementor-widget-heading .elementor-heading-title.elementor-size-small{font-size:15px}.elementor-widget-heading .elementor-heading-title.elementor-size-medium{font-size:19px}.elementor-widget-heading .elementor-heading-title.elementor-size-large{font-size:29px}.elementor-widget-heading .elementor-heading-title.elementor-size-xl{font-size:39px}.elementor-widget-heading .elementor-heading-title.elementor-size-xxl{font-size:59px}<\/style><span class=\"elementor-heading-title elementor-size-default\">Neoss\u00ae\n<\/span>\t\t<\/div>\n\t\t\t\t<\/div>\n\t\t\t\t<div class=\"elementor-element elementor-element-725ebfa elementor-widget elementor-widget-heading\" data-id=\"725ebfa\" data-element_type=\"widget\" data-widget_type=\"heading.default\">\n\t\t\t\t<div class=\"elementor-widget-container\">\n\t\t\t<h1 class=\"elementor-heading-title elementor-size-default\">Impressum\n<\/h1>\t\t<\/div>\n\t\t\t\t<\/div>\n\t\t\t\t\t<\/div>\n\t\t\t\t<\/div>\n\t\t<div class=\"elementor-element elementor-element-27c39cb e-con-full e-flex e-con e-child\" data-id=\"27c39cb\" data-element_type=\"container\">\n\t\t\t\t<div class=\"elementor-element elementor-element-98ea311 elementor-widget elementor-widget-image\" data-id=\"98ea311\" data-element_type=\"widget\" data-widget_type=\"image.default\">\n\t\t\t\t<div class=\"elementor-widget-container\">\n\t\t\t<style>\/*! elementor - v3.23.0 - 05-08-2024 *\/\n.elementor-widget-image{text-align:center}.elementor-widget-image a{display:inline-block}.elementor-widget-image a img[src$=\".svg\"]{width:48px}.elementor-widget-image img{vertical-align:middle;display:inline-block}<\/style>\t\t\t\t\t\t\t\t\t\t<img decoding=\"async\" src=\"https:\/\/neoss-web.azureedge.net\/global\/Events\/EAO-DGI%20Berlin%202023%20Cover%20Image.jpg\" title=\"\" alt=\"\" loading=\"lazy\" \/>\t\t\t\t\t\t\t\t\t\t\t\t\t<\/div>\n\t\t\t\t<\/div>\n\t\t\t\t<\/div>\n\t\t\t\t<\/div>\n\t\t<div class=\"elementor-element elementor-element-a001b56 e-flex e-con-boxed e-con e-parent\" data-id=\"a001b56\" data-element_type=\"container\">\n\t\t\t\t\t<div class=\"e-con-inner\">\n\t\t\t\t<div class=\"elementor-element elementor-element-43a186a mtext elementor-widget elementor-widget-text-editor\" data-id=\"43a186a\" data-element_type=\"widget\" data-widget_type=\"text-editor.default\">\n\t\t\t\t<div class=\"elementor-widget-container\">\n\t\t\t<style>\/*! elementor - v3.23.0 - 05-08-2024 *\/\n.elementor-widget-text-editor.elementor-drop-cap-view-stacked .elementor-drop-cap{background-color:#69727d;color:#fff}.elementor-widget-text-editor.elementor-drop-cap-view-framed .elementor-drop-cap{color:#69727d;border:3px solid;background-color:transparent}.elementor-widget-text-editor:not(.elementor-drop-cap-view-default) .elementor-drop-cap{margin-top:8px}.elementor-widget-text-editor:not(.elementor-drop-cap-view-default) .elementor-drop-cap-letter{width:1em;height:1em}.elementor-widget-text-editor .elementor-drop-cap{float:left;text-align:center;line-height:1;font-size:50px}.elementor-widget-text-editor .elementor-drop-cap-letter{display:inline-block}<\/style><div class=\"aa-text__body checkmark-list\">\t\t\t\t<div class=\"aa-text__body checkmark-list\"><h4>Angaben gem\u00e4\u00df \u00a7 5 TMG<\/h4><p>Neoss GmbH<br \/>Im Mediapark 5b<br \/>D-50670 K\u00f6ln<br \/>Vertreten durch die\u00a0Gesch\u00e4ftsf\u00fchrer: Sandra von Schmudde, Nicholas Bousfield, Maria Patricia Cervera Zarraga<\/p><h4>Kontakt<\/h4><p>Tel: +49 221 96980 10<br \/>Fax: +49 221 96980 199<br \/>Email: <a href=\"mailto:info@neoss.de\">info@neoss.de<\/a><\/p><h4>Registereintrag<\/h4><p>Sitz der Gesellschaft: K\u00f6ln<br \/>Registernummer: HRB 52642<\/p><h4>Umsatzsteuer-ID<\/h4><p>Umsatzsteuer-Identifikationsnummer gem\u00e4\u00df \u00a727 a<br \/>Umsatzsteuergesetz: DE 813878121<\/p><\/div>\t\t\t\t<\/div>\t\t<\/div>\n\t\t\t\t<\/div>\n\t\t\t\t\t<\/div>\n\t\t\t\t<\/div>\n\t\t<div class=\"elementor-element elementor-element-74b5993 e-flex e-con-boxed e-con e-parent\" data-id=\"74b5993\" data-element_type=\"container\" data-settings=\"{&quot;background_background&quot;:&quot;gradient&quot;}\">\n\t\t\t\t\t<div class=\"e-con-inner\">\n\t\t\t\t<div class=\"elementor-element elementor-element-ec92bb7 elementor-widget__width-initial elementor-widget elementor-widget-heading\" data-id=\"ec92bb7\" data-element_type=\"widget\" data-widget_type=\"heading.default\">\n\t\t\t\t<div class=\"elementor-widget-container\">\n\t\t\t<h4 class=\"elementor-heading-title elementor-size-default\">Erhalten Sie die neuesten Nachrichten von Neoss zu Live-Webinaren, neuen Produkten und vielem mehr!<\/h4>\t\t<\/div>\n\t\t\t\t<\/div>\n\t\t\t\t<div class=\"elementor-element elementor-element-0148cd6 white-button gray-btn elementor-widget elementor-widget-button\" data-id=\"0148cd6\" data-element_type=\"widget\" data-widget_type=\"button.default\">\n\t\t\t\t<div class=\"elementor-widget-container\">\n\t\t\t\t\t<div class=\"elementor-button-wrapper\">\n\t\t\t<a class=\"elementor-button elementor-button-link elementor-size-sm\" href=\"https:\/\/info.neoss.com\/de\/bleiben-sie-auf-dem-aktuellen-stand\">\n\t\t\t\t\t\t<span class=\"elementor-button-content-wrapper\">\n\t\t\t\t\t\t\t\t\t<span class=\"elementor-button-text\">Abonnieren<\/span>\n\t\t\t\t\t<\/span>\n\t\t\t\t\t<\/a>\n\t\t<\/div>\n\t\t\t\t<\/div>\n\t\t\t\t<\/div>\n\t\t\t\t\t<\/div>\n\t\t\t\t<\/div>\n\t\t\t\t<\/div>\n\t\t","protected":false},"excerpt":{"rendered":"<p>Neoss\u00ae Impressum Angaben gem\u00e4\u00df \u00a7 5 TMG Neoss GmbHIm Mediapark 5bD-50670 K\u00f6lnVertreten durch die\u00a0Gesch\u00e4ftsf\u00fchrer: Sandra von Schmudde, Nicholas Bousfield, Maria Patricia Cervera Zarraga Kontakt Tel: +49 221 96980 10Fax: +49 221 96980 199Email: info@neoss.de Registereintrag Sitz der Gesellschaft: K\u00f6lnRegisternummer: HRB 52642 Umsatzsteuer-ID Umsatzsteuer-Identifikationsnummer gem\u00e4\u00df \u00a727 aUmsatzsteuergesetz: DE 813878121 Erhalten Sie die neuesten Nachrichten von Neoss [&hellip;]<\/p>\n","protected":false},"author":4,"featured_media":0,"parent":0,"menu_order":0,"comment_status":"closed","ping_status":"closed","template":"","meta":{"_acf_changed":false,"content-type":"","_relevanssi_hide_post":"","_relevanssi_hide_content":"","_relevanssi_pin_for_all":"","_relevanssi_pin_keywords":"","_relevanssi_unpin_keywords":"","_relevanssi_related_keywords":"","_relevanssi_related_include_ids":"","_relevanssi_related_exclude_ids":"","_relevanssi_related_no_append":"","_relevanssi_related_not_related":"","_relevanssi_related_posts":"","_relevanssi_noindex_reason":"","footnotes":""},"categories":[41],"tags":[],"page_type":[18],"class_list":["post-7726","page","type-page","status-publish","hentry","category-normal","page_type-page"],"acf":[],"yoast_head":"<!-- This site is optimized with the Yoast SEO Premium plugin v24.8 (Yoast SEO v24.8.1) - https:\/\/yoast.com\/wordpress\/plugins\/seo\/ -->\n<title>AGBs f\u00fcr Fortbildungsveranstaltungen der Neoss GmbH<\/title>\n<meta name=\"robots\" content=\"index, follow, max-snippet:-1, max-image-preview:large, max-video-preview:-1\" \/>\n<link rel=\"canonical\" href=\"https:\/\/test.neoss.com\/de\/impressum\/\" \/>\n<meta property=\"og:locale\" content=\"de_DE\" \/>\n<meta property=\"og:type\" content=\"article\" \/>\n<meta property=\"og:title\" content=\"Impressum\" \/>\n<meta property=\"og:description\" content=\"Neoss\u00ae Impressum Angaben gem\u00e4\u00df \u00a7 5 TMG Neoss GmbHIm Mediapark 5bD-50670 K\u00f6lnVertreten durch die\u00a0Gesch\u00e4ftsf\u00fchrer: Sandra von Schmudde, Nicholas Bousfield, Maria Patricia Cervera Zarraga Kontakt Tel: +49 221 96980 10Fax: +49 221 96980 199Email: info@neoss.de Registereintrag Sitz der Gesellschaft: K\u00f6lnRegisternummer: HRB 52642 Umsatzsteuer-ID Umsatzsteuer-Identifikationsnummer gem\u00e4\u00df \u00a727 aUmsatzsteuergesetz: DE 813878121 Erhalten Sie die neuesten Nachrichten von Neoss [&hellip;]\" \/>\n<meta property=\"og:url\" content=\"https:\/\/test.neoss.com\/de\/impressum\/\" \/>\n<meta property=\"og:site_name\" content=\"Deutschland\" \/>\n<meta property=\"article:publisher\" content=\"https:\/\/www.facebook.com\/NeossGroup\" \/>\n<meta property=\"article:modified_time\" content=\"2025-06-10T06:54:51+00:00\" \/>\n<meta property=\"og:image\" content=\"https:\/\/neoss-web.azureedge.net\/global\/Events\/EAO-DGI%20Berlin%202023%20Cover%20Image.jpg\" \/>\n<meta name=\"twitter:card\" content=\"summary_large_image\" \/>\n<meta name=\"twitter:label1\" content=\"Est. reading time\" \/>\n\t<meta name=\"twitter:data1\" content=\"1 minute\" \/>\n<script type=\"application\/ld+json\" class=\"yoast-schema-graph\">{\"@context\":\"https:\/\/schema.org\",\"@graph\":[{\"@type\":\"WebPage\",\"@id\":\"https:\/\/test.neoss.com\/de\/impressum\/\",\"url\":\"https:\/\/test.neoss.com\/de\/impressum\/\",\"name\":\"AGBs f\u00fcr Fortbildungsveranstaltungen der Neoss GmbH\",\"isPartOf\":{\"@id\":\"https:\/\/test.neoss.com\/de\/#website\"},\"primaryImageOfPage\":{\"@id\":\"https:\/\/test.neoss.com\/de\/impressum\/#primaryimage\"},\"image\":{\"@id\":\"https:\/\/test.neoss.com\/de\/impressum\/#primaryimage\"},\"thumbnailUrl\":\"https:\/\/neoss-web.azureedge.net\/global\/Events\/EAO-DGI%20Berlin%202023%20Cover%20Image.jpg\",\"datePublished\":\"2025-04-23T10:34:40+00:00\",\"dateModified\":\"2025-06-10T06:54:51+00:00\",\"breadcrumb\":{\"@id\":\"https:\/\/test.neoss.com\/de\/impressum\/#breadcrumb\"},\"inLanguage\":\"de-DE\",\"potentialAction\":[{\"@type\":\"ReadAction\",\"target\":[\"https:\/\/test.neoss.com\/de\/impressum\/\"]}]},{\"@type\":\"ImageObject\",\"inLanguage\":\"de-DE\",\"@id\":\"https:\/\/test.neoss.com\/de\/impressum\/#primaryimage\",\"url\":\"https:\/\/neoss-web.azureedge.net\/global\/Events\/EAO-DGI%20Berlin%202023%20Cover%20Image.jpg\",\"contentUrl\":\"https:\/\/neoss-web.azureedge.net\/global\/Events\/EAO-DGI%20Berlin%202023%20Cover%20Image.jpg\"},{\"@type\":\"BreadcrumbList\",\"@id\":\"https:\/\/test.neoss.com\/de\/impressum\/#breadcrumb\",\"itemListElement\":[{\"@type\":\"ListItem\",\"position\":1,\"name\":\"Home\",\"item\":\"https:\/\/test.neoss.com\/de\/\"},{\"@type\":\"ListItem\",\"position\":2,\"name\":\"Impressum\"}]},{\"@type\":\"WebSite\",\"@id\":\"https:\/\/test.neoss.com\/de\/#website\",\"url\":\"https:\/\/test.neoss.com\/de\/\",\"name\":\"Neoss - Intelligent Simplicity\",\"description\":\"\",\"publisher\":{\"@id\":\"https:\/\/test.neoss.com\/de\/#organization\"},\"potentialAction\":[{\"@type\":\"SearchAction\",\"target\":{\"@type\":\"EntryPoint\",\"urlTemplate\":\"https:\/\/test.neoss.com\/de\/?s={search_term_string}\"},\"query-input\":{\"@type\":\"PropertyValueSpecification\",\"valueRequired\":true,\"valueName\":\"search_term_string\"}}],\"inLanguage\":\"de-DE\"},{\"@type\":\"Organization\",\"@id\":\"https:\/\/test.neoss.com\/de\/#organization\",\"name\":\"neoss\",\"url\":\"https:\/\/test.neoss.com\/de\/\",\"logo\":{\"@type\":\"ImageObject\",\"inLanguage\":\"de-DE\",\"@id\":\"https:\/\/test.neoss.com\/de\/#\/schema\/logo\/image\/\",\"url\":\"https:\/\/neoss-web.azureedge.net\/logo\/neoss-logo1-1.svg\",\"contentUrl\":\"https:\/\/neoss-web.azureedge.net\/logo\/neoss-logo1-1.svg\",\"width\":96,\"height\":31,\"caption\":\"neoss\"},\"image\":{\"@id\":\"https:\/\/test.neoss.com\/de\/#\/schema\/logo\/image\/\"},\"sameAs\":[\"https:\/\/www.facebook.com\/NeossGroup\"]}]}<\/script>\n<!-- \/ Yoast SEO Premium plugin. -->","yoast_head_json":{"title":"AGBs f\u00fcr Fortbildungsveranstaltungen der Neoss GmbH","robots":{"index":"index","follow":"follow","max-snippet":"max-snippet:-1","max-image-preview":"max-image-preview:large","max-video-preview":"max-video-preview:-1"},"canonical":"https:\/\/test.neoss.com\/de\/impressum\/","og_locale":"de_DE","og_type":"article","og_title":"Impressum","og_description":"Neoss\u00ae Impressum Angaben gem\u00e4\u00df \u00a7 5 TMG Neoss GmbHIm Mediapark 5bD-50670 K\u00f6lnVertreten durch die\u00a0Gesch\u00e4ftsf\u00fchrer: Sandra von Schmudde, Nicholas Bousfield, Maria Patricia Cervera Zarraga Kontakt Tel: +49 221 96980 10Fax: +49 221 96980 199Email: info@neoss.de Registereintrag Sitz der Gesellschaft: K\u00f6lnRegisternummer: HRB 52642 Umsatzsteuer-ID Umsatzsteuer-Identifikationsnummer gem\u00e4\u00df \u00a727 aUmsatzsteuergesetz: DE 813878121 Erhalten Sie die neuesten Nachrichten von Neoss [&hellip;]","og_url":"https:\/\/test.neoss.com\/de\/impressum\/","og_site_name":"Deutschland","article_publisher":"https:\/\/www.facebook.com\/NeossGroup","article_modified_time":"2025-06-10T06:54:51+00:00","og_image":[{"url":"https:\/\/neoss-web.azureedge.net\/global\/Events\/EAO-DGI%20Berlin%202023%20Cover%20Image.jpg","type":"","width":"","height":""}],"twitter_card":"summary_large_image","twitter_misc":{"Est. reading time":"1 minute"},"schema":{"@context":"https:\/\/schema.org","@graph":[{"@type":"WebPage","@id":"https:\/\/test.neoss.com\/de\/impressum\/","url":"https:\/\/test.neoss.com\/de\/impressum\/","name":"AGBs f\u00fcr Fortbildungsveranstaltungen der Neoss GmbH","isPartOf":{"@id":"https:\/\/test.neoss.com\/de\/#website"},"primaryImageOfPage":{"@id":"https:\/\/test.neoss.com\/de\/impressum\/#primaryimage"},"image":{"@id":"https:\/\/test.neoss.com\/de\/impressum\/#primaryimage"},"thumbnailUrl":"https:\/\/neoss-web.azureedge.net\/global\/Events\/EAO-DGI%20Berlin%202023%20Cover%20Image.jpg","datePublished":"2025-04-23T10:34:40+00:00","dateModified":"2025-06-10T06:54:51+00:00","breadcrumb":{"@id":"https:\/\/test.neoss.com\/de\/impressum\/#breadcrumb"},"inLanguage":"de-DE","potentialAction":[{"@type":"ReadAction","target":["https:\/\/test.neoss.com\/de\/impressum\/"]}]},{"@type":"ImageObject","inLanguage":"de-DE","@id":"https:\/\/test.neoss.com\/de\/impressum\/#primaryimage","url":"https:\/\/neoss-web.azureedge.net\/global\/Events\/EAO-DGI%20Berlin%202023%20Cover%20Image.jpg","contentUrl":"https:\/\/neoss-web.azureedge.net\/global\/Events\/EAO-DGI%20Berlin%202023%20Cover%20Image.jpg"},{"@type":"BreadcrumbList","@id":"https:\/\/test.neoss.com\/de\/impressum\/#breadcrumb","itemListElement":[{"@type":"ListItem","position":1,"name":"Home","item":"https:\/\/test.neoss.com\/de\/"},{"@type":"ListItem","position":2,"name":"Impressum"}]},{"@type":"WebSite","@id":"https:\/\/test.neoss.com\/de\/#website","url":"https:\/\/test.neoss.com\/de\/","name":"Neoss - Intelligent Simplicity","description":"","publisher":{"@id":"https:\/\/test.neoss.com\/de\/#organization"},"potentialAction":[{"@type":"SearchAction","target":{"@type":"EntryPoint","urlTemplate":"https:\/\/test.neoss.com\/de\/?s={search_term_string}"},"query-input":{"@type":"PropertyValueSpecification","valueRequired":true,"valueName":"search_term_string"}}],"inLanguage":"de-DE"},{"@type":"Organization","@id":"https:\/\/test.neoss.com\/de\/#organization","name":"neoss","url":"https:\/\/test.neoss.com\/de\/","logo":{"@type":"ImageObject","inLanguage":"de-DE","@id":"https:\/\/test.neoss.com\/de\/#\/schema\/logo\/image\/","url":"https:\/\/neoss-web.azureedge.net\/logo\/neoss-logo1-1.svg","contentUrl":"https:\/\/neoss-web.azureedge.net\/logo\/neoss-logo1-1.svg","width":96,"height":31,"caption":"neoss"},"image":{"@id":"https:\/\/test.neoss.com\/de\/#\/schema\/logo\/image\/"},"sameAs":["https:\/\/www.facebook.com\/NeossGroup"]}]}},"_links":{"self":[{"href":"https:\/\/test.neoss.com\/de\/wp-json\/wp\/v2\/pages\/7726","targetHints":{"allow":["GET"]}}],"collection":[{"href":"https:\/\/test.neoss.com\/de\/wp-json\/wp\/v2\/pages"}],"about":[{"href":"https:\/\/test.neoss.com\/de\/wp-json\/wp\/v2\/types\/page"}],"author":[{"embeddable":true,"href":"https:\/\/test.neoss.com\/de\/wp-json\/wp\/v2\/users\/4"}],"replies":[{"embeddable":true,"href":"https:\/\/test.neoss.com\/de\/wp-json\/wp\/v2\/comments?post=7726"}],"version-history":[{"count":8,"href":"https:\/\/test.neoss.com\/de\/wp-json\/wp\/v2\/pages\/7726\/revisions"}],"predecessor-version":[{"id":8188,"href":"https:\/\/test.neoss.com\/de\/wp-json\/wp\/v2\/pages\/7726\/revisions\/8188"}],"wp:attachment":[{"href":"https:\/\/test.neoss.com\/de\/wp-json\/wp\/v2\/media?parent=7726"}],"wp:term":[{"taxonomy":"category","embeddable":true,"href":"https:\/\/test.neoss.com\/de\/wp-json\/wp\/v2\/categories?post=7726"},{"taxonomy":"post_tag","embeddable":true,"href":"https:\/\/test.neoss.com\/de\/wp-json\/wp\/v2\/tags?post=7726"},{"taxonomy":"page_type","embeddable":true,"href":"https:\/\/test.neoss.com\/de\/wp-json\/wp\/v2\/page_type?post=7726"}],"curies":[{"name":"wp","href":"https:\/\/api.w.org\/{rel}","templated":true}]}}