{"id":1613,"date":"2025-01-19T20:53:34","date_gmt":"2025-01-19T12:53:34","guid":{"rendered":"https:\/\/test.neoss.com\/sv\/?page_id=1613"},"modified":"2025-06-11T14:35:00","modified_gmt":"2025-06-11T06:35:00","slug":"biomaterial-produktoversikt-icke-resorberbara-membran","status":"publish","type":"page","link":"https:\/\/test.neoss.com\/sv\/biomaterial-produktoversikt-icke-resorberbara-membran\/","title":{"rendered":"Biomaterial &#8211; Produkt\u00f6versikt &#8211; Icke-resorberbara Membran"},"content":{"rendered":"\t\t<div data-elementor-type=\"wp-page\" data-elementor-id=\"1613\" class=\"elementor elementor-1613\" data-elementor-post-type=\"page\">\n\t\t\t\t<div class=\"elementor-element elementor-element-6f45d08 p-bread e-flex e-con-boxed e-con e-parent\" data-id=\"6f45d08\" data-element_type=\"container\">\n\t\t\t\t\t<div class=\"e-con-inner\">\n\t\t\t\t<div class=\"elementor-element elementor-element-d7222e6 elementor-icon-list--layout-inline bread elementor-list-item-link-full_width elementor-widget elementor-widget-icon-list\" data-id=\"d7222e6\" data-element_type=\"widget\" data-widget_type=\"icon-list.default\">\n\t\t\t\t<div class=\"elementor-widget-container\">\n\t\t\t<link rel=\"stylesheet\" href=\"https:\/\/test.neoss.com\/sv\/wp-content\/uploads\/sites\/8\/elementor\/css\/custom-widget-icon-list.min.css?ver=1753261257\">\t\t<ul class=\"elementor-icon-list-items elementor-inline-items\">\n\t\t\t\t\t\t\t<li class=\"elementor-icon-list-item elementor-inline-item\">\n\t\t\t\t\t\t\t\t\t\t\t<a href=\"\/\">\n\n\t\t\t\t\t\t\t\t\t\t\t<span class=\"elementor-icon-list-text\">Home<\/span>\n\t\t\t\t\t\t\t\t\t\t\t<\/a>\n\t\t\t\t\t\t\t\t\t<\/li>\n\t\t\t\t\t\t\t\t<li class=\"elementor-icon-list-item elementor-inline-item\">\n\t\t\t\t\t\t\t\t\t\t\t<a href=\"https:\/\/test.neoss.com\/sv\/biomaterial-produktoversikt-icke-resorberbara-membran\/\">\n\n\t\t\t\t\t\t\t\t\t\t\t<span class=\"elementor-icon-list-text\">Icke-resorberbara Membran<\/span>\n\t\t\t\t\t\t\t\t\t\t\t<\/a>\n\t\t\t\t\t\t\t\t\t<\/li>\n\t\t\t\t\t\t\t\t<li class=\"elementor-icon-list-item elementor-inline-item\">\n\t\t\t\t\t\t\t\t\t\t<span class=\"elementor-icon-list-text\">K\u00f6p<\/span>\n\t\t\t\t\t\t\t\t\t<\/li>\n\t\t\t\t\t\t<\/ul>\n\t\t\t\t<\/div>\n\t\t\t\t<\/div>\n\t\t\t\t\t<\/div>\n\t\t\t\t<\/div>\n\t\t<div class=\"elementor-element elementor-element-7eb4f44 e-flex e-con-boxed e-con e-parent\" data-id=\"7eb4f44\" data-element_type=\"container\">\n\t\t\t\t\t<div class=\"e-con-inner\">\n\t\t\t\t<div class=\"elementor-element elementor-element-7367f2f elementor-widget elementor-widget-heading\" data-id=\"7367f2f\" data-element_type=\"widget\" data-widget_type=\"heading.default\">\n\t\t\t\t<div class=\"elementor-widget-container\">\n\t\t\t<style>\/*! elementor - v3.23.0 - 05-08-2024 *\/\n.elementor-heading-title{padding:0;margin:0;line-height:1}.elementor-widget-heading .elementor-heading-title[class*=elementor-size-]>a{color:inherit;font-size:inherit;line-height:inherit}.elementor-widget-heading .elementor-heading-title.elementor-size-small{font-size:15px}.elementor-widget-heading .elementor-heading-title.elementor-size-medium{font-size:19px}.elementor-widget-heading .elementor-heading-title.elementor-size-large{font-size:29px}.elementor-widget-heading .elementor-heading-title.elementor-size-xl{font-size:39px}.elementor-widget-heading .elementor-heading-title.elementor-size-xxl{font-size:59px}<\/style><span class=\"elementor-heading-title elementor-size-default\">biomaterial<\/span>\t\t<\/div>\n\t\t\t\t<\/div>\n\t\t\t\t<div class=\"elementor-element elementor-element-f2ebf2d elementor-widget elementor-widget-heading\" data-id=\"f2ebf2d\" data-element_type=\"widget\" data-widget_type=\"heading.default\">\n\t\t\t\t<div class=\"elementor-widget-container\">\n\t\t\t<h1 class=\"elementor-heading-title elementor-size-default\">Icke-Resorberbara Membran\n<\/h1>\t\t<\/div>\n\t\t\t\t<\/div>\n\t\t\t\t\t<\/div>\n\t\t\t\t<\/div>\n\t\t<div class=\"elementor-element elementor-element-767530c e-flex e-con-boxed e-con e-parent\" data-id=\"767530c\" data-element_type=\"container\">\n\t\t\t\t\t<div class=\"e-con-inner\">\n\t\t<div class=\"elementor-element elementor-element-879c2d9 e-grid e-con-full e-con e-child\" data-id=\"879c2d9\" data-element_type=\"container\">\n\t\t<div class=\"elementor-element elementor-element-6cb3608 e-con-full e-flex e-con e-child\" data-id=\"6cb3608\" data-element_type=\"container\">\n\t\t<div class=\"elementor-element elementor-element-e4f99e1 e-con-full e-flex e-con e-child\" data-id=\"e4f99e1\" data-element_type=\"container\">\n\t\t\t\t<div class=\"elementor-element elementor-element-45136b9 elementor-widget elementor-widget-image\" data-id=\"45136b9\" data-element_type=\"widget\" data-widget_type=\"image.default\">\n\t\t\t\t<div class=\"elementor-widget-container\">\n\t\t\t<style>\/*! elementor - v3.23.0 - 05-08-2024 *\/\n.elementor-widget-image{text-align:center}.elementor-widget-image a{display:inline-block}.elementor-widget-image a img[src$=\".svg\"]{width:48px}.elementor-widget-image img{vertical-align:middle;display:inline-block}<\/style>\t\t\t\t\t\t\t\t\t\t\t<a href=\"https:\/\/shop-se.neoss.com\/products\/neogen%C2%AE-cape-ptfe-membran?_gl=1*3bfmmw*_gcl_au*NDM1NzM3ODE0LjE3NDEwNzM3NTY.*_ga*MTc0MjIxNjkxLjE3NDEwNzM3NTY.*_ga_GQ5V7B72KS*MTc0NDg2ODgwOS4xMjAuMS4xNzQ0ODc1MDA0LjAuMC4w\">\n\t\t\t\t\t\t\t<img decoding=\"async\" src=\"https:\/\/neoss-web.azureedge.net\/global\/Store\/Cape%20Exploded%20view%20SP%20944x944px.jpg?width=1200&#038;name=Cape%20Exploded%20view%20SP%20944x944px.jpg\" title=\"\" alt=\"\" class=\"elementor-animation-grow\" loading=\"lazy\" \/>\t\t\t\t\t\t\t\t<\/a>\n\t\t\t\t\t\t\t\t\t\t\t\t\t<\/div>\n\t\t\t\t<\/div>\n\t\t\t\t<\/div>\n\t\t<div class=\"elementor-element elementor-element-40d4e7c e-con-full e-flex e-con e-child\" data-id=\"40d4e7c\" data-element_type=\"container\">\n\t\t\t\t<div class=\"elementor-element elementor-element-9516eb2 elementor-widget elementor-widget-heading\" data-id=\"9516eb2\" data-element_type=\"widget\" data-widget_type=\"heading.default\">\n\t\t\t\t<div class=\"elementor-widget-container\">\n\t\t\t<h5 class=\"elementor-heading-title elementor-size-default\"><a href=\"https:\/\/shop-se.neoss.com\/products\/neogen%C2%AE-cape-ptfe-membran?_gl=1*3bfmmw*_gcl_au*NDM1NzM3ODE0LjE3NDEwNzM3NTY.*_ga*MTc0MjIxNjkxLjE3NDEwNzM3NTY.*_ga_GQ5V7B72KS*MTc0NDg2ODgwOS4xMjAuMS4xNzQ0ODc1MDA0LjAuMC4w\">NeoGen\u00ae Cape PTFE-membran<\/a><\/h5>\t\t<\/div>\n\t\t\t\t<\/div>\n\t\t\t\t<\/div>\n\t\t\t\t<\/div>\n\t\t<div class=\"elementor-element elementor-element-15e5158 e-con-full e-flex e-con e-child\" data-id=\"15e5158\" data-element_type=\"container\">\n\t\t<div class=\"elementor-element elementor-element-09ae7d1 e-con-full e-flex e-con e-child\" data-id=\"09ae7d1\" data-element_type=\"container\">\n\t\t\t\t<div class=\"elementor-element elementor-element-0649743 elementor-widget elementor-widget-image\" data-id=\"0649743\" data-element_type=\"widget\" data-widget_type=\"image.default\">\n\t\t\t\t<div class=\"elementor-widget-container\">\n\t\t\t\t\t\t\t\t\t\t\t\t\t\t<a href=\"https:\/\/neoss-se.myshopify.com\/products\/neogen%C2%AE-ti-reinforced-membranes?_pos=1&#038;_psq=neogen+ti&#038;_ss=e&#038;_v=1.0\">\n\t\t\t\t\t\t\t<img decoding=\"async\" src=\"https:\/\/neoss-web.azureedge.net\/global\/Store\/64011%20NeoGen%C2%AE%20PTFE%20Membrane%2c%20Ti-Reinforced%20-%20M%20I%20-%20Front%20view.jpg?width=1200&#038;name=64011%20NeoGen%C2%AE%20PTFE%20Membrane%2c%20Ti-Reinforced%20-%20M%20I%20-%20Front%20view.jpg\" title=\"\" alt=\"\" class=\"elementor-animation-grow\" loading=\"lazy\" \/>\t\t\t\t\t\t\t\t<\/a>\n\t\t\t\t\t\t\t\t\t\t\t\t\t<\/div>\n\t\t\t\t<\/div>\n\t\t\t\t<\/div>\n\t\t<div class=\"elementor-element elementor-element-14cc843 e-con-full e-flex e-con e-child\" data-id=\"14cc843\" data-element_type=\"container\">\n\t\t\t\t<div class=\"elementor-element elementor-element-7152a0c elementor-widget elementor-widget-heading\" data-id=\"7152a0c\" data-element_type=\"widget\" data-widget_type=\"heading.default\">\n\t\t\t\t<div class=\"elementor-widget-container\">\n\t\t\t<h5 class=\"elementor-heading-title elementor-size-default\"><a href=\"https:\/\/neoss-se.myshopify.com\/products\/neogen%C2%AE-ti-reinforced-membranes?_pos=1&#038;_psq=neogen+ti&#038;_ss=e&#038;_v=1.0\"> NeoGen\u00ae Titan-f\u00f6rst\u00e4rkta Membran<\/a><\/h5>\t\t<\/div>\n\t\t\t\t<\/div>\n\t\t\t\t<\/div>\n\t\t\t\t<\/div>\n\t\t<div class=\"elementor-element elementor-element-9c13d9f e-con-full e-flex e-con e-child\" data-id=\"9c13d9f\" data-element_type=\"container\">\n\t\t<div class=\"elementor-element elementor-element-e4ec0e1 e-con-full e-flex e-con e-child\" data-id=\"e4ec0e1\" data-element_type=\"container\">\n\t\t\t\t<div class=\"elementor-element elementor-element-a38c8db elementor-widget elementor-widget-image\" data-id=\"a38c8db\" data-element_type=\"widget\" data-widget_type=\"image.default\">\n\t\t\t\t<div class=\"elementor-widget-container\">\n\t\t\t\t\t\t\t\t\t\t\t\t\t\t<a href=\"https:\/\/neoss-se.myshopify.com\/products\/neogen%C2%AE-non-reinforced-membranes?_pos=2&#038;_psq=neogen&#038;_ss=e&#038;_v=1.0\">\n\t\t\t\t\t\t\t<img decoding=\"async\" src=\"https:\/\/neoss-web.azureedge.net\/global\/Store\/64020%20NeoGen%C2%AE%20PTFE%20Membrane%2c%20Non-Reinforced%2029%20%C3%97%2014%20mm-%20Front%20view.jpg?width=1200&#038;name=64020%20NeoGen%C2%AE%20PTFE%20Membrane%2c%20Non-Reinforced%2029%20%C3%97%2014%20mm-%20Front%20view.jpg\" title=\"\" alt=\"\" class=\"elementor-animation-grow\" loading=\"lazy\" \/>\t\t\t\t\t\t\t\t<\/a>\n\t\t\t\t\t\t\t\t\t\t\t\t\t<\/div>\n\t\t\t\t<\/div>\n\t\t\t\t<\/div>\n\t\t<div class=\"elementor-element elementor-element-fb75997 e-con-full e-flex e-con e-child\" data-id=\"fb75997\" data-element_type=\"container\">\n\t\t\t\t<div class=\"elementor-element elementor-element-b228b7d elementor-widget elementor-widget-heading\" data-id=\"b228b7d\" data-element_type=\"widget\" data-widget_type=\"heading.default\">\n\t\t\t\t<div class=\"elementor-widget-container\">\n\t\t\t<h5 class=\"elementor-heading-title elementor-size-default\"><a href=\"https:\/\/neoss-se.myshopify.com\/products\/neogen%C2%AE-non-reinforced-membranes?_pos=2&#038;_psq=neogen&#038;_ss=e&#038;_v=1.0\"> NeoGen\u00ae Icke f\u00f6rst\u00e4rkta Membran<\/a><\/h5>\t\t<\/div>\n\t\t\t\t<\/div>\n\t\t\t\t<\/div>\n\t\t\t\t<\/div>\n\t\t\t\t<\/div>\n\t\t\t\t\t<\/div>\n\t\t\t\t<\/div>\n\t\t<div class=\"elementor-element elementor-element-fe584f4 e-flex e-con-boxed e-con e-parent\" data-id=\"fe584f4\" data-element_type=\"container\" data-settings=\"{&quot;background_background&quot;:&quot;gradient&quot;}\">\n\t\t\t\t\t<div class=\"e-con-inner\">\n\t\t\t\t<div class=\"elementor-element elementor-element-98641c5 elementor-widget__width-initial elementor-widget elementor-widget-heading\" data-id=\"98641c5\" data-element_type=\"widget\" data-widget_type=\"heading.default\">\n\t\t\t\t<div class=\"elementor-widget-container\">\n\t\t\t<h4 class=\"elementor-heading-title elementor-size-default\">Ta del av de senaste nyheterna fr\u00e5n Neoss, live webinarier, nya produkter och mycket mer!\n<\/h4>\t\t<\/div>\n\t\t\t\t<\/div>\n\t\t\t\t<div class=\"elementor-element elementor-element-e646870 white-button elementor-widget elementor-widget-button\" data-id=\"e646870\" data-element_type=\"widget\" data-widget_type=\"button.default\">\n\t\t\t\t<div class=\"elementor-widget-container\">\n\t\t\t\t\t<div class=\"elementor-button-wrapper\">\n\t\t\t<a class=\"elementor-button elementor-button-link elementor-size-sm\" href=\"https:\/\/test.neoss.com\/sv\/nyhetsbrev\/\">\n\t\t\t\t\t\t<span class=\"elementor-button-content-wrapper\">\n\t\t\t\t\t\t\t\t\t<span class=\"elementor-button-text\">Prenumerera<\/span>\n\t\t\t\t\t<\/span>\n\t\t\t\t\t<\/a>\n\t\t<\/div>\n\t\t\t\t<\/div>\n\t\t\t\t<\/div>\n\t\t\t\t\t<\/div>\n\t\t\t\t<\/div>\n\t\t<div class=\"elementor-element elementor-element-0a68136 e-con-full e-flex e-con e-parent\" data-id=\"0a68136\" data-element_type=\"container\">\n\t\t<div class=\"elementor-element elementor-element-edbcb7d e-flex e-con-boxed e-con e-child\" data-id=\"edbcb7d\" data-element_type=\"container\">\n\t\t\t\t\t<div class=\"e-con-inner\">\n\t\t\t\t<div class=\"elementor-element elementor-element-44bc6b4 elementor-widget elementor-widget-heading\" data-id=\"44bc6b4\" data-element_type=\"widget\" data-widget_type=\"heading.default\">\n\t\t\t\t<div class=\"elementor-widget-container\">\n\t\t\t<span class=\"elementor-heading-title elementor-size-default\">Kontakta oss om\n<\/span>\t\t<\/div>\n\t\t\t\t<\/div>\n\t\t\t\t<div class=\"elementor-element elementor-element-e7db7e9 elementor-widget elementor-widget-heading\" data-id=\"e7db7e9\" data-element_type=\"widget\" data-widget_type=\"heading.default\">\n\t\t\t\t<div class=\"elementor-widget-container\">\n\t\t\t<h3 class=\"elementor-heading-title elementor-size-default\">Biomaterial\n<\/h3>\t\t<\/div>\n\t\t\t\t<\/div>\n\t\t\t\t<div class=\"elementor-element elementor-element-e3b82c5 aa-form-button--1 elementor-widget elementor-widget-hubspot-form\" data-id=\"e3b82c5\" data-element_type=\"widget\" data-widget_type=\"hubspot-form.default\">\n\t\t\t\t<div class=\"elementor-widget-container\">\n\t\t\t\n\t\t\t\t\t<script>\n\t\t\t\t\t\twindow.hsFormsOnReady = window.hsFormsOnReady || [];\n\t\t\t\t\t\twindow.hsFormsOnReady.push(()=>{\n\t\t\t\t\t\t\thbspt.forms.create({\n\t\t\t\t\t\t\t\tportalId: 19798429,\n\t\t\t\t\t\t\t\tformId: \"aff7e3f2-f7ce-47d2-bbc0-5d43c860e3e0\",\n\t\t\t\t\t\t\t\ttarget: \"#hbspt-form-1777468459000-0549802497\",\n\t\t\t\t\t\t\t\tregion: \"na1\",\n\t\t\t\t\t\t\t\t\n\t\t\t\t\t\t})});\n\t\t\t\t\t<\/script>\n\t\t\t\t\t<div class=\"hbspt-form\" id=\"hbspt-form-1777468459000-0549802497\"><\/div>\t\t<\/div>\n\t\t\t\t<\/div>\n\t\t\t\t\t<\/div>\n\t\t\t\t<\/div>\n\t\t<div class=\"elementor-element elementor-element-68faa92 e-con-full e-flex e-con e-child\" data-id=\"68faa92\" data-element_type=\"container\" data-settings=\"{&quot;background_background&quot;:&quot;classic&quot;}\">\n\t\t\t\t<div class=\"elementor-element elementor-element-3d563e9 p-bottom-cover elementor-widget elementor-widget-image\" data-id=\"3d563e9\" data-element_type=\"widget\" data-widget_type=\"image.default\">\n\t\t\t\t<div class=\"elementor-widget-container\">\n\t\t\t\t\t\t\t\t\t\t\t\t\t<img decoding=\"async\" src=\"https:\/\/neoss-web.azureedge.net\/global\/Images\/theme-assets\/neoss-placeholder.png\" title=\"\" alt=\"\" loading=\"lazy\" \/>\t\t\t\t\t\t\t\t\t\t\t\t\t<\/div>\n\t\t\t\t<\/div>\n\t\t\t\t<\/div>\n\t\t\t\t<\/div>\n\t\t\t\t<\/div>\n\t\t","protected":false},"excerpt":{"rendered":"<p>Home Icke-resorberbara Membran K\u00f6p biomaterial Icke-Resorberbara Membran NeoGen\u00ae Cape PTFE-membran NeoGen\u00ae Titan-f\u00f6rst\u00e4rkta Membran NeoGen\u00ae Icke f\u00f6rst\u00e4rkta Membran Ta del av de senaste nyheterna fr\u00e5n Neoss, live webinarier, nya produkter och mycket mer! Prenumerera Kontakta oss om Biomaterial<\/p>\n","protected":false},"author":3,"featured_media":0,"parent":0,"menu_order":0,"comment_status":"closed","ping_status":"closed","template":"","meta":{"_acf_changed":false,"content-type":"","_relevanssi_hide_post":"","_relevanssi_hide_content":"","_relevanssi_pin_for_all":"","_relevanssi_pin_keywords":"","_relevanssi_unpin_keywords":"","_relevanssi_related_keywords":"","_relevanssi_related_include_ids":"","_relevanssi_related_exclude_ids":"","_relevanssi_related_no_append":"","_relevanssi_related_not_related":"","_relevanssi_related_posts":"","_relevanssi_noindex_reason":"","footnotes":""},"categories":[41],"tags":[],"page_type":[19],"class_list":["post-1613","page","type-page","status-publish","hentry","category-normal","page_type-product"],"acf":[],"yoast_head":"<!-- This site is optimized with the Yoast SEO Premium plugin v24.8 (Yoast SEO v24.8.1) - https:\/\/yoast.com\/wordpress\/plugins\/seo\/ -->\n<title>Biomaterial - Produkt\u00f6versikt - Icke-resorberbara Membran<\/title>\n<meta name=\"robots\" content=\"index, follow, max-snippet:-1, max-image-preview:large, max-video-preview:-1\" \/>\n<link rel=\"canonical\" href=\"https:\/\/test.neoss.com\/sv\/biomaterial-produktoversikt-icke-resorberbara-membran\/\" \/>\n<meta property=\"og:locale\" content=\"sv_SE\" \/>\n<meta property=\"og:type\" content=\"article\" \/>\n<meta property=\"og:title\" content=\"Biomaterial - Produkt\u00f6versikt - Icke-resorberbara Membran\" \/>\n<meta property=\"og:description\" content=\"Home Icke-resorberbara Membran K\u00f6p biomaterial Icke-Resorberbara Membran NeoGen\u00ae Cape PTFE-membran NeoGen\u00ae Titan-f\u00f6rst\u00e4rkta Membran NeoGen\u00ae Icke f\u00f6rst\u00e4rkta Membran Ta del av de senaste nyheterna fr\u00e5n Neoss, live webinarier, nya produkter och mycket mer! Prenumerera Kontakta oss om Biomaterial\" \/>\n<meta property=\"og:url\" content=\"https:\/\/test.neoss.com\/sv\/biomaterial-produktoversikt-icke-resorberbara-membran\/\" \/>\n<meta property=\"og:site_name\" content=\"Sverige\" \/>\n<meta property=\"article:publisher\" content=\"https:\/\/www.facebook.com\/NeossGroup\" \/>\n<meta property=\"article:modified_time\" content=\"2025-06-11T06:35:00+00:00\" \/>\n<meta property=\"og:image\" content=\"https:\/\/neoss-web.azureedge.net\/global\/Store\/Cape%20Exploded%20view%20SP%20944x944px.jpg?width=1200&#038;name=Cape%20Exploded%20view%20SP%20944x944px.jpg\" \/>\n<meta name=\"twitter:card\" content=\"summary_large_image\" \/>\n<meta name=\"twitter:label1\" content=\"Est. reading time\" \/>\n\t<meta name=\"twitter:data1\" content=\"4 minutes\" \/>\n<script type=\"application\/ld+json\" class=\"yoast-schema-graph\">{\"@context\":\"https:\/\/schema.org\",\"@graph\":[{\"@type\":\"WebPage\",\"@id\":\"https:\/\/test.neoss.com\/sv\/biomaterial-produktoversikt-icke-resorberbara-membran\/\",\"url\":\"https:\/\/test.neoss.com\/sv\/biomaterial-produktoversikt-icke-resorberbara-membran\/\",\"name\":\"Biomaterial - Produkt\u00f6versikt - Icke-resorberbara Membran\",\"isPartOf\":{\"@id\":\"https:\/\/test.neoss.com\/sv\/#website\"},\"primaryImageOfPage\":{\"@id\":\"https:\/\/test.neoss.com\/sv\/biomaterial-produktoversikt-icke-resorberbara-membran\/#primaryimage\"},\"image\":{\"@id\":\"https:\/\/test.neoss.com\/sv\/biomaterial-produktoversikt-icke-resorberbara-membran\/#primaryimage\"},\"thumbnailUrl\":\"https:\/\/neoss-web.azureedge.net\/global\/Store\/Cape%20Exploded%20view%20SP%20944x944px.jpg?width=1200&#038;name=Cape%20Exploded%20view%20SP%20944x944px.jpg\",\"datePublished\":\"2025-01-19T12:53:34+00:00\",\"dateModified\":\"2025-06-11T06:35:00+00:00\",\"breadcrumb\":{\"@id\":\"https:\/\/test.neoss.com\/sv\/biomaterial-produktoversikt-icke-resorberbara-membran\/#breadcrumb\"},\"inLanguage\":\"sv-SE\",\"potentialAction\":[{\"@type\":\"ReadAction\",\"target\":[\"https:\/\/test.neoss.com\/sv\/biomaterial-produktoversikt-icke-resorberbara-membran\/\"]}]},{\"@type\":\"ImageObject\",\"inLanguage\":\"sv-SE\",\"@id\":\"https:\/\/test.neoss.com\/sv\/biomaterial-produktoversikt-icke-resorberbara-membran\/#primaryimage\",\"url\":\"https:\/\/neoss-web.azureedge.net\/global\/Store\/Cape%20Exploded%20view%20SP%20944x944px.jpg?width=1200&#038;name=Cape%20Exploded%20view%20SP%20944x944px.jpg\",\"contentUrl\":\"https:\/\/neoss-web.azureedge.net\/global\/Store\/Cape%20Exploded%20view%20SP%20944x944px.jpg?width=1200&#038;name=Cape%20Exploded%20view%20SP%20944x944px.jpg\"},{\"@type\":\"BreadcrumbList\",\"@id\":\"https:\/\/test.neoss.com\/sv\/biomaterial-produktoversikt-icke-resorberbara-membran\/#breadcrumb\",\"itemListElement\":[{\"@type\":\"ListItem\",\"position\":1,\"name\":\"Home\",\"item\":\"https:\/\/test.neoss.com\/sv\/\"},{\"@type\":\"ListItem\",\"position\":2,\"name\":\"Biomaterial &#8211; Produkt\u00f6versikt &#8211; Icke-resorberbara Membran\"}]},{\"@type\":\"WebSite\",\"@id\":\"https:\/\/test.neoss.com\/sv\/#website\",\"url\":\"https:\/\/test.neoss.com\/sv\/\",\"name\":\"Neoss - Intelligent Simplicity\",\"description\":\"\",\"publisher\":{\"@id\":\"https:\/\/test.neoss.com\/sv\/#organization\"},\"potentialAction\":[{\"@type\":\"SearchAction\",\"target\":{\"@type\":\"EntryPoint\",\"urlTemplate\":\"https:\/\/test.neoss.com\/sv\/?s={search_term_string}\"},\"query-input\":{\"@type\":\"PropertyValueSpecification\",\"valueRequired\":true,\"valueName\":\"search_term_string\"}}],\"inLanguage\":\"sv-SE\"},{\"@type\":\"Organization\",\"@id\":\"https:\/\/test.neoss.com\/sv\/#organization\",\"name\":\"neoss\",\"url\":\"https:\/\/test.neoss.com\/sv\/\",\"logo\":{\"@type\":\"ImageObject\",\"inLanguage\":\"sv-SE\",\"@id\":\"https:\/\/test.neoss.com\/sv\/#\/schema\/logo\/image\/\",\"url\":\"https:\/\/neoss-web.azureedge.net\/logo\/neoss-logo1-1.svg\",\"contentUrl\":\"https:\/\/neoss-web.azureedge.net\/logo\/neoss-logo1-1.svg\",\"width\":96,\"height\":31,\"caption\":\"neoss\"},\"image\":{\"@id\":\"https:\/\/test.neoss.com\/sv\/#\/schema\/logo\/image\/\"},\"sameAs\":[\"https:\/\/www.facebook.com\/NeossGroup\"]}]}<\/script>\n<!-- \/ Yoast SEO Premium plugin. -->","yoast_head_json":{"title":"Biomaterial - Produkt\u00f6versikt - Icke-resorberbara Membran","robots":{"index":"index","follow":"follow","max-snippet":"max-snippet:-1","max-image-preview":"max-image-preview:large","max-video-preview":"max-video-preview:-1"},"canonical":"https:\/\/test.neoss.com\/sv\/biomaterial-produktoversikt-icke-resorberbara-membran\/","og_locale":"sv_SE","og_type":"article","og_title":"Biomaterial - Produkt\u00f6versikt - Icke-resorberbara Membran","og_description":"Home Icke-resorberbara Membran K\u00f6p biomaterial Icke-Resorberbara Membran NeoGen\u00ae Cape PTFE-membran NeoGen\u00ae Titan-f\u00f6rst\u00e4rkta Membran NeoGen\u00ae Icke f\u00f6rst\u00e4rkta Membran Ta del av de senaste nyheterna fr\u00e5n Neoss, live webinarier, nya produkter och mycket mer! Prenumerera Kontakta oss om Biomaterial","og_url":"https:\/\/test.neoss.com\/sv\/biomaterial-produktoversikt-icke-resorberbara-membran\/","og_site_name":"Sverige","article_publisher":"https:\/\/www.facebook.com\/NeossGroup","article_modified_time":"2025-06-11T06:35:00+00:00","og_image":[{"url":"https:\/\/neoss-web.azureedge.net\/global\/Store\/Cape%20Exploded%20view%20SP%20944x944px.jpg?width=1200&#038;name=Cape%20Exploded%20view%20SP%20944x944px.jpg","type":"","width":"","height":""}],"twitter_card":"summary_large_image","twitter_misc":{"Est. reading time":"4 minutes"},"schema":{"@context":"https:\/\/schema.org","@graph":[{"@type":"WebPage","@id":"https:\/\/test.neoss.com\/sv\/biomaterial-produktoversikt-icke-resorberbara-membran\/","url":"https:\/\/test.neoss.com\/sv\/biomaterial-produktoversikt-icke-resorberbara-membran\/","name":"Biomaterial - Produkt\u00f6versikt - Icke-resorberbara Membran","isPartOf":{"@id":"https:\/\/test.neoss.com\/sv\/#website"},"primaryImageOfPage":{"@id":"https:\/\/test.neoss.com\/sv\/biomaterial-produktoversikt-icke-resorberbara-membran\/#primaryimage"},"image":{"@id":"https:\/\/test.neoss.com\/sv\/biomaterial-produktoversikt-icke-resorberbara-membran\/#primaryimage"},"thumbnailUrl":"https:\/\/neoss-web.azureedge.net\/global\/Store\/Cape%20Exploded%20view%20SP%20944x944px.jpg?width=1200&#038;name=Cape%20Exploded%20view%20SP%20944x944px.jpg","datePublished":"2025-01-19T12:53:34+00:00","dateModified":"2025-06-11T06:35:00+00:00","breadcrumb":{"@id":"https:\/\/test.neoss.com\/sv\/biomaterial-produktoversikt-icke-resorberbara-membran\/#breadcrumb"},"inLanguage":"sv-SE","potentialAction":[{"@type":"ReadAction","target":["https:\/\/test.neoss.com\/sv\/biomaterial-produktoversikt-icke-resorberbara-membran\/"]}]},{"@type":"ImageObject","inLanguage":"sv-SE","@id":"https:\/\/test.neoss.com\/sv\/biomaterial-produktoversikt-icke-resorberbara-membran\/#primaryimage","url":"https:\/\/neoss-web.azureedge.net\/global\/Store\/Cape%20Exploded%20view%20SP%20944x944px.jpg?width=1200&#038;name=Cape%20Exploded%20view%20SP%20944x944px.jpg","contentUrl":"https:\/\/neoss-web.azureedge.net\/global\/Store\/Cape%20Exploded%20view%20SP%20944x944px.jpg?width=1200&#038;name=Cape%20Exploded%20view%20SP%20944x944px.jpg"},{"@type":"BreadcrumbList","@id":"https:\/\/test.neoss.com\/sv\/biomaterial-produktoversikt-icke-resorberbara-membran\/#breadcrumb","itemListElement":[{"@type":"ListItem","position":1,"name":"Home","item":"https:\/\/test.neoss.com\/sv\/"},{"@type":"ListItem","position":2,"name":"Biomaterial &#8211; Produkt\u00f6versikt &#8211; Icke-resorberbara Membran"}]},{"@type":"WebSite","@id":"https:\/\/test.neoss.com\/sv\/#website","url":"https:\/\/test.neoss.com\/sv\/","name":"Neoss - Intelligent Simplicity","description":"","publisher":{"@id":"https:\/\/test.neoss.com\/sv\/#organization"},"potentialAction":[{"@type":"SearchAction","target":{"@type":"EntryPoint","urlTemplate":"https:\/\/test.neoss.com\/sv\/?s={search_term_string}"},"query-input":{"@type":"PropertyValueSpecification","valueRequired":true,"valueName":"search_term_string"}}],"inLanguage":"sv-SE"},{"@type":"Organization","@id":"https:\/\/test.neoss.com\/sv\/#organization","name":"neoss","url":"https:\/\/test.neoss.com\/sv\/","logo":{"@type":"ImageObject","inLanguage":"sv-SE","@id":"https:\/\/test.neoss.com\/sv\/#\/schema\/logo\/image\/","url":"https:\/\/neoss-web.azureedge.net\/logo\/neoss-logo1-1.svg","contentUrl":"https:\/\/neoss-web.azureedge.net\/logo\/neoss-logo1-1.svg","width":96,"height":31,"caption":"neoss"},"image":{"@id":"https:\/\/test.neoss.com\/sv\/#\/schema\/logo\/image\/"},"sameAs":["https:\/\/www.facebook.com\/NeossGroup"]}]}},"_links":{"self":[{"href":"https:\/\/test.neoss.com\/sv\/wp-json\/wp\/v2\/pages\/1613","targetHints":{"allow":["GET"]}}],"collection":[{"href":"https:\/\/test.neoss.com\/sv\/wp-json\/wp\/v2\/pages"}],"about":[{"href":"https:\/\/test.neoss.com\/sv\/wp-json\/wp\/v2\/types\/page"}],"author":[{"embeddable":true,"href":"https:\/\/test.neoss.com\/sv\/wp-json\/wp\/v2\/users\/3"}],"replies":[{"embeddable":true,"href":"https:\/\/test.neoss.com\/sv\/wp-json\/wp\/v2\/comments?post=1613"}],"version-history":[{"count":8,"href":"https:\/\/test.neoss.com\/sv\/wp-json\/wp\/v2\/pages\/1613\/revisions"}],"predecessor-version":[{"id":7805,"href":"https:\/\/test.neoss.com\/sv\/wp-json\/wp\/v2\/pages\/1613\/revisions\/7805"}],"wp:attachment":[{"href":"https:\/\/test.neoss.com\/sv\/wp-json\/wp\/v2\/media?parent=1613"}],"wp:term":[{"taxonomy":"category","embeddable":true,"href":"https:\/\/test.neoss.com\/sv\/wp-json\/wp\/v2\/categories?post=1613"},{"taxonomy":"post_tag","embeddable":true,"href":"https:\/\/test.neoss.com\/sv\/wp-json\/wp\/v2\/tags?post=1613"},{"taxonomy":"page_type","embeddable":true,"href":"https:\/\/test.neoss.com\/sv\/wp-json\/wp\/v2\/page_type?post=1613"}],"curies":[{"name":"wp","href":"https:\/\/api.w.org\/{rel}","templated":true}]}}