{"id":1915,"date":"2025-01-20T14:06:29","date_gmt":"2025-01-20T06:06:29","guid":{"rendered":"https:\/\/test.neoss.com\/sv\/?page_id=1915"},"modified":"2025-08-05T15:21:36","modified_gmt":"2025-08-05T07:21:36","slug":"protetik-produktoversikt-provisoriska-distanser","status":"publish","type":"page","link":"https:\/\/test.neoss.com\/sv\/protetik-produktoversikt-provisoriska-distanser\/","title":{"rendered":"Protetik &#8211; Produkt\u00f6versikt &#8211; Provisoriska Distanser"},"content":{"rendered":"\t\t<div data-elementor-type=\"wp-page\" data-elementor-id=\"1915\" class=\"elementor elementor-1915\" data-elementor-post-type=\"page\">\n\t\t\t\t<div class=\"elementor-element elementor-element-414b5d7 p-bread e-flex e-con-boxed e-con e-parent\" data-id=\"414b5d7\" data-element_type=\"container\">\n\t\t\t\t\t<div class=\"e-con-inner\">\n\t\t\t\t<div class=\"elementor-element elementor-element-364901e elementor-icon-list--layout-inline bread elementor-list-item-link-full_width elementor-widget elementor-widget-icon-list\" data-id=\"364901e\" data-element_type=\"widget\" data-widget_type=\"icon-list.default\">\n\t\t\t\t<div class=\"elementor-widget-container\">\n\t\t\t<link rel=\"stylesheet\" href=\"https:\/\/test.neoss.com\/sv\/wp-content\/uploads\/sites\/8\/elementor\/css\/custom-widget-icon-list.min.css?ver=1753261257\">\t\t<ul class=\"elementor-icon-list-items elementor-inline-items\">\n\t\t\t\t\t\t\t<li class=\"elementor-icon-list-item elementor-inline-item\">\n\t\t\t\t\t\t\t\t\t\t\t<a href=\"\/\">\n\n\t\t\t\t\t\t\t\t\t\t\t<span class=\"elementor-icon-list-text\">Home<\/span>\n\t\t\t\t\t\t\t\t\t\t\t<\/a>\n\t\t\t\t\t\t\t\t\t<\/li>\n\t\t\t\t\t\t\t\t<li class=\"elementor-icon-list-item elementor-inline-item\">\n\t\t\t\t\t\t\t\t\t\t\t<a href=\"https:\/\/test.neoss.com\/sv\/protetik-produktoversikt-provisoriska-distanser\/\">\n\n\t\t\t\t\t\t\t\t\t\t\t<span class=\"elementor-icon-list-text\">Provisoriska Distanser<\/span>\n\t\t\t\t\t\t\t\t\t\t\t<\/a>\n\t\t\t\t\t\t\t\t\t<\/li>\n\t\t\t\t\t\t\t\t<li class=\"elementor-icon-list-item elementor-inline-item\">\n\t\t\t\t\t\t\t\t\t\t<span class=\"elementor-icon-list-text\">K\u00f6p<\/span>\n\t\t\t\t\t\t\t\t\t<\/li>\n\t\t\t\t\t\t<\/ul>\n\t\t\t\t<\/div>\n\t\t\t\t<\/div>\n\t\t\t\t\t<\/div>\n\t\t\t\t<\/div>\n\t\t<div class=\"elementor-element elementor-element-8ddd55a e-flex e-con-boxed e-con e-parent\" data-id=\"8ddd55a\" data-element_type=\"container\">\n\t\t\t\t\t<div class=\"e-con-inner\">\n\t\t\t\t<div class=\"elementor-element elementor-element-fef97f2 elementor-widget elementor-widget-heading\" data-id=\"fef97f2\" data-element_type=\"widget\" data-widget_type=\"heading.default\">\n\t\t\t\t<div class=\"elementor-widget-container\">\n\t\t\t<style>\/*! elementor - v3.23.0 - 05-08-2024 *\/\n.elementor-heading-title{padding:0;margin:0;line-height:1}.elementor-widget-heading .elementor-heading-title[class*=elementor-size-]>a{color:inherit;font-size:inherit;line-height:inherit}.elementor-widget-heading .elementor-heading-title.elementor-size-small{font-size:15px}.elementor-widget-heading .elementor-heading-title.elementor-size-medium{font-size:19px}.elementor-widget-heading .elementor-heading-title.elementor-size-large{font-size:29px}.elementor-widget-heading .elementor-heading-title.elementor-size-xl{font-size:39px}.elementor-widget-heading .elementor-heading-title.elementor-size-xxl{font-size:59px}<\/style><span class=\"elementor-heading-title elementor-size-default\">Protetik\n<\/span>\t\t<\/div>\n\t\t\t\t<\/div>\n\t\t\t\t<div class=\"elementor-element elementor-element-0e7c9ef elementor-widget elementor-widget-heading\" data-id=\"0e7c9ef\" data-element_type=\"widget\" data-widget_type=\"heading.default\">\n\t\t\t\t<div class=\"elementor-widget-container\">\n\t\t\t<h1 class=\"elementor-heading-title elementor-size-default\">Provisoriska distanser<\/h1>\t\t<\/div>\n\t\t\t\t<\/div>\n\t\t\t\t\t<\/div>\n\t\t\t\t<\/div>\n\t\t<div class=\"elementor-element elementor-element-304d5a6 w1200-100 e-flex e-con-boxed e-con e-parent\" data-id=\"304d5a6\" data-element_type=\"container\">\n\t\t\t\t\t<div class=\"e-con-inner\">\n\t\t<div class=\"elementor-element elementor-element-dd9183d e-grid e-con-full e-con e-child\" data-id=\"dd9183d\" data-element_type=\"container\">\n\t\t<div class=\"elementor-element elementor-element-d7278e7 e-con-full e-flex e-con e-child\" data-id=\"d7278e7\" data-element_type=\"container\">\n\t\t<div class=\"elementor-element elementor-element-e76f73d e-con-full e-flex e-con e-child\" data-id=\"e76f73d\" data-element_type=\"container\">\n\t\t\t\t<div class=\"elementor-element elementor-element-ae3f3d3 elementor-widget elementor-widget-image\" data-id=\"ae3f3d3\" data-element_type=\"widget\" data-widget_type=\"image.default\">\n\t\t\t\t<div class=\"elementor-widget-container\">\n\t\t\t<style>\/*! elementor - v3.23.0 - 05-08-2024 *\/\n.elementor-widget-image{text-align:center}.elementor-widget-image a{display:inline-block}.elementor-widget-image a img[src$=\".svg\"]{width:48px}.elementor-widget-image img{vertical-align:middle;display:inline-block}<\/style>\t\t\t\t\t\t\t\t\t\t\t<a href=\"https:\/\/neoss-se.myshopify.com\/products\/provisional-titanium-abutments?utm_source=copyToPasteBoard&#038;utm_medium=product-links&#038;utm_content=web\">\n\t\t\t\t\t\t\t<img fetchpriority=\"high\" decoding=\"async\" width=\"260\" height=\"335\" src=\"https:\/\/neoss-web.azureedge.net\/sites\/8\/2025\/08\/Provisoriska_Titan_Distanser.webp\" class=\"elementor-animation-grow attachment-large size-large wp-image-8334\" alt=\"\" srcset=\"https:\/\/neoss-web.azureedge.net\/sites\/8\/2025\/08\/Provisoriska_Titan_Distanser.webp 260w, https:\/\/neoss-web.azureedge.net\/sites\/8\/2025\/08\/Provisoriska_Titan_Distanser-233x300.webp 233w, https:\/\/neoss-web.azureedge.net\/sites\/8\/2025\/08\/Provisoriska_Titan_Distanser-9x12.webp 9w\" sizes=\"(max-width: 260px) 100vw, 260px\" \/>\t\t\t\t\t\t\t\t<\/a>\n\t\t\t\t\t\t\t\t\t\t\t\t\t<\/div>\n\t\t\t\t<\/div>\n\t\t\t\t<\/div>\n\t\t<div class=\"elementor-element elementor-element-fb01376 e-con-full e-flex e-con e-child\" data-id=\"fb01376\" data-element_type=\"container\">\n\t\t\t\t<div class=\"elementor-element elementor-element-abbe7df elementor-widget elementor-widget-heading\" data-id=\"abbe7df\" data-element_type=\"widget\" data-widget_type=\"heading.default\">\n\t\t\t\t<div class=\"elementor-widget-container\">\n\t\t\t<h5 class=\"elementor-heading-title elementor-size-default\"><a href=\"https:\/\/neoss-se.myshopify.com\/products\/provisional-titanium-abutments?utm_source=copyToPasteBoard&#038;utm_medium=product-links&#038;utm_content=web\">Provisoriska Titan Distanser <\/a><\/h5>\t\t<\/div>\n\t\t\t\t<\/div>\n\t\t\t\t<\/div>\n\t\t\t\t<\/div>\n\t\t<div class=\"elementor-element elementor-element-64e0566 e-con-full e-flex e-con e-child\" data-id=\"64e0566\" data-element_type=\"container\">\n\t\t<div class=\"elementor-element elementor-element-0c70a78 e-con-full e-flex e-con e-child\" data-id=\"0c70a78\" data-element_type=\"container\">\n\t\t\t\t<div class=\"elementor-element elementor-element-e14ce71 elementor-widget elementor-widget-image\" data-id=\"e14ce71\" data-element_type=\"widget\" data-widget_type=\"image.default\">\n\t\t\t\t<div class=\"elementor-widget-container\">\n\t\t\t\t\t\t\t\t\t\t\t\t\t\t<a href=\"https:\/\/neoss-se.myshopify.com\/products\/esthetic-tissue-formers?utm_source=copyToPasteBoard&#038;utm_medium=product-links&#038;utm_content=web\">\n\t\t\t\t\t\t\t<img decoding=\"async\" src=\"https:\/\/neoss-web.azureedge.net\/global\/Images\/Product%20Images\/Prosthetics\/Provisional\/Esthetic%20Tissue%20Formers.webp\" title=\"\" alt=\"\" class=\"elementor-animation-grow\" loading=\"lazy\" \/>\t\t\t\t\t\t\t\t<\/a>\n\t\t\t\t\t\t\t\t\t\t\t\t\t<\/div>\n\t\t\t\t<\/div>\n\t\t\t\t<\/div>\n\t\t<div class=\"elementor-element elementor-element-798b2f2 e-con-full e-flex e-con e-child\" data-id=\"798b2f2\" data-element_type=\"container\">\n\t\t\t\t<div class=\"elementor-element elementor-element-714a8bd elementor-widget elementor-widget-heading\" data-id=\"714a8bd\" data-element_type=\"widget\" data-widget_type=\"heading.default\">\n\t\t\t\t<div class=\"elementor-widget-container\">\n\t\t\t<h5 class=\"elementor-heading-title elementor-size-default\"><a href=\"https:\/\/neoss-se.myshopify.com\/products\/esthetic-tissue-formers?utm_source=copyToPasteBoard&#038;utm_medium=product-links&#038;utm_content=web\">Esthetic Mjukv\u00e4vnadsformare<\/a><\/h5>\t\t<\/div>\n\t\t\t\t<\/div>\n\t\t\t\t<\/div>\n\t\t\t\t<\/div>\n\t\t\t\t<\/div>\n\t\t\t\t\t<\/div>\n\t\t\t\t<\/div>\n\t\t<div class=\"elementor-element elementor-element-065749d e-flex e-con-boxed e-con e-parent\" data-id=\"065749d\" data-element_type=\"container\" data-settings=\"{&quot;background_background&quot;:&quot;gradient&quot;}\">\n\t\t\t\t\t<div class=\"e-con-inner\">\n\t\t\t\t<div class=\"elementor-element elementor-element-83782e8 elementor-widget__width-initial elementor-widget elementor-widget-heading\" data-id=\"83782e8\" data-element_type=\"widget\" data-widget_type=\"heading.default\">\n\t\t\t\t<div class=\"elementor-widget-container\">\n\t\t\t<h4 class=\"elementor-heading-title elementor-size-default\">Ta del av de senaste nyheterna fr\u00e5n Neoss, live webinarier, nya produkter och mycket mer!\n<\/h4>\t\t<\/div>\n\t\t\t\t<\/div>\n\t\t\t\t<div class=\"elementor-element elementor-element-5cca81b white-button elementor-widget elementor-widget-button\" data-id=\"5cca81b\" data-element_type=\"widget\" data-widget_type=\"button.default\">\n\t\t\t\t<div class=\"elementor-widget-container\">\n\t\t\t\t\t<div class=\"elementor-button-wrapper\">\n\t\t\t<a class=\"elementor-button elementor-button-link elementor-size-sm\" href=\"https:\/\/test.neoss.com\/sv\/nyhetsbrev\/\">\n\t\t\t\t\t\t<span class=\"elementor-button-content-wrapper\">\n\t\t\t\t\t\t\t\t\t<span class=\"elementor-button-text\">Prenumerera<\/span>\n\t\t\t\t\t<\/span>\n\t\t\t\t\t<\/a>\n\t\t<\/div>\n\t\t\t\t<\/div>\n\t\t\t\t<\/div>\n\t\t\t\t\t<\/div>\n\t\t\t\t<\/div>\n\t\t<div class=\"elementor-element elementor-element-819a00d e-con-full e-flex e-con e-parent\" data-id=\"819a00d\" data-element_type=\"container\">\n\t\t<div class=\"elementor-element elementor-element-ac9226e e-flex e-con-boxed e-con e-child\" data-id=\"ac9226e\" data-element_type=\"container\">\n\t\t\t\t\t<div class=\"e-con-inner\">\n\t\t\t\t<div class=\"elementor-element elementor-element-b40f253 elementor-widget elementor-widget-heading\" data-id=\"b40f253\" data-element_type=\"widget\" data-widget_type=\"heading.default\">\n\t\t\t\t<div class=\"elementor-widget-container\">\n\t\t\t<span class=\"elementor-heading-title elementor-size-default\">Kontakta oss om\n<\/span>\t\t<\/div>\n\t\t\t\t<\/div>\n\t\t\t\t<div class=\"elementor-element elementor-element-2c31046 elementor-widget elementor-widget-heading\" data-id=\"2c31046\" data-element_type=\"widget\" data-widget_type=\"heading.default\">\n\t\t\t\t<div class=\"elementor-widget-container\">\n\t\t\t<h2 class=\"elementor-heading-title elementor-size-default\">Protetik<\/h2>\t\t<\/div>\n\t\t\t\t<\/div>\n\t\t\t\t<div class=\"elementor-element elementor-element-125732f aa-form-button--1 elementor-widget elementor-widget-hubspot-form\" data-id=\"125732f\" data-element_type=\"widget\" data-widget_type=\"hubspot-form.default\">\n\t\t\t\t<div class=\"elementor-widget-container\">\n\t\t\t\n\t\t\t\t\t<script>\n\t\t\t\t\t\twindow.hsFormsOnReady = window.hsFormsOnReady || [];\n\t\t\t\t\t\twindow.hsFormsOnReady.push(()=>{\n\t\t\t\t\t\t\thbspt.forms.create({\n\t\t\t\t\t\t\t\tportalId: 19798429,\n\t\t\t\t\t\t\t\tformId: \"aff7e3f2-f7ce-47d2-bbc0-5d43c860e3e0\",\n\t\t\t\t\t\t\t\ttarget: \"#hbspt-form-1777468456000-1584232657\",\n\t\t\t\t\t\t\t\tregion: \"na1\",\n\t\t\t\t\t\t\t\t\n\t\t\t\t\t\t})});\n\t\t\t\t\t<\/script>\n\t\t\t\t\t<div class=\"hbspt-form\" id=\"hbspt-form-1777468456000-1584232657\"><\/div>\t\t<\/div>\n\t\t\t\t<\/div>\n\t\t\t\t\t<\/div>\n\t\t\t\t<\/div>\n\t\t<div class=\"elementor-element elementor-element-8f7bae1 e-con-full e-flex e-con e-child\" data-id=\"8f7bae1\" data-element_type=\"container\" data-settings=\"{&quot;background_background&quot;:&quot;classic&quot;}\">\n\t\t\t\t<div class=\"elementor-element elementor-element-9e6d577 p-bottom-cover elementor-widget elementor-widget-image\" data-id=\"9e6d577\" data-element_type=\"widget\" data-widget_type=\"image.default\">\n\t\t\t\t<div class=\"elementor-widget-container\">\n\t\t\t\t\t\t\t\t\t\t\t\t\t<img decoding=\"async\" src=\"https:\/\/neoss-web.azureedge.net\/global\/Images\/theme-assets\/neoss-placeholder.png\" title=\"\" alt=\"\" loading=\"lazy\" \/>\t\t\t\t\t\t\t\t\t\t\t\t\t<\/div>\n\t\t\t\t<\/div>\n\t\t\t\t<\/div>\n\t\t\t\t<\/div>\n\t\t\t\t<\/div>\n\t\t","protected":false},"excerpt":{"rendered":"<p>Home Provisoriska Distanser K\u00f6p Protetik Provisoriska distanser Provisoriska Titan Distanser Esthetic Mjukv\u00e4vnadsformare Ta del av de senaste nyheterna fr\u00e5n Neoss, live webinarier, nya produkter och mycket mer! Prenumerera Kontakta oss om Protetik<\/p>\n","protected":false},"author":3,"featured_media":0,"parent":0,"menu_order":0,"comment_status":"closed","ping_status":"closed","template":"","meta":{"_acf_changed":false,"content-type":"","_relevanssi_hide_post":"","_relevanssi_hide_content":"","_relevanssi_pin_for_all":"","_relevanssi_pin_keywords":"","_relevanssi_unpin_keywords":"","_relevanssi_related_keywords":"","_relevanssi_related_include_ids":"","_relevanssi_related_exclude_ids":"","_relevanssi_related_no_append":"","_relevanssi_related_not_related":"","_relevanssi_related_posts":"","_relevanssi_noindex_reason":"","footnotes":""},"categories":[41],"tags":[],"page_type":[19],"class_list":["post-1915","page","type-page","status-publish","hentry","category-normal","page_type-product"],"acf":[],"yoast_head":"<!-- This site is optimized with the Yoast SEO Premium plugin v24.8 (Yoast SEO v24.8.1) - https:\/\/yoast.com\/wordpress\/plugins\/seo\/ -->\n<title>Protetik - Produkt\u00f6versikt - Provisoriska Distanser<\/title>\n<meta name=\"robots\" content=\"index, follow, max-snippet:-1, max-image-preview:large, max-video-preview:-1\" \/>\n<link rel=\"canonical\" href=\"https:\/\/test.neoss.com\/sv\/protetik-produktoversikt-provisoriska-distanser\/\" \/>\n<meta property=\"og:locale\" content=\"sv_SE\" \/>\n<meta property=\"og:type\" content=\"article\" \/>\n<meta property=\"og:title\" content=\"Protetik - Produkt\u00f6versikt - Provisoriska Distanser\" \/>\n<meta property=\"og:description\" content=\"Home Provisoriska Distanser K\u00f6p Protetik Provisoriska distanser Provisoriska Titan Distanser Esthetic Mjukv\u00e4vnadsformare Ta del av de senaste nyheterna fr\u00e5n Neoss, live webinarier, nya produkter och mycket mer! Prenumerera Kontakta oss om Protetik\" \/>\n<meta property=\"og:url\" content=\"https:\/\/test.neoss.com\/sv\/protetik-produktoversikt-provisoriska-distanser\/\" \/>\n<meta property=\"og:site_name\" content=\"Sverige\" \/>\n<meta property=\"article:publisher\" content=\"https:\/\/www.facebook.com\/NeossGroup\" \/>\n<meta property=\"article:modified_time\" content=\"2025-08-05T07:21:36+00:00\" \/>\n<meta property=\"og:image\" content=\"https:\/\/neoss-web.azureedge.net\/sites\/8\/2025\/08\/Provisoriska_Titan_Distanser.webp\" \/>\n\t<meta property=\"og:image:width\" content=\"260\" \/>\n\t<meta property=\"og:image:height\" content=\"335\" \/>\n\t<meta property=\"og:image:type\" content=\"image\/webp\" \/>\n<meta name=\"twitter:card\" content=\"summary_large_image\" \/>\n<meta name=\"twitter:label1\" content=\"Est. reading time\" \/>\n\t<meta name=\"twitter:data1\" content=\"3 minutes\" \/>\n<script type=\"application\/ld+json\" class=\"yoast-schema-graph\">{\"@context\":\"https:\/\/schema.org\",\"@graph\":[{\"@type\":\"WebPage\",\"@id\":\"https:\/\/test.neoss.com\/sv\/protetik-produktoversikt-provisoriska-distanser\/\",\"url\":\"https:\/\/test.neoss.com\/sv\/protetik-produktoversikt-provisoriska-distanser\/\",\"name\":\"Protetik - Produkt\u00f6versikt - Provisoriska Distanser\",\"isPartOf\":{\"@id\":\"https:\/\/test.neoss.com\/sv\/#website\"},\"primaryImageOfPage\":{\"@id\":\"https:\/\/test.neoss.com\/sv\/protetik-produktoversikt-provisoriska-distanser\/#primaryimage\"},\"image\":{\"@id\":\"https:\/\/test.neoss.com\/sv\/protetik-produktoversikt-provisoriska-distanser\/#primaryimage\"},\"thumbnailUrl\":\"https:\/\/neoss-web.azureedge.net\/sites\/8\/2025\/08\/Provisoriska_Titan_Distanser.webp\",\"datePublished\":\"2025-01-20T06:06:29+00:00\",\"dateModified\":\"2025-08-05T07:21:36+00:00\",\"breadcrumb\":{\"@id\":\"https:\/\/test.neoss.com\/sv\/protetik-produktoversikt-provisoriska-distanser\/#breadcrumb\"},\"inLanguage\":\"sv-SE\",\"potentialAction\":[{\"@type\":\"ReadAction\",\"target\":[\"https:\/\/test.neoss.com\/sv\/protetik-produktoversikt-provisoriska-distanser\/\"]}]},{\"@type\":\"ImageObject\",\"inLanguage\":\"sv-SE\",\"@id\":\"https:\/\/test.neoss.com\/sv\/protetik-produktoversikt-provisoriska-distanser\/#primaryimage\",\"url\":\"https:\/\/neoss-web.azureedge.net\/sites\/8\/2025\/08\/Provisoriska_Titan_Distanser.webp\",\"contentUrl\":\"https:\/\/neoss-web.azureedge.net\/sites\/8\/2025\/08\/Provisoriska_Titan_Distanser.webp\"},{\"@type\":\"BreadcrumbList\",\"@id\":\"https:\/\/test.neoss.com\/sv\/protetik-produktoversikt-provisoriska-distanser\/#breadcrumb\",\"itemListElement\":[{\"@type\":\"ListItem\",\"position\":1,\"name\":\"Home\",\"item\":\"https:\/\/test.neoss.com\/sv\/\"},{\"@type\":\"ListItem\",\"position\":2,\"name\":\"Protetik &#8211; Produkt\u00f6versikt &#8211; Provisoriska Distanser\"}]},{\"@type\":\"WebSite\",\"@id\":\"https:\/\/test.neoss.com\/sv\/#website\",\"url\":\"https:\/\/test.neoss.com\/sv\/\",\"name\":\"Neoss - Intelligent Simplicity\",\"description\":\"\",\"publisher\":{\"@id\":\"https:\/\/test.neoss.com\/sv\/#organization\"},\"potentialAction\":[{\"@type\":\"SearchAction\",\"target\":{\"@type\":\"EntryPoint\",\"urlTemplate\":\"https:\/\/test.neoss.com\/sv\/?s={search_term_string}\"},\"query-input\":{\"@type\":\"PropertyValueSpecification\",\"valueRequired\":true,\"valueName\":\"search_term_string\"}}],\"inLanguage\":\"sv-SE\"},{\"@type\":\"Organization\",\"@id\":\"https:\/\/test.neoss.com\/sv\/#organization\",\"name\":\"neoss\",\"url\":\"https:\/\/test.neoss.com\/sv\/\",\"logo\":{\"@type\":\"ImageObject\",\"inLanguage\":\"sv-SE\",\"@id\":\"https:\/\/test.neoss.com\/sv\/#\/schema\/logo\/image\/\",\"url\":\"https:\/\/neoss-web.azureedge.net\/logo\/neoss-logo1-1.svg\",\"contentUrl\":\"https:\/\/neoss-web.azureedge.net\/logo\/neoss-logo1-1.svg\",\"width\":96,\"height\":31,\"caption\":\"neoss\"},\"image\":{\"@id\":\"https:\/\/test.neoss.com\/sv\/#\/schema\/logo\/image\/\"},\"sameAs\":[\"https:\/\/www.facebook.com\/NeossGroup\"]}]}<\/script>\n<!-- \/ Yoast SEO Premium plugin. -->","yoast_head_json":{"title":"Protetik - Produkt\u00f6versikt - Provisoriska Distanser","robots":{"index":"index","follow":"follow","max-snippet":"max-snippet:-1","max-image-preview":"max-image-preview:large","max-video-preview":"max-video-preview:-1"},"canonical":"https:\/\/test.neoss.com\/sv\/protetik-produktoversikt-provisoriska-distanser\/","og_locale":"sv_SE","og_type":"article","og_title":"Protetik - Produkt\u00f6versikt - Provisoriska Distanser","og_description":"Home Provisoriska Distanser K\u00f6p Protetik Provisoriska distanser Provisoriska Titan Distanser Esthetic Mjukv\u00e4vnadsformare Ta del av de senaste nyheterna fr\u00e5n Neoss, live webinarier, nya produkter och mycket mer! Prenumerera Kontakta oss om Protetik","og_url":"https:\/\/test.neoss.com\/sv\/protetik-produktoversikt-provisoriska-distanser\/","og_site_name":"Sverige","article_publisher":"https:\/\/www.facebook.com\/NeossGroup","article_modified_time":"2025-08-05T07:21:36+00:00","og_image":[{"width":260,"height":335,"url":"https:\/\/neoss-web.azureedge.net\/sites\/8\/2025\/08\/Provisoriska_Titan_Distanser.webp","type":"image\/webp"}],"twitter_card":"summary_large_image","twitter_misc":{"Est. reading time":"3 minutes"},"schema":{"@context":"https:\/\/schema.org","@graph":[{"@type":"WebPage","@id":"https:\/\/test.neoss.com\/sv\/protetik-produktoversikt-provisoriska-distanser\/","url":"https:\/\/test.neoss.com\/sv\/protetik-produktoversikt-provisoriska-distanser\/","name":"Protetik - Produkt\u00f6versikt - Provisoriska Distanser","isPartOf":{"@id":"https:\/\/test.neoss.com\/sv\/#website"},"primaryImageOfPage":{"@id":"https:\/\/test.neoss.com\/sv\/protetik-produktoversikt-provisoriska-distanser\/#primaryimage"},"image":{"@id":"https:\/\/test.neoss.com\/sv\/protetik-produktoversikt-provisoriska-distanser\/#primaryimage"},"thumbnailUrl":"https:\/\/neoss-web.azureedge.net\/sites\/8\/2025\/08\/Provisoriska_Titan_Distanser.webp","datePublished":"2025-01-20T06:06:29+00:00","dateModified":"2025-08-05T07:21:36+00:00","breadcrumb":{"@id":"https:\/\/test.neoss.com\/sv\/protetik-produktoversikt-provisoriska-distanser\/#breadcrumb"},"inLanguage":"sv-SE","potentialAction":[{"@type":"ReadAction","target":["https:\/\/test.neoss.com\/sv\/protetik-produktoversikt-provisoriska-distanser\/"]}]},{"@type":"ImageObject","inLanguage":"sv-SE","@id":"https:\/\/test.neoss.com\/sv\/protetik-produktoversikt-provisoriska-distanser\/#primaryimage","url":"https:\/\/neoss-web.azureedge.net\/sites\/8\/2025\/08\/Provisoriska_Titan_Distanser.webp","contentUrl":"https:\/\/neoss-web.azureedge.net\/sites\/8\/2025\/08\/Provisoriska_Titan_Distanser.webp"},{"@type":"BreadcrumbList","@id":"https:\/\/test.neoss.com\/sv\/protetik-produktoversikt-provisoriska-distanser\/#breadcrumb","itemListElement":[{"@type":"ListItem","position":1,"name":"Home","item":"https:\/\/test.neoss.com\/sv\/"},{"@type":"ListItem","position":2,"name":"Protetik &#8211; Produkt\u00f6versikt &#8211; Provisoriska Distanser"}]},{"@type":"WebSite","@id":"https:\/\/test.neoss.com\/sv\/#website","url":"https:\/\/test.neoss.com\/sv\/","name":"Neoss - Intelligent Simplicity","description":"","publisher":{"@id":"https:\/\/test.neoss.com\/sv\/#organization"},"potentialAction":[{"@type":"SearchAction","target":{"@type":"EntryPoint","urlTemplate":"https:\/\/test.neoss.com\/sv\/?s={search_term_string}"},"query-input":{"@type":"PropertyValueSpecification","valueRequired":true,"valueName":"search_term_string"}}],"inLanguage":"sv-SE"},{"@type":"Organization","@id":"https:\/\/test.neoss.com\/sv\/#organization","name":"neoss","url":"https:\/\/test.neoss.com\/sv\/","logo":{"@type":"ImageObject","inLanguage":"sv-SE","@id":"https:\/\/test.neoss.com\/sv\/#\/schema\/logo\/image\/","url":"https:\/\/neoss-web.azureedge.net\/logo\/neoss-logo1-1.svg","contentUrl":"https:\/\/neoss-web.azureedge.net\/logo\/neoss-logo1-1.svg","width":96,"height":31,"caption":"neoss"},"image":{"@id":"https:\/\/test.neoss.com\/sv\/#\/schema\/logo\/image\/"},"sameAs":["https:\/\/www.facebook.com\/NeossGroup"]}]}},"_links":{"self":[{"href":"https:\/\/test.neoss.com\/sv\/wp-json\/wp\/v2\/pages\/1915","targetHints":{"allow":["GET"]}}],"collection":[{"href":"https:\/\/test.neoss.com\/sv\/wp-json\/wp\/v2\/pages"}],"about":[{"href":"https:\/\/test.neoss.com\/sv\/wp-json\/wp\/v2\/types\/page"}],"author":[{"embeddable":true,"href":"https:\/\/test.neoss.com\/sv\/wp-json\/wp\/v2\/users\/3"}],"replies":[{"embeddable":true,"href":"https:\/\/test.neoss.com\/sv\/wp-json\/wp\/v2\/comments?post=1915"}],"version-history":[{"count":8,"href":"https:\/\/test.neoss.com\/sv\/wp-json\/wp\/v2\/pages\/1915\/revisions"}],"predecessor-version":[{"id":8338,"href":"https:\/\/test.neoss.com\/sv\/wp-json\/wp\/v2\/pages\/1915\/revisions\/8338"}],"wp:attachment":[{"href":"https:\/\/test.neoss.com\/sv\/wp-json\/wp\/v2\/media?parent=1915"}],"wp:term":[{"taxonomy":"category","embeddable":true,"href":"https:\/\/test.neoss.com\/sv\/wp-json\/wp\/v2\/categories?post=1915"},{"taxonomy":"post_tag","embeddable":true,"href":"https:\/\/test.neoss.com\/sv\/wp-json\/wp\/v2\/tags?post=1915"},{"taxonomy":"page_type","embeddable":true,"href":"https:\/\/test.neoss.com\/sv\/wp-json\/wp\/v2\/page_type?post=1915"}],"curies":[{"name":"wp","href":"https:\/\/api.w.org\/{rel}","templated":true}]}}