{"id":2237,"date":"2025-01-21T14:02:07","date_gmt":"2025-01-21T06:02:07","guid":{"rendered":"https:\/\/test.neoss.com\/sv\/?page_id=2237"},"modified":"2025-06-11T17:25:53","modified_gmt":"2025-06-11T09:25:53","slug":"utbildning","status":"publish","type":"page","link":"https:\/\/test.neoss.com\/sv\/utbildning\/","title":{"rendered":"Utbildning"},"content":{"rendered":"\t\t<div data-elementor-type=\"wp-page\" data-elementor-id=\"2237\" class=\"elementor elementor-2237\" data-elementor-post-type=\"page\">\n\t\t\t\t<div class=\"elementor-element elementor-element-1588479 e-con-full e-flex e-con e-parent\" data-id=\"1588479\" data-element_type=\"container\">\n\t\t<div class=\"elementor-element elementor-element-494c20a e-con-full e-flex e-con e-child\" data-id=\"494c20a\" data-element_type=\"container\">\n\t\t\t\t<div class=\"elementor-element elementor-element-449b072 elementor-widget elementor-widget-image\" data-id=\"449b072\" data-element_type=\"widget\" id=\"ep\" data-widget_type=\"image.default\">\n\t\t\t\t<div class=\"elementor-widget-container\">\n\t\t\t<style>\/*! elementor - v3.23.0 - 05-08-2024 *\/\n.elementor-widget-image{text-align:center}.elementor-widget-image a{display:inline-block}.elementor-widget-image a img[src$=\".svg\"]{width:48px}.elementor-widget-image img{vertical-align:middle;display:inline-block}<\/style>\t\t\t\t\t\t\t\t\t\t<img decoding=\"async\" src=\"https:\/\/neoss-web.azureedge.net\/global\/Images\/City%20images\/london.jpg\" title=\"\" alt=\"\" loading=\"lazy\" \/>\t\t\t\t\t\t\t\t\t\t\t\t\t<\/div>\n\t\t\t\t<\/div>\n\t\t\t\t<\/div>\n\t\t<div class=\"elementor-element elementor-element-ad549d7 e-con-full e-flex e-con e-child\" data-id=\"ad549d7\" data-element_type=\"container\">\n\t\t<div class=\"elementor-element elementor-element-b124e3c e-con-full e-flex e-con e-child\" data-id=\"b124e3c\" data-element_type=\"container\">\n\t\t\t\t<div class=\"elementor-element elementor-element-40f4af8 elementor-widget elementor-widget-heading\" data-id=\"40f4af8\" data-element_type=\"widget\" data-widget_type=\"heading.default\">\n\t\t\t\t<div class=\"elementor-widget-container\">\n\t\t\t<style>\/*! elementor - v3.23.0 - 05-08-2024 *\/\n.elementor-heading-title{padding:0;margin:0;line-height:1}.elementor-widget-heading .elementor-heading-title[class*=elementor-size-]>a{color:inherit;font-size:inherit;line-height:inherit}.elementor-widget-heading .elementor-heading-title.elementor-size-small{font-size:15px}.elementor-widget-heading .elementor-heading-title.elementor-size-medium{font-size:19px}.elementor-widget-heading .elementor-heading-title.elementor-size-large{font-size:29px}.elementor-widget-heading .elementor-heading-title.elementor-size-xl{font-size:39px}.elementor-widget-heading .elementor-heading-title.elementor-size-xxl{font-size:59px}<\/style><span class=\"elementor-heading-title elementor-size-default\">Dedikerade till kontinuerlig utbildning\n<\/span>\t\t<\/div>\n\t\t\t\t<\/div>\n\t\t\t\t<div class=\"elementor-element elementor-element-21750c7 elementor-widget elementor-widget-heading\" data-id=\"21750c7\" data-element_type=\"widget\" data-widget_type=\"heading.default\">\n\t\t\t\t<div class=\"elementor-widget-container\">\n\t\t\t<h2 class=\"elementor-heading-title elementor-size-default\"> Tillsammans ska vi f\u00f6rb\u00e4ttra <span>livskvaliteten<\/span>  f\u00f6r tandv\u00e5rdspatienter<\/h2>\t\t<\/div>\n\t\t\t\t<\/div>\n\t\t\t\t<div class=\"elementor-element elementor-element-3170e46 elementor-widget elementor-widget-text-editor\" data-id=\"3170e46\" data-element_type=\"widget\" data-widget_type=\"text-editor.default\">\n\t\t\t\t<div class=\"elementor-widget-container\">\n\t\t\t<style>\/*! elementor - v3.23.0 - 05-08-2024 *\/\n.elementor-widget-text-editor.elementor-drop-cap-view-stacked .elementor-drop-cap{background-color:#69727d;color:#fff}.elementor-widget-text-editor.elementor-drop-cap-view-framed .elementor-drop-cap{color:#69727d;border:3px solid;background-color:transparent}.elementor-widget-text-editor:not(.elementor-drop-cap-view-default) .elementor-drop-cap{margin-top:8px}.elementor-widget-text-editor:not(.elementor-drop-cap-view-default) .elementor-drop-cap-letter{width:1em;height:1em}.elementor-widget-text-editor .elementor-drop-cap{float:left;text-align:center;line-height:1;font-size:50px}.elementor-widget-text-editor .elementor-drop-cap-letter{display:inline-block}<\/style><div class=\"aa-text__body checkmark-list\">\t\t\t\t<div class=\"aa-big-column__body checkmark-list\">\n                            <p>P\u00e5 Neoss str\u00e4var vi efter att underl\u00e4tta den kontinuerliga kunskapstillv\u00e4xten f\u00f6r v\u00e5ra partners och kunder. Genom att l\u00e4ra av varandra kan vi tillsammans skapa ett b\u00e4ttre liv f\u00f6r v\u00e5ra tandv\u00e5rdspatienter.<\/p>\n<p>H\u00e4r finner du en \u00f6versikt \u00f6ver n\u00e5gra av de olika utbildningsinsatser vi har radat upp och var du kan tr\u00e4ffa oss runt om i v\u00e4rlden.<\/p>\n                        <\/div>\t\t\t\t<\/div>\t\t<\/div>\n\t\t\t\t<\/div>\n\t\t\t\t<div class=\"elementor-element elementor-element-c5a6106 red-button elementor-widget elementor-widget-button\" data-id=\"c5a6106\" data-element_type=\"widget\" data-widget_type=\"button.default\">\n\t\t\t\t<div class=\"elementor-widget-container\">\n\t\t\t\t\t<div class=\"elementor-button-wrapper\">\n\t\t\t<a class=\"elementor-button elementor-button-link elementor-size-sm\" href=\"https:\/\/www.neossacademy.com\/en\/\">\n\t\t\t\t\t\t<span class=\"elementor-button-content-wrapper\">\n\t\t\t\t\t\t\t\t\t<span class=\"elementor-button-text\">Webinarrium<\/span>\n\t\t\t\t\t<\/span>\n\t\t\t\t\t<\/a>\n\t\t<\/div>\n\t\t\t\t<\/div>\n\t\t\t\t<\/div>\n\t\t\t\t<div class=\"elementor-element elementor-element-580315f red-button elementor-widget elementor-widget-button\" data-id=\"580315f\" data-element_type=\"widget\" data-widget_type=\"button.default\">\n\t\t\t\t<div class=\"elementor-widget-container\">\n\t\t\t\t\t<div class=\"elementor-button-wrapper\">\n\t\t\t<a class=\"elementor-button elementor-button-link elementor-size-sm\" href=\"#events_layout\">\n\t\t\t\t\t\t<span class=\"elementor-button-content-wrapper\">\n\t\t\t\t\t\t\t\t\t<span class=\"elementor-button-text\">Event & kurser<\/span>\n\t\t\t\t\t<\/span>\n\t\t\t\t\t<\/a>\n\t\t<\/div>\n\t\t\t\t<\/div>\n\t\t\t\t<\/div>\n\t\t\t\t<\/div>\n\t\t\t\t<\/div>\n\t\t\t\t<\/div>\n\t\t<div class=\"elementor-element elementor-element-80f39d6 e-flex e-con-boxed e-con e-parent\" data-id=\"80f39d6\" data-element_type=\"container\" id=\"events_layout\">\n\t\t\t\t\t<div class=\"e-con-inner\">\n\t\t\t\t<div class=\"elementor-element elementor-element-c29e797 elementor-widget elementor-widget-yunce_events_module\" data-id=\"c29e797\" data-element_type=\"widget\" id=\"events\" data-widget_type=\"yunce_events_module.default\">\n\t\t\t\t<div class=\"elementor-widget-container\">\n\t\t\t\r\n<div class=\"yunce_events_module\">\r\n    <div class=\"events-courses\">\r\n                    <div class=\"tit module-title\">Event &amp; kurser<\/div>\r\n                <div class=\"aa-events-cards__body\">\r\n            <div class=\"aa-events__filter filters\">\r\n                                                            <\/div>\r\n            <div class=\"grid\">\r\n                <div class=\"grid-sizer\"><\/div>\r\n                <div class=\"gutter-sizer\"><\/div>\r\n                \r\n            <\/div>\r\n        <\/div>\r\n    <\/div>\r\n<\/div>\t\t<\/div>\n\t\t\t\t<\/div>\n\t\t\t\t\t<\/div>\n\t\t\t\t<\/div>\n\t\t<div class=\"elementor-element elementor-element-fa50c72 m-box e-flex e-con-boxed e-con e-parent\" data-id=\"fa50c72\" data-element_type=\"container\" data-settings=\"{&quot;background_background&quot;:&quot;classic&quot;}\">\n\t\t\t\t\t<div class=\"e-con-inner\">\n\t\t<div class=\"elementor-element elementor-element-4a88494 e-con-full e-flex e-con e-child\" data-id=\"4a88494\" data-element_type=\"container\" data-settings=\"{&quot;background_background&quot;:&quot;classic&quot;}\">\n\t\t\t\t<div class=\"elementor-element elementor-element-27cf449 elementor-widget elementor-widget-heading\" data-id=\"27cf449\" data-element_type=\"widget\" data-widget_type=\"heading.default\">\n\t\t\t\t<div class=\"elementor-widget-container\">\n\t\t\t<h2 class=\"elementor-heading-title elementor-size-default\">\tPrenumerera och h\u00e5ll dig <span>uppdaterad.<\/span><\/h2>\t\t<\/div>\n\t\t\t\t<\/div>\n\t\t\t\t<div class=\"elementor-element elementor-element-b634391 elementor-widget elementor-widget-text-editor\" data-id=\"b634391\" data-element_type=\"widget\" data-widget_type=\"text-editor.default\">\n\t\t\t\t<div class=\"elementor-widget-container\">\n\t\t\t<div class=\"aa-text__body checkmark-list\">\t\t\t\t<div class=\"aa-newsletter__body\">\n\t\t\t\t\t\t\t\t<p>Anm\u00e4l dig f\u00f6r att f\u00e5 de senaste nyheterna fr\u00e5n Neoss, inklusive webbinarier och kurser, nya produktnyheter och klinisk forskning.<\/p>\n\t\t\t\t\t\t\t<\/div>\t\t\t\t<\/div>\t\t<\/div>\n\t\t\t\t<\/div>\n\t\t\t\t<\/div>\n\t\t<div class=\"elementor-element elementor-element-0e9684b e-con-full e-flex e-con e-child\" data-id=\"0e9684b\" data-element_type=\"container\" data-settings=\"{&quot;background_background&quot;:&quot;classic&quot;}\">\n\t\t\t\t<div class=\"elementor-element elementor-element-fa96ab9 aa-form-button--1 elementor-widget elementor-widget-hubspot-form\" data-id=\"fa96ab9\" data-element_type=\"widget\" data-widget_type=\"hubspot-form.default\">\n\t\t\t\t<div class=\"elementor-widget-container\">\n\t\t\t\n\t\t\t\t\t<script>\n\t\t\t\t\t\twindow.hsFormsOnReady = window.hsFormsOnReady || [];\n\t\t\t\t\t\twindow.hsFormsOnReady.push(()=>{\n\t\t\t\t\t\t\thbspt.forms.create({\n\t\t\t\t\t\t\t\tportalId: 19798429,\n\t\t\t\t\t\t\t\tformId: \"ff4f52f3-b1f4-4a26-93d2-80cd5f27ad18\",\n\t\t\t\t\t\t\t\ttarget: \"#hbspt-form-1777477734000-6911496052\",\n\t\t\t\t\t\t\t\tregion: \"na1\",\n\t\t\t\t\t\t\t\t\n\t\t\t\t\t\t})});\n\t\t\t\t\t<\/script>\n\t\t\t\t\t<div class=\"hbspt-form\" id=\"hbspt-form-1777477734000-6911496052\"><\/div>\t\t<\/div>\n\t\t\t\t<\/div>\n\t\t\t\t<\/div>\n\t\t\t\t\t<\/div>\n\t\t\t\t<\/div>\n\t\t\t\t<\/div>\n\t\t","protected":false},"excerpt":{"rendered":"<p>Dedikerade till kontinuerlig utbildning Tillsammans ska vi f\u00f6rb\u00e4ttra livskvaliteten f\u00f6r tandv\u00e5rdspatienter P\u00e5 Neoss str\u00e4var vi efter att underl\u00e4tta den kontinuerliga kunskapstillv\u00e4xten f\u00f6r v\u00e5ra partners och kunder. Genom att l\u00e4ra av varandra kan vi tillsammans skapa ett b\u00e4ttre liv f\u00f6r v\u00e5ra tandv\u00e5rdspatienter. H\u00e4r finner du en \u00f6versikt \u00f6ver n\u00e5gra av de olika utbildningsinsatser vi har radat [&hellip;]<\/p>\n","protected":false},"author":3,"featured_media":0,"parent":0,"menu_order":0,"comment_status":"closed","ping_status":"closed","template":"","meta":{"_acf_changed":false,"content-type":"","_relevanssi_hide_post":"","_relevanssi_hide_content":"","_relevanssi_pin_for_all":"","_relevanssi_pin_keywords":"","_relevanssi_unpin_keywords":"","_relevanssi_related_keywords":"","_relevanssi_related_include_ids":"","_relevanssi_related_exclude_ids":"","_relevanssi_related_no_append":"","_relevanssi_related_not_related":"","_relevanssi_related_posts":"","_relevanssi_noindex_reason":"","footnotes":""},"categories":[41],"tags":[],"page_type":[18],"class_list":["post-2237","page","type-page","status-publish","hentry","category-normal","page_type-page"],"acf":[],"yoast_head":"<!-- This site is optimized with the Yoast SEO Premium plugin v24.8 (Yoast SEO v24.8.1) - https:\/\/yoast.com\/wordpress\/plugins\/seo\/ -->\n<title>Utbildning<\/title>\n<meta name=\"robots\" content=\"index, follow, max-snippet:-1, max-image-preview:large, max-video-preview:-1\" \/>\n<link rel=\"canonical\" href=\"https:\/\/test.neoss.com\/sv\/utbildning\/\" \/>\n<meta property=\"og:locale\" content=\"sv_SE\" \/>\n<meta property=\"og:type\" content=\"article\" \/>\n<meta property=\"og:title\" content=\"Utbildning\" \/>\n<meta property=\"og:description\" content=\"Dedikerade till kontinuerlig utbildning Tillsammans ska vi f\u00f6rb\u00e4ttra livskvaliteten f\u00f6r tandv\u00e5rdspatienter P\u00e5 Neoss str\u00e4var vi efter att underl\u00e4tta den kontinuerliga kunskapstillv\u00e4xten f\u00f6r v\u00e5ra partners och kunder. Genom att l\u00e4ra av varandra kan vi tillsammans skapa ett b\u00e4ttre liv f\u00f6r v\u00e5ra tandv\u00e5rdspatienter. H\u00e4r finner du en \u00f6versikt \u00f6ver n\u00e5gra av de olika utbildningsinsatser vi har radat [&hellip;]\" \/>\n<meta property=\"og:url\" content=\"https:\/\/test.neoss.com\/sv\/utbildning\/\" \/>\n<meta property=\"og:site_name\" content=\"Sverige\" \/>\n<meta property=\"article:publisher\" content=\"https:\/\/www.facebook.com\/NeossGroup\" \/>\n<meta property=\"article:modified_time\" content=\"2025-06-11T09:25:53+00:00\" \/>\n<meta property=\"og:image\" content=\"https:\/\/neoss-web.azureedge.net\/global\/Images\/City%20images\/london.jpg\" \/>\n<meta name=\"twitter:card\" content=\"summary_large_image\" \/>\n<meta name=\"twitter:label1\" content=\"Est. reading time\" \/>\n\t<meta name=\"twitter:data1\" content=\"6 minutes\" \/>\n<script type=\"application\/ld+json\" class=\"yoast-schema-graph\">{\"@context\":\"https:\/\/schema.org\",\"@graph\":[{\"@type\":\"WebPage\",\"@id\":\"https:\/\/test.neoss.com\/sv\/utbildning\/\",\"url\":\"https:\/\/test.neoss.com\/sv\/utbildning\/\",\"name\":\"Utbildning\",\"isPartOf\":{\"@id\":\"https:\/\/test.neoss.com\/sv\/#website\"},\"primaryImageOfPage\":{\"@id\":\"https:\/\/test.neoss.com\/sv\/utbildning\/#primaryimage\"},\"image\":{\"@id\":\"https:\/\/test.neoss.com\/sv\/utbildning\/#primaryimage\"},\"thumbnailUrl\":\"https:\/\/neoss-web.azureedge.net\/global\/Images\/City%20images\/london.jpg\",\"datePublished\":\"2025-01-21T06:02:07+00:00\",\"dateModified\":\"2025-06-11T09:25:53+00:00\",\"breadcrumb\":{\"@id\":\"https:\/\/test.neoss.com\/sv\/utbildning\/#breadcrumb\"},\"inLanguage\":\"sv-SE\",\"potentialAction\":[{\"@type\":\"ReadAction\",\"target\":[\"https:\/\/test.neoss.com\/sv\/utbildning\/\"]}]},{\"@type\":\"ImageObject\",\"inLanguage\":\"sv-SE\",\"@id\":\"https:\/\/test.neoss.com\/sv\/utbildning\/#primaryimage\",\"url\":\"https:\/\/neoss-web.azureedge.net\/global\/Images\/City%20images\/london.jpg\",\"contentUrl\":\"https:\/\/neoss-web.azureedge.net\/global\/Images\/City%20images\/london.jpg\"},{\"@type\":\"BreadcrumbList\",\"@id\":\"https:\/\/test.neoss.com\/sv\/utbildning\/#breadcrumb\",\"itemListElement\":[{\"@type\":\"ListItem\",\"position\":1,\"name\":\"Home\",\"item\":\"https:\/\/test.neoss.com\/sv\/\"},{\"@type\":\"ListItem\",\"position\":2,\"name\":\"Utbildning\"}]},{\"@type\":\"WebSite\",\"@id\":\"https:\/\/test.neoss.com\/sv\/#website\",\"url\":\"https:\/\/test.neoss.com\/sv\/\",\"name\":\"Neoss - Intelligent Simplicity\",\"description\":\"\",\"publisher\":{\"@id\":\"https:\/\/test.neoss.com\/sv\/#organization\"},\"potentialAction\":[{\"@type\":\"SearchAction\",\"target\":{\"@type\":\"EntryPoint\",\"urlTemplate\":\"https:\/\/test.neoss.com\/sv\/?s={search_term_string}\"},\"query-input\":{\"@type\":\"PropertyValueSpecification\",\"valueRequired\":true,\"valueName\":\"search_term_string\"}}],\"inLanguage\":\"sv-SE\"},{\"@type\":\"Organization\",\"@id\":\"https:\/\/test.neoss.com\/sv\/#organization\",\"name\":\"neoss\",\"url\":\"https:\/\/test.neoss.com\/sv\/\",\"logo\":{\"@type\":\"ImageObject\",\"inLanguage\":\"sv-SE\",\"@id\":\"https:\/\/test.neoss.com\/sv\/#\/schema\/logo\/image\/\",\"url\":\"https:\/\/neoss-web.azureedge.net\/logo\/neoss-logo1-1.svg\",\"contentUrl\":\"https:\/\/neoss-web.azureedge.net\/logo\/neoss-logo1-1.svg\",\"width\":96,\"height\":31,\"caption\":\"neoss\"},\"image\":{\"@id\":\"https:\/\/test.neoss.com\/sv\/#\/schema\/logo\/image\/\"},\"sameAs\":[\"https:\/\/www.facebook.com\/NeossGroup\"]}]}<\/script>\n<!-- \/ Yoast SEO Premium plugin. -->","yoast_head_json":{"title":"Utbildning","robots":{"index":"index","follow":"follow","max-snippet":"max-snippet:-1","max-image-preview":"max-image-preview:large","max-video-preview":"max-video-preview:-1"},"canonical":"https:\/\/test.neoss.com\/sv\/utbildning\/","og_locale":"sv_SE","og_type":"article","og_title":"Utbildning","og_description":"Dedikerade till kontinuerlig utbildning Tillsammans ska vi f\u00f6rb\u00e4ttra livskvaliteten f\u00f6r tandv\u00e5rdspatienter P\u00e5 Neoss str\u00e4var vi efter att underl\u00e4tta den kontinuerliga kunskapstillv\u00e4xten f\u00f6r v\u00e5ra partners och kunder. Genom att l\u00e4ra av varandra kan vi tillsammans skapa ett b\u00e4ttre liv f\u00f6r v\u00e5ra tandv\u00e5rdspatienter. H\u00e4r finner du en \u00f6versikt \u00f6ver n\u00e5gra av de olika utbildningsinsatser vi har radat [&hellip;]","og_url":"https:\/\/test.neoss.com\/sv\/utbildning\/","og_site_name":"Sverige","article_publisher":"https:\/\/www.facebook.com\/NeossGroup","article_modified_time":"2025-06-11T09:25:53+00:00","og_image":[{"url":"https:\/\/neoss-web.azureedge.net\/global\/Images\/City%20images\/london.jpg","type":"","width":"","height":""}],"twitter_card":"summary_large_image","twitter_misc":{"Est. reading time":"6 minutes"},"schema":{"@context":"https:\/\/schema.org","@graph":[{"@type":"WebPage","@id":"https:\/\/test.neoss.com\/sv\/utbildning\/","url":"https:\/\/test.neoss.com\/sv\/utbildning\/","name":"Utbildning","isPartOf":{"@id":"https:\/\/test.neoss.com\/sv\/#website"},"primaryImageOfPage":{"@id":"https:\/\/test.neoss.com\/sv\/utbildning\/#primaryimage"},"image":{"@id":"https:\/\/test.neoss.com\/sv\/utbildning\/#primaryimage"},"thumbnailUrl":"https:\/\/neoss-web.azureedge.net\/global\/Images\/City%20images\/london.jpg","datePublished":"2025-01-21T06:02:07+00:00","dateModified":"2025-06-11T09:25:53+00:00","breadcrumb":{"@id":"https:\/\/test.neoss.com\/sv\/utbildning\/#breadcrumb"},"inLanguage":"sv-SE","potentialAction":[{"@type":"ReadAction","target":["https:\/\/test.neoss.com\/sv\/utbildning\/"]}]},{"@type":"ImageObject","inLanguage":"sv-SE","@id":"https:\/\/test.neoss.com\/sv\/utbildning\/#primaryimage","url":"https:\/\/neoss-web.azureedge.net\/global\/Images\/City%20images\/london.jpg","contentUrl":"https:\/\/neoss-web.azureedge.net\/global\/Images\/City%20images\/london.jpg"},{"@type":"BreadcrumbList","@id":"https:\/\/test.neoss.com\/sv\/utbildning\/#breadcrumb","itemListElement":[{"@type":"ListItem","position":1,"name":"Home","item":"https:\/\/test.neoss.com\/sv\/"},{"@type":"ListItem","position":2,"name":"Utbildning"}]},{"@type":"WebSite","@id":"https:\/\/test.neoss.com\/sv\/#website","url":"https:\/\/test.neoss.com\/sv\/","name":"Neoss - Intelligent Simplicity","description":"","publisher":{"@id":"https:\/\/test.neoss.com\/sv\/#organization"},"potentialAction":[{"@type":"SearchAction","target":{"@type":"EntryPoint","urlTemplate":"https:\/\/test.neoss.com\/sv\/?s={search_term_string}"},"query-input":{"@type":"PropertyValueSpecification","valueRequired":true,"valueName":"search_term_string"}}],"inLanguage":"sv-SE"},{"@type":"Organization","@id":"https:\/\/test.neoss.com\/sv\/#organization","name":"neoss","url":"https:\/\/test.neoss.com\/sv\/","logo":{"@type":"ImageObject","inLanguage":"sv-SE","@id":"https:\/\/test.neoss.com\/sv\/#\/schema\/logo\/image\/","url":"https:\/\/neoss-web.azureedge.net\/logo\/neoss-logo1-1.svg","contentUrl":"https:\/\/neoss-web.azureedge.net\/logo\/neoss-logo1-1.svg","width":96,"height":31,"caption":"neoss"},"image":{"@id":"https:\/\/test.neoss.com\/sv\/#\/schema\/logo\/image\/"},"sameAs":["https:\/\/www.facebook.com\/NeossGroup"]}]}},"_links":{"self":[{"href":"https:\/\/test.neoss.com\/sv\/wp-json\/wp\/v2\/pages\/2237","targetHints":{"allow":["GET"]}}],"collection":[{"href":"https:\/\/test.neoss.com\/sv\/wp-json\/wp\/v2\/pages"}],"about":[{"href":"https:\/\/test.neoss.com\/sv\/wp-json\/wp\/v2\/types\/page"}],"author":[{"embeddable":true,"href":"https:\/\/test.neoss.com\/sv\/wp-json\/wp\/v2\/users\/3"}],"replies":[{"embeddable":true,"href":"https:\/\/test.neoss.com\/sv\/wp-json\/wp\/v2\/comments?post=2237"}],"version-history":[{"count":8,"href":"https:\/\/test.neoss.com\/sv\/wp-json\/wp\/v2\/pages\/2237\/revisions"}],"predecessor-version":[{"id":7930,"href":"https:\/\/test.neoss.com\/sv\/wp-json\/wp\/v2\/pages\/2237\/revisions\/7930"}],"wp:attachment":[{"href":"https:\/\/test.neoss.com\/sv\/wp-json\/wp\/v2\/media?parent=2237"}],"wp:term":[{"taxonomy":"category","embeddable":true,"href":"https:\/\/test.neoss.com\/sv\/wp-json\/wp\/v2\/categories?post=2237"},{"taxonomy":"post_tag","embeddable":true,"href":"https:\/\/test.neoss.com\/sv\/wp-json\/wp\/v2\/tags?post=2237"},{"taxonomy":"page_type","embeddable":true,"href":"https:\/\/test.neoss.com\/sv\/wp-json\/wp\/v2\/page_type?post=2237"}],"curies":[{"name":"wp","href":"https:\/\/api.w.org\/{rel}","templated":true}]}}