{"id":3152,"date":"2025-01-25T08:16:17","date_gmt":"2025-01-25T00:16:17","guid":{"rendered":"https:\/\/test.neoss.com\/sv\/?page_id=3152"},"modified":"2025-07-22T17:58:18","modified_gmt":"2025-07-22T09:58:18","slug":"reklamation","status":"publish","type":"page","link":"https:\/\/test.neoss.com\/sv\/reklamation\/","title":{"rendered":"Reklamation"},"content":{"rendered":"\t\t<div data-elementor-type=\"wp-page\" data-elementor-id=\"3152\" class=\"elementor elementor-3152\" data-elementor-post-type=\"page\">\n\t\t\t\t<div class=\"elementor-element elementor-element-2ac41b93 e-con-full e-flex e-con e-parent\" data-id=\"2ac41b93\" data-element_type=\"container\">\n\t\t<div class=\"elementor-element elementor-element-6a9d62f5 e-con-full e-flex e-con e-child\" data-id=\"6a9d62f5\" data-element_type=\"container\">\n\t\t\t\t<div class=\"elementor-element elementor-element-663d2d83 elementor-widget elementor-widget-heading\" data-id=\"663d2d83\" data-element_type=\"widget\" data-widget_type=\"heading.default\">\n\t\t\t\t<div class=\"elementor-widget-container\">\n\t\t\t<style>\/*! elementor - v3.23.0 - 05-08-2024 *\/\n.elementor-heading-title{padding:0;margin:0;line-height:1}.elementor-widget-heading .elementor-heading-title[class*=elementor-size-]>a{color:inherit;font-size:inherit;line-height:inherit}.elementor-widget-heading .elementor-heading-title.elementor-size-small{font-size:15px}.elementor-widget-heading .elementor-heading-title.elementor-size-medium{font-size:19px}.elementor-widget-heading .elementor-heading-title.elementor-size-large{font-size:29px}.elementor-widget-heading .elementor-heading-title.elementor-size-xl{font-size:39px}.elementor-widget-heading .elementor-heading-title.elementor-size-xxl{font-size:59px}<\/style><span class=\"elementor-heading-title elementor-size-default\">V I   \u00c4 R   H \u00c4 R   F \u00d6 R   A T T   H J \u00c4 L P A\n<\/span>\t\t<\/div>\n\t\t\t\t<\/div>\n\t\t\t\t<div class=\"elementor-element elementor-element-71c2650 elementor-widget elementor-widget-heading\" data-id=\"71c2650\" data-element_type=\"widget\" data-widget_type=\"heading.default\">\n\t\t\t\t<div class=\"elementor-widget-container\">\n\t\t\t<h3 class=\"elementor-heading-title elementor-size-default\">Reklamation<\/h3>\t\t<\/div>\n\t\t\t\t<\/div>\n\t\t\t\t<div class=\"elementor-element elementor-element-8446c6c elementor-widget elementor-widget-text-editor\" data-id=\"8446c6c\" data-element_type=\"widget\" data-widget_type=\"text-editor.default\">\n\t\t\t\t<div class=\"elementor-widget-container\">\n\t\t\t<style>\/*! elementor - v3.23.0 - 05-08-2024 *\/\n.elementor-widget-text-editor.elementor-drop-cap-view-stacked .elementor-drop-cap{background-color:#69727d;color:#fff}.elementor-widget-text-editor.elementor-drop-cap-view-framed .elementor-drop-cap{color:#69727d;border:3px solid;background-color:transparent}.elementor-widget-text-editor:not(.elementor-drop-cap-view-default) .elementor-drop-cap{margin-top:8px}.elementor-widget-text-editor:not(.elementor-drop-cap-view-default) .elementor-drop-cap-letter{width:1em;height:1em}.elementor-widget-text-editor .elementor-drop-cap{float:left;text-align:center;line-height:1;font-size:50px}.elementor-widget-text-editor .elementor-drop-cap-letter{display:inline-block}<\/style><div class=\"aa-text__body checkmark-list\">\t\t\t\t<p style=\"font-size: 18px;\">Neoss produkter \u00e4r konstruerade f\u00f6r kontinuerligt h\u00f6g prestanda, men om du upplever ett problem med din Neoss-produkt skulle vi uppskatta att du tar dig tid att fylla i detta digitala reklamationsformul\u00e4r. Din feedback \u00e4r viktig f\u00f6r den fortsatta utvecklingen av v\u00e5ra produkter och tj\u00e4nster.<\/p>\n<p style=\"font-size: 18px;\">&nbsp;<\/p>\n<p style=\"font-size: 18px;\">Hur du l\u00e4mnar in din reklamation ang\u00e5ende en Neoss-produkt:<\/p>\n<ol>\n<li>V\u00e4lj l\u00e4mpligt digitalt reklamationsformul\u00e4r, som finns till h\u00f6ger p\u00e5 den h\u00e4r sidan, p\u00e5 det spr\u00e5k som g\u00e4ller f\u00f6r dig.<\/li>\n<li>Fyll i formul\u00e4ret och skicka in det.<\/li>\n<li>F\u00e5 bekr\u00e4ftelse via e-post med reklamations\u00e4rendets ID-nummer.<\/li>\n<li>Skicka den steriliserade produkten m\u00e4rkt med ID-nummer till ditt lokala kontor, se Support f\u00f6r detaljer.<\/li>\n<li>En representant fr\u00e5n Neoss lokala kontor tar \u00f6ver d\u00e4rifr\u00e5n.<\/li>\n<\/ol>\n<p>Om du inte kan anv\u00e4nda det digitala formul\u00e4ret kan ett PDF-formul\u00e4r laddas ner l\u00e4ngre ner p\u00e5 denna sida, p\u00e5 det spr\u00e5k som g\u00e4ller f\u00f6r dig.<\/p>\n<p>&nbsp;<\/p>\t\t\t\t<\/div>\t\t<\/div>\n\t\t\t\t<\/div>\n\t\t\t\t<\/div>\n\t\t<div class=\"elementor-element elementor-element-6e1b7e34 e-con-full e-flex e-con e-child\" data-id=\"6e1b7e34\" data-element_type=\"container\">\n\t\t\t\t<div class=\"elementor-element elementor-element-2a52da6e elementor-widget elementor-widget-button\" data-id=\"2a52da6e\" data-element_type=\"widget\" data-widget_type=\"button.default\">\n\t\t\t\t<div class=\"elementor-widget-container\">\n\t\t\t\t\t<div class=\"elementor-button-wrapper\">\n\t\t\t<a class=\"elementor-button elementor-button-link elementor-size-sm\" href=\"https:\/\/complaint.neoss.com\/?c=SE&#038;_gl=1*fbduq2*_gcl_au*ODAyMjUyOTk5LjE3Mzk0NDE1NjU.*_ga*MTExNTkzNTAwOS4xNzIyNjU0MzU4*_ga_GQ5V7B72KS*MTc0NTQ2Mzg2NS41OC4xLjE3NDU0NjQxMTUuMC4wLjA.\">\n\t\t\t\t\t\t<span class=\"elementor-button-content-wrapper\">\n\t\t\t\t\t\t\t\t\t<span class=\"elementor-button-text\"> Reklamationsformul\u00e4r (Svenska)<\/span>\n\t\t\t\t\t<\/span>\n\t\t\t\t\t<\/a>\n\t\t<\/div>\n\t\t\t\t<\/div>\n\t\t\t\t<\/div>\n\t\t\t\t<\/div>\n\t\t\t\t<\/div>\n\t\t<div class=\"elementor-element elementor-element-3cd98d1c e-con-full e-flex e-con e-parent\" data-id=\"3cd98d1c\" data-element_type=\"container\">\n\t\t<div class=\"elementor-element elementor-element-564113f1 e-con-full e-flex e-con e-child\" data-id=\"564113f1\" data-element_type=\"container\">\n\t\t\t\t<div class=\"elementor-element elementor-element-2a627e50 elementor-widget elementor-widget-image\" data-id=\"2a627e50\" data-element_type=\"widget\" data-widget_type=\"image.default\">\n\t\t\t\t<div class=\"elementor-widget-container\">\n\t\t\t<style>\/*! elementor - v3.23.0 - 05-08-2024 *\/\n.elementor-widget-image{text-align:center}.elementor-widget-image a{display:inline-block}.elementor-widget-image a img[src$=\".svg\"]{width:48px}.elementor-widget-image img{vertical-align:middle;display:inline-block}<\/style>\t\t\t\t\t\t\t\t\t\t<img decoding=\"async\" src=\"https:\/\/neoss-web.azureedge.net\/Neoss%20lifetime%20warranty-1.webp\" title=\"\" alt=\"\" loading=\"lazy\" \/>\t\t\t\t\t\t\t\t\t\t\t\t\t<\/div>\n\t\t\t\t<\/div>\n\t\t\t\t<\/div>\n\t\t<div class=\"elementor-element elementor-element-4ef6a662 e-flex e-con-boxed e-con e-child\" data-id=\"4ef6a662\" data-element_type=\"container\">\n\t\t\t\t\t<div class=\"e-con-inner\">\n\t\t\t\t<div class=\"elementor-element elementor-element-29d2e2e3 elementor-widget elementor-widget-heading\" data-id=\"29d2e2e3\" data-element_type=\"widget\" data-widget_type=\"heading.default\">\n\t\t\t\t<div class=\"elementor-widget-container\">\n\t\t\t<span class=\"elementor-heading-title elementor-size-default\">F\u00d6R VI VET ATT V\u00c5RA PRODUKTER FUNGERAR\n<\/span>\t\t<\/div>\n\t\t\t\t<\/div>\n\t\t\t\t<div class=\"elementor-element elementor-element-6fb476f7 elementor-widget elementor-widget-heading\" data-id=\"6fb476f7\" data-element_type=\"widget\" data-widget_type=\"heading.default\">\n\t\t\t\t<div class=\"elementor-widget-container\">\n\t\t\t<h1 class=\"elementor-heading-title elementor-size-default\">Garanti<\/h1>\t\t<\/div>\n\t\t\t\t<\/div>\n\t\t\t\t<div class=\"elementor-element elementor-element-15f34a80 elementor-widget elementor-widget-text-editor\" data-id=\"15f34a80\" data-element_type=\"widget\" data-widget_type=\"text-editor.default\">\n\t\t\t\t<div class=\"elementor-widget-container\">\n\t\t\t<div class=\"aa-text__body checkmark-list\">\t\t\t\t<p>Klicka p\u00e5 l\u00e4nken nedan f\u00f6r att hitta v\u00e5rt garantiprogram. F\u00f6r produkter installerade f\u00f6re 2022-12-31, g\u00e5 till andra halvan av dokumentet.<\/p><p><a href=\"https:\/\/neoss-web.azureedge.net\/10431_2 Warranty Program SE.pdf\" data-wplink-url-error=\"true\">Neoss garantiprogram<\/a><\/p>\t\t\t\t<\/div>\t\t<\/div>\n\t\t\t\t<\/div>\n\t\t\t\t\t<\/div>\n\t\t\t\t<\/div>\n\t\t\t\t<\/div>\n\t\t<div class=\"elementor-element elementor-element-3a2c813a e-con-full e-flex e-con e-parent\" data-id=\"3a2c813a\" data-element_type=\"container\">\n\t\t<div class=\"elementor-element elementor-element-4c27ddff e-con-full e-flex e-con e-child\" data-id=\"4c27ddff\" data-element_type=\"container\">\n\t\t\t\t<div class=\"elementor-element elementor-element-5d697752 elementor-absolute elementor-hidden-desktop elementor-hidden-tablet elementor-hidden-laptop elementor-widget elementor-widget-heading\" data-id=\"5d697752\" data-element_type=\"widget\" data-settings=\"{&quot;_position&quot;:&quot;absolute&quot;}\" data-widget_type=\"heading.default\">\n\t\t\t\t<div class=\"elementor-widget-container\">\n\t\t\t<h4 class=\"elementor-heading-title elementor-size-default\">Download<\/h4>\t\t<\/div>\n\t\t\t\t<\/div>\n\t\t\t\t<div class=\"elementor-element elementor-element-3b03c290 elementor-widget elementor-widget-yunce_swiper_module\" data-id=\"3b03c290\" data-element_type=\"widget\" data-widget_type=\"yunce_swiper_module.default\">\n\t\t\t\t<div class=\"elementor-widget-container\">\n\t\t\t<div class=\"yunce_swiper_module\"\r\n    data-module=\"3b03c290\">\r\n    <div class=\"swiper_box\">\r\n                    <div class=\"swiper_module_title\">\r\n                <h4 class=\"aa-slider-title\">Download<\/h4>\r\n            <\/div>\r\n                <div class=\"yunce-swiper-container\"\r\n            data-config='{\"autoplay_delay\":5000,\"autoplay\":false,\"loop\":false,\"speed\":500,\"show_navigation\":true,\"show_pagination\":true}'>\r\n            <div class=\"swiper-wrapper\">\r\n                                    <div class=\"swiper-slide swiper-item\">\r\n                                                    <div class=\"swiper-thumbnail\">\r\n                                <img decoding=\"async\" src=\"https:\/\/neoss-web.azureedge.net\/global\/Images\/theme-assets\/neoss-prod-thumbnail-bg.svg\" alt=\"Svenska - Neoss Reklamationsformul\u00e4r\">\r\n                            <\/div>\r\n                        \r\n                                                    <h5 class=\"swiper-title\">Svenska - Neoss Reklamationsformul\u00e4r<\/h5>\r\n                        \r\n                        \r\n                                                    <div class=\"item-button-box\">\r\n                                <a href=\"https:\/\/neoss-web.azureedge.net\/10432_8%20Neoss%20Customer%20Complaint%20Form%20SV.pdf\"\r\n                                rel=\"nofollow\"                                target=\"_blank\"                                class=\"elementor-button item-button\">\r\n                                    Download                                <\/a>\r\n                            <\/div>\r\n\r\n                                            <\/div>\r\n                            <\/div>\r\n            <div class=\"slider-gradient-overlay\"><\/div>\r\n        <\/div>\r\n\r\n                    <div class=\"swiper-button-next\"><\/div>\r\n            <div class=\"swiper-button-prev\"><\/div>\r\n            <\/div>\r\n            <div class=\"swiper-pagination\"><\/div>\r\n    <\/div>\t\t<\/div>\n\t\t\t\t<\/div>\n\t\t\t\t<\/div>\n\t\t\t\t<\/div>\n\t\t\t\t<\/div>\n\t\t","protected":false},"excerpt":{"rendered":"<p>V I \u00c4 R H \u00c4 R F \u00d6 R A T T H J \u00c4 L P A Reklamation Neoss produkter \u00e4r konstruerade f\u00f6r kontinuerligt h\u00f6g prestanda, men om du upplever ett problem med din Neoss-produkt skulle vi uppskatta att du tar dig tid att fylla i detta digitala reklamationsformul\u00e4r. Din feedback \u00e4r viktig [&hellip;]<\/p>\n","protected":false},"author":3,"featured_media":0,"parent":0,"menu_order":0,"comment_status":"closed","ping_status":"closed","template":"","meta":{"_acf_changed":false,"content-type":"","_relevanssi_hide_post":"","_relevanssi_hide_content":"","_relevanssi_pin_for_all":"","_relevanssi_pin_keywords":"","_relevanssi_unpin_keywords":"","_relevanssi_related_keywords":"","_relevanssi_related_include_ids":"","_relevanssi_related_exclude_ids":"","_relevanssi_related_no_append":"","_relevanssi_related_not_related":"","_relevanssi_related_posts":"","_relevanssi_noindex_reason":"","footnotes":""},"categories":[41],"tags":[],"page_type":[18],"class_list":["post-3152","page","type-page","status-publish","hentry","category-normal","page_type-page"],"acf":[],"yoast_head":"<!-- This site is optimized with the Yoast SEO Premium plugin v24.8 (Yoast SEO v24.8.1) - https:\/\/yoast.com\/wordpress\/plugins\/seo\/ -->\n<title>Reklamation<\/title>\n<meta name=\"robots\" content=\"index, follow, max-snippet:-1, max-image-preview:large, max-video-preview:-1\" \/>\n<link rel=\"canonical\" href=\"https:\/\/test.neoss.com\/sv\/reklamation\/\" \/>\n<meta property=\"og:locale\" content=\"sv_SE\" \/>\n<meta property=\"og:type\" content=\"article\" \/>\n<meta property=\"og:title\" content=\"Reklamation\" \/>\n<meta property=\"og:description\" content=\"V I \u00c4 R H \u00c4 R F \u00d6 R A T T H J \u00c4 L P A Reklamation Neoss produkter \u00e4r konstruerade f\u00f6r kontinuerligt h\u00f6g prestanda, men om du upplever ett problem med din Neoss-produkt skulle vi uppskatta att du tar dig tid att fylla i detta digitala reklamationsformul\u00e4r. Din feedback \u00e4r viktig [&hellip;]\" \/>\n<meta property=\"og:url\" content=\"https:\/\/test.neoss.com\/sv\/reklamation\/\" \/>\n<meta property=\"og:site_name\" content=\"Sverige\" \/>\n<meta property=\"article:publisher\" content=\"https:\/\/www.facebook.com\/NeossGroup\" \/>\n<meta property=\"article:modified_time\" content=\"2025-07-22T09:58:18+00:00\" \/>\n<meta property=\"og:image\" content=\"https:\/\/neoss-web.azureedge.net\/Neoss%20lifetime%20warranty-1.webp\" \/>\n<meta name=\"twitter:card\" content=\"summary_large_image\" \/>\n<meta name=\"twitter:label1\" content=\"Est. reading time\" \/>\n\t<meta name=\"twitter:data1\" content=\"2 minutes\" \/>\n<script type=\"application\/ld+json\" class=\"yoast-schema-graph\">{\"@context\":\"https:\/\/schema.org\",\"@graph\":[{\"@type\":\"WebPage\",\"@id\":\"https:\/\/test.neoss.com\/sv\/reklamation\/\",\"url\":\"https:\/\/test.neoss.com\/sv\/reklamation\/\",\"name\":\"Reklamation\",\"isPartOf\":{\"@id\":\"https:\/\/test.neoss.com\/sv\/#website\"},\"primaryImageOfPage\":{\"@id\":\"https:\/\/test.neoss.com\/sv\/reklamation\/#primaryimage\"},\"image\":{\"@id\":\"https:\/\/test.neoss.com\/sv\/reklamation\/#primaryimage\"},\"thumbnailUrl\":\"https:\/\/neoss-web.azureedge.net\/Neoss%20lifetime%20warranty-1.webp\",\"datePublished\":\"2025-01-25T00:16:17+00:00\",\"dateModified\":\"2025-07-22T09:58:18+00:00\",\"breadcrumb\":{\"@id\":\"https:\/\/test.neoss.com\/sv\/reklamation\/#breadcrumb\"},\"inLanguage\":\"sv-SE\",\"potentialAction\":[{\"@type\":\"ReadAction\",\"target\":[\"https:\/\/test.neoss.com\/sv\/reklamation\/\"]}]},{\"@type\":\"ImageObject\",\"inLanguage\":\"sv-SE\",\"@id\":\"https:\/\/test.neoss.com\/sv\/reklamation\/#primaryimage\",\"url\":\"https:\/\/neoss-web.azureedge.net\/Neoss%20lifetime%20warranty-1.webp\",\"contentUrl\":\"https:\/\/neoss-web.azureedge.net\/Neoss%20lifetime%20warranty-1.webp\"},{\"@type\":\"BreadcrumbList\",\"@id\":\"https:\/\/test.neoss.com\/sv\/reklamation\/#breadcrumb\",\"itemListElement\":[{\"@type\":\"ListItem\",\"position\":1,\"name\":\"Home\",\"item\":\"https:\/\/test.neoss.com\/sv\/\"},{\"@type\":\"ListItem\",\"position\":2,\"name\":\"Reklamation\"}]},{\"@type\":\"WebSite\",\"@id\":\"https:\/\/test.neoss.com\/sv\/#website\",\"url\":\"https:\/\/test.neoss.com\/sv\/\",\"name\":\"Neoss - Intelligent Simplicity\",\"description\":\"\",\"publisher\":{\"@id\":\"https:\/\/test.neoss.com\/sv\/#organization\"},\"potentialAction\":[{\"@type\":\"SearchAction\",\"target\":{\"@type\":\"EntryPoint\",\"urlTemplate\":\"https:\/\/test.neoss.com\/sv\/?s={search_term_string}\"},\"query-input\":{\"@type\":\"PropertyValueSpecification\",\"valueRequired\":true,\"valueName\":\"search_term_string\"}}],\"inLanguage\":\"sv-SE\"},{\"@type\":\"Organization\",\"@id\":\"https:\/\/test.neoss.com\/sv\/#organization\",\"name\":\"neoss\",\"url\":\"https:\/\/test.neoss.com\/sv\/\",\"logo\":{\"@type\":\"ImageObject\",\"inLanguage\":\"sv-SE\",\"@id\":\"https:\/\/test.neoss.com\/sv\/#\/schema\/logo\/image\/\",\"url\":\"https:\/\/neoss-web.azureedge.net\/logo\/neoss-logo1-1.svg\",\"contentUrl\":\"https:\/\/neoss-web.azureedge.net\/logo\/neoss-logo1-1.svg\",\"width\":96,\"height\":31,\"caption\":\"neoss\"},\"image\":{\"@id\":\"https:\/\/test.neoss.com\/sv\/#\/schema\/logo\/image\/\"},\"sameAs\":[\"https:\/\/www.facebook.com\/NeossGroup\"]}]}<\/script>\n<!-- \/ Yoast SEO Premium plugin. -->","yoast_head_json":{"title":"Reklamation","robots":{"index":"index","follow":"follow","max-snippet":"max-snippet:-1","max-image-preview":"max-image-preview:large","max-video-preview":"max-video-preview:-1"},"canonical":"https:\/\/test.neoss.com\/sv\/reklamation\/","og_locale":"sv_SE","og_type":"article","og_title":"Reklamation","og_description":"V I \u00c4 R H \u00c4 R F \u00d6 R A T T H J \u00c4 L P A Reklamation Neoss produkter \u00e4r konstruerade f\u00f6r kontinuerligt h\u00f6g prestanda, men om du upplever ett problem med din Neoss-produkt skulle vi uppskatta att du tar dig tid att fylla i detta digitala reklamationsformul\u00e4r. Din feedback \u00e4r viktig [&hellip;]","og_url":"https:\/\/test.neoss.com\/sv\/reklamation\/","og_site_name":"Sverige","article_publisher":"https:\/\/www.facebook.com\/NeossGroup","article_modified_time":"2025-07-22T09:58:18+00:00","og_image":[{"url":"https:\/\/neoss-web.azureedge.net\/Neoss%20lifetime%20warranty-1.webp","type":"","width":"","height":""}],"twitter_card":"summary_large_image","twitter_misc":{"Est. reading time":"2 minutes"},"schema":{"@context":"https:\/\/schema.org","@graph":[{"@type":"WebPage","@id":"https:\/\/test.neoss.com\/sv\/reklamation\/","url":"https:\/\/test.neoss.com\/sv\/reklamation\/","name":"Reklamation","isPartOf":{"@id":"https:\/\/test.neoss.com\/sv\/#website"},"primaryImageOfPage":{"@id":"https:\/\/test.neoss.com\/sv\/reklamation\/#primaryimage"},"image":{"@id":"https:\/\/test.neoss.com\/sv\/reklamation\/#primaryimage"},"thumbnailUrl":"https:\/\/neoss-web.azureedge.net\/Neoss%20lifetime%20warranty-1.webp","datePublished":"2025-01-25T00:16:17+00:00","dateModified":"2025-07-22T09:58:18+00:00","breadcrumb":{"@id":"https:\/\/test.neoss.com\/sv\/reklamation\/#breadcrumb"},"inLanguage":"sv-SE","potentialAction":[{"@type":"ReadAction","target":["https:\/\/test.neoss.com\/sv\/reklamation\/"]}]},{"@type":"ImageObject","inLanguage":"sv-SE","@id":"https:\/\/test.neoss.com\/sv\/reklamation\/#primaryimage","url":"https:\/\/neoss-web.azureedge.net\/Neoss%20lifetime%20warranty-1.webp","contentUrl":"https:\/\/neoss-web.azureedge.net\/Neoss%20lifetime%20warranty-1.webp"},{"@type":"BreadcrumbList","@id":"https:\/\/test.neoss.com\/sv\/reklamation\/#breadcrumb","itemListElement":[{"@type":"ListItem","position":1,"name":"Home","item":"https:\/\/test.neoss.com\/sv\/"},{"@type":"ListItem","position":2,"name":"Reklamation"}]},{"@type":"WebSite","@id":"https:\/\/test.neoss.com\/sv\/#website","url":"https:\/\/test.neoss.com\/sv\/","name":"Neoss - Intelligent Simplicity","description":"","publisher":{"@id":"https:\/\/test.neoss.com\/sv\/#organization"},"potentialAction":[{"@type":"SearchAction","target":{"@type":"EntryPoint","urlTemplate":"https:\/\/test.neoss.com\/sv\/?s={search_term_string}"},"query-input":{"@type":"PropertyValueSpecification","valueRequired":true,"valueName":"search_term_string"}}],"inLanguage":"sv-SE"},{"@type":"Organization","@id":"https:\/\/test.neoss.com\/sv\/#organization","name":"neoss","url":"https:\/\/test.neoss.com\/sv\/","logo":{"@type":"ImageObject","inLanguage":"sv-SE","@id":"https:\/\/test.neoss.com\/sv\/#\/schema\/logo\/image\/","url":"https:\/\/neoss-web.azureedge.net\/logo\/neoss-logo1-1.svg","contentUrl":"https:\/\/neoss-web.azureedge.net\/logo\/neoss-logo1-1.svg","width":96,"height":31,"caption":"neoss"},"image":{"@id":"https:\/\/test.neoss.com\/sv\/#\/schema\/logo\/image\/"},"sameAs":["https:\/\/www.facebook.com\/NeossGroup"]}]}},"_links":{"self":[{"href":"https:\/\/test.neoss.com\/sv\/wp-json\/wp\/v2\/pages\/3152","targetHints":{"allow":["GET"]}}],"collection":[{"href":"https:\/\/test.neoss.com\/sv\/wp-json\/wp\/v2\/pages"}],"about":[{"href":"https:\/\/test.neoss.com\/sv\/wp-json\/wp\/v2\/types\/page"}],"author":[{"embeddable":true,"href":"https:\/\/test.neoss.com\/sv\/wp-json\/wp\/v2\/users\/3"}],"replies":[{"embeddable":true,"href":"https:\/\/test.neoss.com\/sv\/wp-json\/wp\/v2\/comments?post=3152"}],"version-history":[{"count":8,"href":"https:\/\/test.neoss.com\/sv\/wp-json\/wp\/v2\/pages\/3152\/revisions"}],"predecessor-version":[{"id":8286,"href":"https:\/\/test.neoss.com\/sv\/wp-json\/wp\/v2\/pages\/3152\/revisions\/8286"}],"wp:attachment":[{"href":"https:\/\/test.neoss.com\/sv\/wp-json\/wp\/v2\/media?parent=3152"}],"wp:term":[{"taxonomy":"category","embeddable":true,"href":"https:\/\/test.neoss.com\/sv\/wp-json\/wp\/v2\/categories?post=3152"},{"taxonomy":"post_tag","embeddable":true,"href":"https:\/\/test.neoss.com\/sv\/wp-json\/wp\/v2\/tags?post=3152"},{"taxonomy":"page_type","embeddable":true,"href":"https:\/\/test.neoss.com\/sv\/wp-json\/wp\/v2\/page_type?post=3152"}],"curies":[{"name":"wp","href":"https:\/\/api.w.org\/{rel}","templated":true}]}}