{"id":3160,"date":"2025-01-25T08:17:51","date_gmt":"2025-01-25T00:17:51","guid":{"rendered":"https:\/\/test.neoss.com\/sv\/?page_id=3160"},"modified":"2025-06-11T17:24:20","modified_gmt":"2025-06-11T09:24:20","slug":"mission-and-values","status":"publish","type":"page","link":"https:\/\/test.neoss.com\/sv\/mission-and-values\/","title":{"rendered":"Mission and Values"},"content":{"rendered":"\t\t<div data-elementor-type=\"wp-page\" data-elementor-id=\"3160\" class=\"elementor elementor-3160\" data-elementor-post-type=\"page\">\n\t\t\t\t<div class=\"elementor-element elementor-element-9702436 e-con-full e-flex e-con e-parent\" data-id=\"9702436\" data-element_type=\"container\">\n\t\t<div class=\"elementor-element elementor-element-fd54e02 e-con-full e-flex e-con e-child\" data-id=\"fd54e02\" data-element_type=\"container\">\n\t\t\t\t<div class=\"elementor-element elementor-element-2263e29 elementor-widget elementor-widget-image\" data-id=\"2263e29\" data-element_type=\"widget\" data-widget_type=\"image.default\">\n\t\t\t\t<div class=\"elementor-widget-container\">\n\t\t\t<style>\/*! elementor - v3.23.0 - 05-08-2024 *\/\n.elementor-widget-image{text-align:center}.elementor-widget-image a{display:inline-block}.elementor-widget-image a img[src$=\".svg\"]{width:48px}.elementor-widget-image img{vertical-align:middle;display:inline-block}<\/style>\t\t\t\t\t\t\t\t\t\t<img decoding=\"async\" src=\"https:\/\/neoss-web.azureedge.net\/global\/Images\/Icons_1\/Mission%2c%20values.jpg\" title=\"\" alt=\"\" loading=\"lazy\" \/>\t\t\t\t\t\t\t\t\t\t\t\t\t<\/div>\n\t\t\t\t<\/div>\n\t\t\t\t<\/div>\n\t\t<div class=\"elementor-element elementor-element-fbc3fe4 e-flex e-con-boxed e-con e-child\" data-id=\"fbc3fe4\" data-element_type=\"container\">\n\t\t\t\t\t<div class=\"e-con-inner\">\n\t\t\t\t<div class=\"elementor-element elementor-element-35cd11a elementor-widget elementor-widget-heading\" data-id=\"35cd11a\" data-element_type=\"widget\" data-widget_type=\"heading.default\">\n\t\t\t\t<div class=\"elementor-widget-container\">\n\t\t\t<style>\/*! elementor - v3.23.0 - 05-08-2024 *\/\n.elementor-heading-title{padding:0;margin:0;line-height:1}.elementor-widget-heading .elementor-heading-title[class*=elementor-size-]>a{color:inherit;font-size:inherit;line-height:inherit}.elementor-widget-heading .elementor-heading-title.elementor-size-small{font-size:15px}.elementor-widget-heading .elementor-heading-title.elementor-size-medium{font-size:19px}.elementor-widget-heading .elementor-heading-title.elementor-size-large{font-size:29px}.elementor-widget-heading .elementor-heading-title.elementor-size-xl{font-size:39px}.elementor-widget-heading .elementor-heading-title.elementor-size-xxl{font-size:59px}<\/style><h1 class=\"elementor-heading-title elementor-size-default\">V\u00e5r mission<\/h1>\t\t<\/div>\n\t\t\t\t<\/div>\n\t\t\t\t<div class=\"elementor-element elementor-element-a43b551 elementor-widget elementor-widget-text-editor\" data-id=\"a43b551\" data-element_type=\"widget\" data-widget_type=\"text-editor.default\">\n\t\t\t\t<div class=\"elementor-widget-container\">\n\t\t\t<style>\/*! elementor - v3.23.0 - 05-08-2024 *\/\n.elementor-widget-text-editor.elementor-drop-cap-view-stacked .elementor-drop-cap{background-color:#69727d;color:#fff}.elementor-widget-text-editor.elementor-drop-cap-view-framed .elementor-drop-cap{color:#69727d;border:3px solid;background-color:transparent}.elementor-widget-text-editor:not(.elementor-drop-cap-view-default) .elementor-drop-cap{margin-top:8px}.elementor-widget-text-editor:not(.elementor-drop-cap-view-default) .elementor-drop-cap-letter{width:1em;height:1em}.elementor-widget-text-editor .elementor-drop-cap{float:left;text-align:center;line-height:1;font-size:50px}.elementor-widget-text-editor .elementor-drop-cap-letter{display:inline-block}<\/style><div class=\"aa-text__body checkmark-list\">\t\t\t\t<p style=\"font-size: 20px;\">Att utmana status quo med de smartaste och enklaste l\u00f6sningarna, med en vision om en v\u00e4rld d\u00e4r alla ler med sj\u00e4lvf\u00f6rtroende och njuter av en utm\u00e4rkt, livsl\u00e5ng munh\u00e4lsa.<\/p>\t\t\t\t<\/div>\t\t<\/div>\n\t\t\t\t<\/div>\n\t\t\t\t\t<\/div>\n\t\t\t\t<\/div>\n\t\t\t\t<\/div>\n\t\t<div class=\"elementor-element elementor-element-913d0e8 e-flex e-con-boxed e-con e-parent\" data-id=\"913d0e8\" data-element_type=\"container\">\n\t\t\t\t\t<div class=\"e-con-inner\">\n\t\t\t\t<div class=\"elementor-element elementor-element-1fe00eb elementor-widget elementor-widget-heading\" data-id=\"1fe00eb\" data-element_type=\"widget\" data-widget_type=\"heading.default\">\n\t\t\t\t<div class=\"elementor-widget-container\">\n\t\t\t<h2 class=\"elementor-heading-title elementor-size-default\">V\u00e5ra v\u00e4rderingar\n<\/h2>\t\t<\/div>\n\t\t\t\t<\/div>\n\t\t\t\t\t<\/div>\n\t\t\t\t<\/div>\n\t\t<div class=\"elementor-element elementor-element-15a2c65 e-flex e-con-boxed e-con e-parent\" data-id=\"15a2c65\" data-element_type=\"container\">\n\t\t\t\t\t<div class=\"e-con-inner\">\n\t\t<div class=\"elementor-element elementor-element-7985480 e-con-full e-flex e-con e-child\" data-id=\"7985480\" data-element_type=\"container\">\n\t\t<div class=\"elementor-element elementor-element-cfa3b99 e-con-full e-flex e-con e-child\" data-id=\"cfa3b99\" data-element_type=\"container\">\n\t\t\t\t<div class=\"elementor-element elementor-element-e0a9eaa elementor-widget elementor-widget-image\" data-id=\"e0a9eaa\" data-element_type=\"widget\" data-widget_type=\"image.default\">\n\t\t\t\t<div class=\"elementor-widget-container\">\n\t\t\t\t\t\t\t\t\t\t\t\t\t<img decoding=\"async\" src=\"https:\/\/neoss-web.azureedge.net\/global\/Images\/Icons_1\/Care.jpg?width=300&#038;height=300&#038;name=Care.jpg\" title=\"\" alt=\"\" loading=\"lazy\" \/>\t\t\t\t\t\t\t\t\t\t\t\t\t<\/div>\n\t\t\t\t<\/div>\n\t\t\t\t<div class=\"elementor-element elementor-element-eb5a658 elementor-widget elementor-widget-heading\" data-id=\"eb5a658\" data-element_type=\"widget\" data-widget_type=\"heading.default\">\n\t\t\t\t<div class=\"elementor-widget-container\">\n\t\t\t<h4 class=\"elementor-heading-title elementor-size-default\">OMT\u00c4NKSAM\n<\/h4>\t\t<\/div>\n\t\t\t\t<\/div>\n\t\t\t\t<div class=\"elementor-element elementor-element-36d72a7 elementor-widget elementor-widget-text-editor\" data-id=\"36d72a7\" data-element_type=\"widget\" data-widget_type=\"text-editor.default\">\n\t\t\t\t<div class=\"elementor-widget-container\">\n\t\t\t<div class=\"aa-text__body checkmark-list\">\t\t\t\t<p style=\"font-size: 18px;\">Vi bryr oss om och respekterar v\u00e5ra kollegor och intressenter, v\u00e5ra kunder och deras patienter och str\u00e4var efter att f\u00f6rb\u00e4ttra deras livskvalitet.<\/p>\t\t\t\t<\/div>\t\t<\/div>\n\t\t\t\t<\/div>\n\t\t\t\t<\/div>\n\t\t<div class=\"elementor-element elementor-element-b83c5f1 e-con-full e-flex e-con e-child\" data-id=\"b83c5f1\" data-element_type=\"container\">\n\t\t\t\t<div class=\"elementor-element elementor-element-2696f24 elementor-widget elementor-widget-image\" data-id=\"2696f24\" data-element_type=\"widget\" data-widget_type=\"image.default\">\n\t\t\t\t<div class=\"elementor-widget-container\">\n\t\t\t\t\t\t\t\t\t\t\t\t\t<img decoding=\"async\" src=\"https:\/\/neoss-web.azureedge.net\/global\/Images\/Icons_1\/Courage.jpg?width=300&#038;height=300&#038;name=Courage.jpg\" title=\"\" alt=\"\" loading=\"lazy\" \/>\t\t\t\t\t\t\t\t\t\t\t\t\t<\/div>\n\t\t\t\t<\/div>\n\t\t\t\t<div class=\"elementor-element elementor-element-bf489a4 elementor-widget elementor-widget-heading\" data-id=\"bf489a4\" data-element_type=\"widget\" data-widget_type=\"heading.default\">\n\t\t\t\t<div class=\"elementor-widget-container\">\n\t\t\t<h4 class=\"elementor-heading-title elementor-size-default\">MODIG<\/h4>\t\t<\/div>\n\t\t\t\t<\/div>\n\t\t\t\t<div class=\"elementor-element elementor-element-676d5ff elementor-widget elementor-widget-text-editor\" data-id=\"676d5ff\" data-element_type=\"widget\" data-widget_type=\"text-editor.default\">\n\t\t\t\t<div class=\"elementor-widget-container\">\n\t\t\t<div class=\"aa-text__body checkmark-list\">\t\t\t\t<p style=\"font-size: 18px;\">Vi v\u00e5gar t\u00e4nka nytt och ifr\u00e5gas\u00e4tta det som har gjorts innan. Detta tankes\u00e4tt st\u00e4rker v\u00e5rt f\u00f6rm\u00e5ga att skapa innovativa l\u00f6sningar.<\/p>\t\t\t\t<\/div>\t\t<\/div>\n\t\t\t\t<\/div>\n\t\t\t\t<\/div>\n\t\t<div class=\"elementor-element elementor-element-a3f960e e-con-full e-flex e-con e-child\" data-id=\"a3f960e\" data-element_type=\"container\">\n\t\t\t\t<div class=\"elementor-element elementor-element-5fde5e7 elementor-widget elementor-widget-image\" data-id=\"5fde5e7\" data-element_type=\"widget\" data-widget_type=\"image.default\">\n\t\t\t\t<div class=\"elementor-widget-container\">\n\t\t\t\t\t\t\t\t\t\t\t\t\t<img decoding=\"async\" src=\"https:\/\/neoss-web.azureedge.net\/global\/Images\/Icons_1\/Integrity.jpg?width=300&#038;height=299&#038;name=Integrity.jpg\" title=\"\" alt=\"\" loading=\"lazy\" \/>\t\t\t\t\t\t\t\t\t\t\t\t\t<\/div>\n\t\t\t\t<\/div>\n\t\t\t\t<div class=\"elementor-element elementor-element-60f0af3 elementor-widget elementor-widget-heading\" data-id=\"60f0af3\" data-element_type=\"widget\" data-widget_type=\"heading.default\">\n\t\t\t\t<div class=\"elementor-widget-container\">\n\t\t\t<h4 class=\"elementor-heading-title elementor-size-default\">INTEGRITET<\/h4>\t\t<\/div>\n\t\t\t\t<\/div>\n\t\t\t\t<div class=\"elementor-element elementor-element-2a99402 elementor-widget elementor-widget-text-editor\" data-id=\"2a99402\" data-element_type=\"widget\" data-widget_type=\"text-editor.default\">\n\t\t\t\t<div class=\"elementor-widget-container\">\n\t\t\t<div class=\"aa-text__body checkmark-list\">\t\t\t\t<p style=\"font-size: 18px;\">Allt vi g\u00f6r st\u00f6ds av evidens och expertis och skulle inte existera utan en liten gnista av genialitet.<\/p>\t\t\t\t<\/div>\t\t<\/div>\n\t\t\t\t<\/div>\n\t\t\t\t<\/div>\n\t\t\t\t<\/div>\n\t\t\t\t\t<\/div>\n\t\t\t\t<\/div>\n\t\t<div class=\"elementor-element elementor-element-0369dfa e-flex e-con-boxed e-con e-parent\" data-id=\"0369dfa\" data-element_type=\"container\">\n\t\t\t\t\t<div class=\"e-con-inner\">\n\t\t<div class=\"elementor-element elementor-element-775c0f1 e-con-full e-flex e-con e-child\" data-id=\"775c0f1\" data-element_type=\"container\">\n\t\t<div class=\"elementor-element elementor-element-12b806c e-con-full e-flex e-con e-child\" data-id=\"12b806c\" data-element_type=\"container\">\n\t\t\t\t<div class=\"elementor-element elementor-element-224f588 elementor-widget elementor-widget-image\" data-id=\"224f588\" data-element_type=\"widget\" data-widget_type=\"image.default\">\n\t\t\t\t<div class=\"elementor-widget-container\">\n\t\t\t\t\t\t\t\t\t\t\t\t\t<img decoding=\"async\" src=\"https:\/\/neoss-web.azureedge.net\/global\/Images\/Icons_1\/Simplicity.jpg?width=300&#038;height=299&#038;name=Simplicity.jpg\" title=\"\" alt=\"\" loading=\"lazy\" \/>\t\t\t\t\t\t\t\t\t\t\t\t\t<\/div>\n\t\t\t\t<\/div>\n\t\t\t\t<div class=\"elementor-element elementor-element-656b2ea elementor-widget elementor-widget-heading\" data-id=\"656b2ea\" data-element_type=\"widget\" data-widget_type=\"heading.default\">\n\t\t\t\t<div class=\"elementor-widget-container\">\n\t\t\t<h4 class=\"elementor-heading-title elementor-size-default\">ENKELHET<\/h4>\t\t<\/div>\n\t\t\t\t<\/div>\n\t\t\t\t<div class=\"elementor-element elementor-element-009a508 elementor-widget elementor-widget-text-editor\" data-id=\"009a508\" data-element_type=\"widget\" data-widget_type=\"text-editor.default\">\n\t\t\t\t<div class=\"elementor-widget-container\">\n\t\t\t<div class=\"aa-text__body checkmark-list\">\t\t\t\t<p style=\"font-size: 18px;\">Enkla och l\u00e4ttanv\u00e4nda l\u00f6sningar \u00e4r k\u00e4rnan i Neoss. Vi drivs av enkelhet och effektivitet i alla beslut och aff\u00e4rsmetoder.<\/p>\t\t\t\t<\/div>\t\t<\/div>\n\t\t\t\t<\/div>\n\t\t\t\t<\/div>\n\t\t<div class=\"elementor-element elementor-element-46f31c4 e-con-full e-flex e-con e-child\" data-id=\"46f31c4\" data-element_type=\"container\">\n\t\t\t\t<div class=\"elementor-element elementor-element-2712e2c elementor-widget elementor-widget-image\" data-id=\"2712e2c\" data-element_type=\"widget\" data-widget_type=\"image.default\">\n\t\t\t\t<div class=\"elementor-widget-container\">\n\t\t\t\t\t\t\t\t\t\t\t\t\t<img decoding=\"async\" src=\"https:\/\/neoss-web.azureedge.net\/global\/Images\/Icons_1\/Reliability.png?width=300&#038;height=300&#038;name=Reliability.png\" title=\"\" alt=\"\" loading=\"lazy\" \/>\t\t\t\t\t\t\t\t\t\t\t\t\t<\/div>\n\t\t\t\t<\/div>\n\t\t\t\t<div class=\"elementor-element elementor-element-130310e elementor-widget elementor-widget-heading\" data-id=\"130310e\" data-element_type=\"widget\" data-widget_type=\"heading.default\">\n\t\t\t\t<div class=\"elementor-widget-container\">\n\t\t\t<h4 class=\"elementor-heading-title elementor-size-default\">P\u00c5LITLIGHET\n<\/h4>\t\t<\/div>\n\t\t\t\t<\/div>\n\t\t\t\t<div class=\"elementor-element elementor-element-9448d34 elementor-widget elementor-widget-text-editor\" data-id=\"9448d34\" data-element_type=\"widget\" data-widget_type=\"text-editor.default\">\n\t\t\t\t<div class=\"elementor-widget-container\">\n\t\t\t<div class=\"aa-text__body checkmark-list\">\t\t\t\t<p style=\"font-size: 18px;\">Vi tar alla ansvar f\u00f6r att leverera aff\u00e4rsresultat och uppn\u00e5 v\u00e5ra m\u00e5l i tid.<\/p>\t\t\t\t<\/div>\t\t<\/div>\n\t\t\t\t<\/div>\n\t\t\t\t<\/div>\n\t\t\t\t<\/div>\n\t\t\t\t\t<\/div>\n\t\t\t\t<\/div>\n\t\t<div class=\"elementor-element elementor-element-9bbca4d m-box e-flex e-con-boxed e-con e-parent\" data-id=\"9bbca4d\" data-element_type=\"container\" data-settings=\"{&quot;background_background&quot;:&quot;classic&quot;}\">\n\t\t\t\t\t<div class=\"e-con-inner\">\n\t\t<div class=\"elementor-element elementor-element-0f8f675 e-con-full e-flex e-con e-child\" data-id=\"0f8f675\" data-element_type=\"container\" data-settings=\"{&quot;background_background&quot;:&quot;classic&quot;}\">\n\t\t\t\t<div class=\"elementor-element elementor-element-490755b elementor-widget elementor-widget-heading\" data-id=\"490755b\" data-element_type=\"widget\" data-widget_type=\"heading.default\">\n\t\t\t\t<div class=\"elementor-widget-container\">\n\t\t\t<h2 class=\"elementor-heading-title elementor-size-default\">Prenumerera och h\u00e5ll dig <span>uppdaterad.<\/span><\/h2>\t\t<\/div>\n\t\t\t\t<\/div>\n\t\t\t\t<div class=\"elementor-element elementor-element-e45b6b4 elementor-widget elementor-widget-text-editor\" data-id=\"e45b6b4\" data-element_type=\"widget\" data-widget_type=\"text-editor.default\">\n\t\t\t\t<div class=\"elementor-widget-container\">\n\t\t\t<div class=\"aa-text__body checkmark-list\">\t\t\t\t<p>Anm\u00e4l dig f\u00f6r att f\u00e5 de senaste nyheterna fr\u00e5n Neoss, inklusive webbinarier och kurser, nya produktnyheter och klinisk forskning.<\/p>\t\t\t\t<\/div>\t\t<\/div>\n\t\t\t\t<\/div>\n\t\t\t\t<\/div>\n\t\t<div class=\"elementor-element elementor-element-5e3379e e-con-full e-flex e-con e-child\" data-id=\"5e3379e\" data-element_type=\"container\" data-settings=\"{&quot;background_background&quot;:&quot;classic&quot;}\">\n\t\t\t\t<div class=\"elementor-element elementor-element-8b0fa0a aa-form-button--1 elementor-widget elementor-widget-hubspot-form\" data-id=\"8b0fa0a\" data-element_type=\"widget\" data-widget_type=\"hubspot-form.default\">\n\t\t\t\t<div class=\"elementor-widget-container\">\n\t\t\t\n\t\t\t\t\t<script>\n\t\t\t\t\t\twindow.hsFormsOnReady = window.hsFormsOnReady || [];\n\t\t\t\t\t\twindow.hsFormsOnReady.push(()=>{\n\t\t\t\t\t\t\thbspt.forms.create({\n\t\t\t\t\t\t\t\tportalId: 19798429,\n\t\t\t\t\t\t\t\tformId: \"ff4f52f3-b1f4-4a26-93d2-80cd5f27ad18\",\n\t\t\t\t\t\t\t\ttarget: \"#hbspt-form-1777468457000-2695574927\",\n\t\t\t\t\t\t\t\tregion: \"na1\",\n\t\t\t\t\t\t\t\t\n\t\t\t\t\t\t})});\n\t\t\t\t\t<\/script>\n\t\t\t\t\t<div class=\"hbspt-form\" id=\"hbspt-form-1777468457000-2695574927\"><\/div>\t\t<\/div>\n\t\t\t\t<\/div>\n\t\t\t\t<\/div>\n\t\t\t\t\t<\/div>\n\t\t\t\t<\/div>\n\t\t\t\t<\/div>\n\t\t","protected":false},"excerpt":{"rendered":"<p>V\u00e5r mission Att utmana status quo med de smartaste och enklaste l\u00f6sningarna, med en vision om en v\u00e4rld d\u00e4r alla ler med sj\u00e4lvf\u00f6rtroende och njuter av en utm\u00e4rkt, livsl\u00e5ng munh\u00e4lsa. V\u00e5ra v\u00e4rderingar OMT\u00c4NKSAM Vi bryr oss om och respekterar v\u00e5ra kollegor och intressenter, v\u00e5ra kunder och deras patienter och str\u00e4var efter att f\u00f6rb\u00e4ttra deras livskvalitet. [&hellip;]<\/p>\n","protected":false},"author":3,"featured_media":0,"parent":0,"menu_order":0,"comment_status":"closed","ping_status":"closed","template":"","meta":{"_acf_changed":false,"content-type":"","_relevanssi_hide_post":"","_relevanssi_hide_content":"","_relevanssi_pin_for_all":"","_relevanssi_pin_keywords":"","_relevanssi_unpin_keywords":"","_relevanssi_related_keywords":"","_relevanssi_related_include_ids":"","_relevanssi_related_exclude_ids":"","_relevanssi_related_no_append":"","_relevanssi_related_not_related":"","_relevanssi_related_posts":"","_relevanssi_noindex_reason":"","footnotes":""},"categories":[41],"tags":[],"page_type":[18],"class_list":["post-3160","page","type-page","status-publish","hentry","category-normal","page_type-page"],"acf":[],"yoast_head":"<!-- This site is optimized with the Yoast SEO Premium plugin v24.8 (Yoast SEO v24.8.1) - https:\/\/yoast.com\/wordpress\/plugins\/seo\/ -->\n<title>Mission and Values<\/title>\n<meta name=\"robots\" content=\"index, follow, max-snippet:-1, max-image-preview:large, max-video-preview:-1\" \/>\n<link rel=\"canonical\" href=\"https:\/\/test.neoss.com\/sv\/mission-and-values\/\" \/>\n<meta property=\"og:locale\" content=\"sv_SE\" \/>\n<meta property=\"og:type\" content=\"article\" \/>\n<meta property=\"og:title\" content=\"Mission and Values\" \/>\n<meta property=\"og:description\" content=\"V\u00e5r mission Att utmana status quo med de smartaste och enklaste l\u00f6sningarna, med en vision om en v\u00e4rld d\u00e4r alla ler med sj\u00e4lvf\u00f6rtroende och njuter av en utm\u00e4rkt, livsl\u00e5ng munh\u00e4lsa. V\u00e5ra v\u00e4rderingar OMT\u00c4NKSAM Vi bryr oss om och respekterar v\u00e5ra kollegor och intressenter, v\u00e5ra kunder och deras patienter och str\u00e4var efter att f\u00f6rb\u00e4ttra deras livskvalitet. [&hellip;]\" \/>\n<meta property=\"og:url\" content=\"https:\/\/test.neoss.com\/sv\/mission-and-values\/\" \/>\n<meta property=\"og:site_name\" content=\"Sverige\" \/>\n<meta property=\"article:publisher\" content=\"https:\/\/www.facebook.com\/NeossGroup\" \/>\n<meta property=\"article:modified_time\" content=\"2025-06-11T09:24:20+00:00\" \/>\n<meta property=\"og:image\" content=\"https:\/\/neoss-web.azureedge.net\/global\/Images\/Icons_1\/Mission%2c%20values.jpg\" \/>\n<meta name=\"twitter:card\" content=\"summary_large_image\" \/>\n<meta name=\"twitter:label1\" content=\"Est. reading time\" \/>\n\t<meta name=\"twitter:data1\" content=\"5 minutes\" \/>\n<script type=\"application\/ld+json\" class=\"yoast-schema-graph\">{\"@context\":\"https:\/\/schema.org\",\"@graph\":[{\"@type\":\"WebPage\",\"@id\":\"https:\/\/test.neoss.com\/sv\/mission-and-values\/\",\"url\":\"https:\/\/test.neoss.com\/sv\/mission-and-values\/\",\"name\":\"Mission and Values\",\"isPartOf\":{\"@id\":\"https:\/\/test.neoss.com\/sv\/#website\"},\"primaryImageOfPage\":{\"@id\":\"https:\/\/test.neoss.com\/sv\/mission-and-values\/#primaryimage\"},\"image\":{\"@id\":\"https:\/\/test.neoss.com\/sv\/mission-and-values\/#primaryimage\"},\"thumbnailUrl\":\"https:\/\/neoss-web.azureedge.net\/global\/Images\/Icons_1\/Mission%2c%20values.jpg\",\"datePublished\":\"2025-01-25T00:17:51+00:00\",\"dateModified\":\"2025-06-11T09:24:20+00:00\",\"breadcrumb\":{\"@id\":\"https:\/\/test.neoss.com\/sv\/mission-and-values\/#breadcrumb\"},\"inLanguage\":\"sv-SE\",\"potentialAction\":[{\"@type\":\"ReadAction\",\"target\":[\"https:\/\/test.neoss.com\/sv\/mission-and-values\/\"]}]},{\"@type\":\"ImageObject\",\"inLanguage\":\"sv-SE\",\"@id\":\"https:\/\/test.neoss.com\/sv\/mission-and-values\/#primaryimage\",\"url\":\"https:\/\/neoss-web.azureedge.net\/global\/Images\/Icons_1\/Mission%2c%20values.jpg\",\"contentUrl\":\"https:\/\/neoss-web.azureedge.net\/global\/Images\/Icons_1\/Mission%2c%20values.jpg\"},{\"@type\":\"BreadcrumbList\",\"@id\":\"https:\/\/test.neoss.com\/sv\/mission-and-values\/#breadcrumb\",\"itemListElement\":[{\"@type\":\"ListItem\",\"position\":1,\"name\":\"Home\",\"item\":\"https:\/\/test.neoss.com\/sv\/\"},{\"@type\":\"ListItem\",\"position\":2,\"name\":\"Mission and Values\"}]},{\"@type\":\"WebSite\",\"@id\":\"https:\/\/test.neoss.com\/sv\/#website\",\"url\":\"https:\/\/test.neoss.com\/sv\/\",\"name\":\"Neoss - Intelligent Simplicity\",\"description\":\"\",\"publisher\":{\"@id\":\"https:\/\/test.neoss.com\/sv\/#organization\"},\"potentialAction\":[{\"@type\":\"SearchAction\",\"target\":{\"@type\":\"EntryPoint\",\"urlTemplate\":\"https:\/\/test.neoss.com\/sv\/?s={search_term_string}\"},\"query-input\":{\"@type\":\"PropertyValueSpecification\",\"valueRequired\":true,\"valueName\":\"search_term_string\"}}],\"inLanguage\":\"sv-SE\"},{\"@type\":\"Organization\",\"@id\":\"https:\/\/test.neoss.com\/sv\/#organization\",\"name\":\"neoss\",\"url\":\"https:\/\/test.neoss.com\/sv\/\",\"logo\":{\"@type\":\"ImageObject\",\"inLanguage\":\"sv-SE\",\"@id\":\"https:\/\/test.neoss.com\/sv\/#\/schema\/logo\/image\/\",\"url\":\"https:\/\/neoss-web.azureedge.net\/logo\/neoss-logo1-1.svg\",\"contentUrl\":\"https:\/\/neoss-web.azureedge.net\/logo\/neoss-logo1-1.svg\",\"width\":96,\"height\":31,\"caption\":\"neoss\"},\"image\":{\"@id\":\"https:\/\/test.neoss.com\/sv\/#\/schema\/logo\/image\/\"},\"sameAs\":[\"https:\/\/www.facebook.com\/NeossGroup\"]}]}<\/script>\n<!-- \/ Yoast SEO Premium plugin. -->","yoast_head_json":{"title":"Mission and Values","robots":{"index":"index","follow":"follow","max-snippet":"max-snippet:-1","max-image-preview":"max-image-preview:large","max-video-preview":"max-video-preview:-1"},"canonical":"https:\/\/test.neoss.com\/sv\/mission-and-values\/","og_locale":"sv_SE","og_type":"article","og_title":"Mission and Values","og_description":"V\u00e5r mission Att utmana status quo med de smartaste och enklaste l\u00f6sningarna, med en vision om en v\u00e4rld d\u00e4r alla ler med sj\u00e4lvf\u00f6rtroende och njuter av en utm\u00e4rkt, livsl\u00e5ng munh\u00e4lsa. V\u00e5ra v\u00e4rderingar OMT\u00c4NKSAM Vi bryr oss om och respekterar v\u00e5ra kollegor och intressenter, v\u00e5ra kunder och deras patienter och str\u00e4var efter att f\u00f6rb\u00e4ttra deras livskvalitet. [&hellip;]","og_url":"https:\/\/test.neoss.com\/sv\/mission-and-values\/","og_site_name":"Sverige","article_publisher":"https:\/\/www.facebook.com\/NeossGroup","article_modified_time":"2025-06-11T09:24:20+00:00","og_image":[{"url":"https:\/\/neoss-web.azureedge.net\/global\/Images\/Icons_1\/Mission%2c%20values.jpg","type":"","width":"","height":""}],"twitter_card":"summary_large_image","twitter_misc":{"Est. reading time":"5 minutes"},"schema":{"@context":"https:\/\/schema.org","@graph":[{"@type":"WebPage","@id":"https:\/\/test.neoss.com\/sv\/mission-and-values\/","url":"https:\/\/test.neoss.com\/sv\/mission-and-values\/","name":"Mission and Values","isPartOf":{"@id":"https:\/\/test.neoss.com\/sv\/#website"},"primaryImageOfPage":{"@id":"https:\/\/test.neoss.com\/sv\/mission-and-values\/#primaryimage"},"image":{"@id":"https:\/\/test.neoss.com\/sv\/mission-and-values\/#primaryimage"},"thumbnailUrl":"https:\/\/neoss-web.azureedge.net\/global\/Images\/Icons_1\/Mission%2c%20values.jpg","datePublished":"2025-01-25T00:17:51+00:00","dateModified":"2025-06-11T09:24:20+00:00","breadcrumb":{"@id":"https:\/\/test.neoss.com\/sv\/mission-and-values\/#breadcrumb"},"inLanguage":"sv-SE","potentialAction":[{"@type":"ReadAction","target":["https:\/\/test.neoss.com\/sv\/mission-and-values\/"]}]},{"@type":"ImageObject","inLanguage":"sv-SE","@id":"https:\/\/test.neoss.com\/sv\/mission-and-values\/#primaryimage","url":"https:\/\/neoss-web.azureedge.net\/global\/Images\/Icons_1\/Mission%2c%20values.jpg","contentUrl":"https:\/\/neoss-web.azureedge.net\/global\/Images\/Icons_1\/Mission%2c%20values.jpg"},{"@type":"BreadcrumbList","@id":"https:\/\/test.neoss.com\/sv\/mission-and-values\/#breadcrumb","itemListElement":[{"@type":"ListItem","position":1,"name":"Home","item":"https:\/\/test.neoss.com\/sv\/"},{"@type":"ListItem","position":2,"name":"Mission and Values"}]},{"@type":"WebSite","@id":"https:\/\/test.neoss.com\/sv\/#website","url":"https:\/\/test.neoss.com\/sv\/","name":"Neoss - Intelligent Simplicity","description":"","publisher":{"@id":"https:\/\/test.neoss.com\/sv\/#organization"},"potentialAction":[{"@type":"SearchAction","target":{"@type":"EntryPoint","urlTemplate":"https:\/\/test.neoss.com\/sv\/?s={search_term_string}"},"query-input":{"@type":"PropertyValueSpecification","valueRequired":true,"valueName":"search_term_string"}}],"inLanguage":"sv-SE"},{"@type":"Organization","@id":"https:\/\/test.neoss.com\/sv\/#organization","name":"neoss","url":"https:\/\/test.neoss.com\/sv\/","logo":{"@type":"ImageObject","inLanguage":"sv-SE","@id":"https:\/\/test.neoss.com\/sv\/#\/schema\/logo\/image\/","url":"https:\/\/neoss-web.azureedge.net\/logo\/neoss-logo1-1.svg","contentUrl":"https:\/\/neoss-web.azureedge.net\/logo\/neoss-logo1-1.svg","width":96,"height":31,"caption":"neoss"},"image":{"@id":"https:\/\/test.neoss.com\/sv\/#\/schema\/logo\/image\/"},"sameAs":["https:\/\/www.facebook.com\/NeossGroup"]}]}},"_links":{"self":[{"href":"https:\/\/test.neoss.com\/sv\/wp-json\/wp\/v2\/pages\/3160","targetHints":{"allow":["GET"]}}],"collection":[{"href":"https:\/\/test.neoss.com\/sv\/wp-json\/wp\/v2\/pages"}],"about":[{"href":"https:\/\/test.neoss.com\/sv\/wp-json\/wp\/v2\/types\/page"}],"author":[{"embeddable":true,"href":"https:\/\/test.neoss.com\/sv\/wp-json\/wp\/v2\/users\/3"}],"replies":[{"embeddable":true,"href":"https:\/\/test.neoss.com\/sv\/wp-json\/wp\/v2\/comments?post=3160"}],"version-history":[{"count":8,"href":"https:\/\/test.neoss.com\/sv\/wp-json\/wp\/v2\/pages\/3160\/revisions"}],"predecessor-version":[{"id":7926,"href":"https:\/\/test.neoss.com\/sv\/wp-json\/wp\/v2\/pages\/3160\/revisions\/7926"}],"wp:attachment":[{"href":"https:\/\/test.neoss.com\/sv\/wp-json\/wp\/v2\/media?parent=3160"}],"wp:term":[{"taxonomy":"category","embeddable":true,"href":"https:\/\/test.neoss.com\/sv\/wp-json\/wp\/v2\/categories?post=3160"},{"taxonomy":"post_tag","embeddable":true,"href":"https:\/\/test.neoss.com\/sv\/wp-json\/wp\/v2\/tags?post=3160"},{"taxonomy":"page_type","embeddable":true,"href":"https:\/\/test.neoss.com\/sv\/wp-json\/wp\/v2\/page_type?post=3160"}],"curies":[{"name":"wp","href":"https:\/\/api.w.org\/{rel}","templated":true}]}}