{"id":4146,"date":"2025-02-09T18:37:52","date_gmt":"2025-02-09T10:37:52","guid":{"rendered":"https:\/\/test.neoss.com\/sv\/?page_id=4146"},"modified":"2025-07-06T00:56:26","modified_gmt":"2025-07-05T16:56:26","slug":"news","status":"publish","type":"page","link":"https:\/\/test.neoss.com\/sv\/news\/","title":{"rendered":"News"},"content":{"rendered":"\t\t<div data-elementor-type=\"wp-page\" data-elementor-id=\"4146\" class=\"elementor elementor-4146\" data-elementor-post-type=\"page\">\n\t\t\t\t<div class=\"elementor-element elementor-element-6392ff75 e-flex e-con-boxed e-con e-parent\" data-id=\"6392ff75\" data-element_type=\"container\">\n\t\t\t\t\t<div class=\"e-con-inner\">\n\t\t\t\t<div class=\"elementor-element elementor-element-34060ebe elementor-widget elementor-widget-text-editor\" data-id=\"34060ebe\" data-element_type=\"widget\" data-widget_type=\"text-editor.default\">\n\t\t\t\t<div class=\"elementor-widget-container\">\n\t\t\t<style>\/*! elementor - v3.23.0 - 05-08-2024 *\/\n.elementor-widget-text-editor.elementor-drop-cap-view-stacked .elementor-drop-cap{background-color:#69727d;color:#fff}.elementor-widget-text-editor.elementor-drop-cap-view-framed .elementor-drop-cap{color:#69727d;border:3px solid;background-color:transparent}.elementor-widget-text-editor:not(.elementor-drop-cap-view-default) .elementor-drop-cap{margin-top:8px}.elementor-widget-text-editor:not(.elementor-drop-cap-view-default) .elementor-drop-cap-letter{width:1em;height:1em}.elementor-widget-text-editor .elementor-drop-cap{float:left;text-align:center;line-height:1;font-size:50px}.elementor-widget-text-editor .elementor-drop-cap-letter{display:inline-block}<\/style><div class=\"aa-text__body checkmark-list\">\t\t\t\t<p>News<\/p>\t\t\t\t<\/div>\t\t<\/div>\n\t\t\t\t<\/div>\n\t\t\t\t<div class=\"elementor-element elementor-element-19c5823e elementor-widget elementor-widget-heading\" data-id=\"19c5823e\" data-element_type=\"widget\" data-widget_type=\"heading.default\">\n\t\t\t\t<div class=\"elementor-widget-container\">\n\t\t\t<style>\/*! elementor - v3.23.0 - 05-08-2024 *\/\n.elementor-heading-title{padding:0;margin:0;line-height:1}.elementor-widget-heading .elementor-heading-title[class*=elementor-size-]>a{color:inherit;font-size:inherit;line-height:inherit}.elementor-widget-heading .elementor-heading-title.elementor-size-small{font-size:15px}.elementor-widget-heading .elementor-heading-title.elementor-size-medium{font-size:19px}.elementor-widget-heading .elementor-heading-title.elementor-size-large{font-size:29px}.elementor-widget-heading .elementor-heading-title.elementor-size-xl{font-size:39px}.elementor-widget-heading .elementor-heading-title.elementor-size-xxl{font-size:59px}<\/style><h1 class=\"elementor-heading-title elementor-size-default\">Neoss latest news<\/h1>\t\t<\/div>\n\t\t\t\t<\/div>\n\t\t\t\t<div class=\"elementor-element elementor-element-2937025e image-hover-zoom elementor-widget elementor-widget-yunce_news_module\" data-id=\"2937025e\" data-element_type=\"widget\" data-widget_type=\"yunce_news_module.default\">\n\t\t\t\t<div class=\"elementor-widget-container\">\n\t\t\t<div class=\"yunce-news-module\"\n    data-per-page=\"9\"\n    data-load-more=\"yes\"\n    data-module = \"2937025e\"\n    >\n    \n        <div class=\"posts-list image-hover-zoom\" style=\"--image-hover-transition: 0.3;\">\n                                    <article class=\"post-item\">\n                    <a class=\"a_box\" href=\"https:\/\/test.neoss.com\/sv\/news\/ny-regional-account-manager-neoss-norden\/\">\n                                                    <div class=\"post-thumbnail\">\n                                <img decoding=\"async\" src=\"https:\/\/neoss-web.azureedge.net\/sites\/8\/2025\/07\/Rebecka-ny-regional-account-2-1-768x768.png\"\n                                    alt=\"Ny Regional Account Manager p\u00e5 Neoss Norden\">\n                            <\/div>\n                        \n                        <div class=\"item_text\">\n                            <h3 class=\"post-title\">\n                                Ny Regional Account Manager p\u00e5 Neoss Norden                            <\/h3>\n                                                        <div class=\"post-meta\">\n                                                                    <span class=\"post-date\">\n                                        May 14, 2025                                    <\/span>\n                                                            <\/div>\n                        <\/div>\n\n                    <\/a>\n                <\/article>\n                            <article class=\"post-item\">\n                    <a class=\"a_box\" href=\"https:\/\/test.neoss.com\/sv\/news\/ny-business-development-manager-arc\/\">\n                                                    <div class=\"post-thumbnail\">\n                                <img decoding=\"async\" src=\"https:\/\/neoss-web.azureedge.net\/sites\/8\/2025\/07\/Fredrik.png\"\n                                    alt=\"Ny Business Development Manager p\u00e5 ARC Solutions\">\n                            <\/div>\n                        \n                        <div class=\"item_text\">\n                            <h3 class=\"post-title\">\n                                Ny Business Development Manager p\u00e5 ARC Solutions                            <\/h3>\n                                                        <div class=\"post-meta\">\n                                                                    <span class=\"post-date\">\n                                        May 6, 2025                                    <\/span>\n                                                            <\/div>\n                        <\/div>\n\n                    <\/a>\n                <\/article>\n                            <article class=\"post-item\">\n                    <a class=\"a_box\" href=\"https:\/\/test.neoss.com\/sv\/news\/ny-marknadschef-arc\/\">\n                                                    <div class=\"post-thumbnail\">\n                                <img decoding=\"async\" src=\"https:\/\/neoss-web.azureedge.net\/sites\/8\/2025\/07\/Portratt_6_beskuren-768x942.jpg\"\n                                    alt=\"Ny marknadschef p\u00e5 ARC Solutions\">\n                            <\/div>\n                        \n                        <div class=\"item_text\">\n                            <h3 class=\"post-title\">\n                                Ny marknadschef p\u00e5 ARC Solutions                            <\/h3>\n                                                        <div class=\"post-meta\">\n                                                                    <span class=\"post-date\">\n                                        April 24, 2025                                    <\/span>\n                                                            <\/div>\n                        <\/div>\n\n                    <\/a>\n                <\/article>\n                            <article class=\"post-item\">\n                    <a class=\"a_box\" href=\"https:\/\/test.neoss.com\/sv\/news\/vd-byte-i-arc-solutions\/\">\n                                                    <div class=\"post-thumbnail\">\n                                <img decoding=\"async\" src=\"https:\/\/neoss-web.azureedge.net\/sites\/8\/2025\/07\/edited-768x512.jpg\"\n                                    alt=\"VD-byte i ARC Solutions AB\">\n                            <\/div>\n                        \n                        <div class=\"item_text\">\n                            <h3 class=\"post-title\">\n                                VD-byte i ARC Solutions AB                            <\/h3>\n                                                        <div class=\"post-meta\">\n                                                                    <span class=\"post-date\">\n                                        March 18, 2025                                    <\/span>\n                                                            <\/div>\n                        <\/div>\n\n                    <\/a>\n                <\/article>\n                            <article class=\"post-item\">\n                    <a class=\"a_box\" href=\"https:\/\/test.neoss.com\/sv\/news\/neoss-norden-och-konekta-inleder-samarbete\/\">\n                                                    <div class=\"post-thumbnail\">\n                                <img decoding=\"async\" src=\"https:\/\/neoss-web.azureedge.net\/sites\/8\/2025\/07\/Neoss-x-Konekta-768x768.png\"\n                                    alt=\"Neoss\u00ae Norden &#038; Konekta inleder strategiskt samarbete f\u00f6r att st\u00e4rka och utveckla m\u00f6jligheterna f\u00f6r den svenska implantatmarknaden\">\n                            <\/div>\n                        \n                        <div class=\"item_text\">\n                            <h3 class=\"post-title\">\n                                Neoss\u00ae Norden &#038; Konekta inleder strategiskt samarbete f\u00f6r att st\u00e4rka och utveckla m\u00f6jligheterna f\u00f6r den svenska implantatmarknaden                            <\/h3>\n                                                        <div class=\"post-meta\">\n                                                                    <span class=\"post-date\">\n                                        March 12, 2025                                    <\/span>\n                                                            <\/div>\n                        <\/div>\n\n                    <\/a>\n                <\/article>\n                            <article class=\"post-item\">\n                    <a class=\"a_box\" href=\"https:\/\/test.neoss.com\/sv\/news\/neoss-group-och-aqua-dental-inleder-samarbete-for-att-forenkla-tandvarden\/\">\n                                                    <div class=\"post-thumbnail\">\n                                <img decoding=\"async\" src=\"https:\/\/neoss-web.azureedge.net\/sites\/8\/2025\/07\/Aqua-Dental-X-Neoss-Collaboration_web-768x432.png\"\n                                    alt=\"Neoss\u00ae Group och Aqua Dental Inleder Samarbete f\u00f6r att F\u00f6renkla Tandv\u00e5rden\">\n                            <\/div>\n                        \n                        <div class=\"item_text\">\n                            <h3 class=\"post-title\">\n                                Neoss\u00ae Group och Aqua Dental Inleder Samarbete f\u00f6r att F\u00f6renkla Tandv\u00e5rden                            <\/h3>\n                                                        <div class=\"post-meta\">\n                                                                    <span class=\"post-date\">\n                                        November 16, 2023                                    <\/span>\n                                                            <\/div>\n                        <\/div>\n\n                    <\/a>\n                <\/article>\n                            <article class=\"post-item\">\n                    <a class=\"a_box\" href=\"https:\/\/test.neoss.com\/sv\/news\/neoss-group-signs-a-collaboration-agreement-with-osstell-ab\/\">\n                                                    <div class=\"post-thumbnail\">\n                                <img decoding=\"async\" src=\"https:\/\/neoss-web.azureedge.net\/sites\/8\/2025\/07\/Osstell-X-Neoss-Collaboration-3-768x432.jpg\"\n                                    alt=\"Neoss\u00ae Group ing\u00e5r ett samarbetsavtal med Osstell\u00ae AB\">\n                            <\/div>\n                        \n                        <div class=\"item_text\">\n                            <h3 class=\"post-title\">\n                                Neoss\u00ae Group ing\u00e5r ett samarbetsavtal med Osstell\u00ae AB                            <\/h3>\n                                                        <div class=\"post-meta\">\n                                                                    <span class=\"post-date\">\n                                        July 20, 2023                                    <\/span>\n                                                            <\/div>\n                        <\/div>\n\n                    <\/a>\n                <\/article>\n                            <article class=\"post-item\">\n                    <a class=\"a_box\" href=\"https:\/\/test.neoss.com\/sv\/news\/new-sales-office-in-the-nordic-region\/\">\n                                                    <div class=\"post-thumbnail\">\n                                <img decoding=\"async\" src=\"https:\/\/neoss-web.azureedge.net\/sites\/8\/2025\/07\/Neoss-Norden-AB-banner-768x324.png\"\n                                    alt=\"Neoss\u00ae Group \u00f6ppnar nytt f\u00f6rs\u00e4ljningskontor i Norden\">\n                            <\/div>\n                        \n                        <div class=\"item_text\">\n                            <h3 class=\"post-title\">\n                                Neoss\u00ae Group \u00f6ppnar nytt f\u00f6rs\u00e4ljningskontor i Norden                            <\/h3>\n                                                        <div class=\"post-meta\">\n                                                                    <span class=\"post-date\">\n                                        November 28, 2022                                    <\/span>\n                                                            <\/div>\n                        <\/div>\n\n                    <\/a>\n                <\/article>\n                        <\/div>\n    <\/div>\n\n<!-- Loading and error templates -->\n<template id=\"yunce-news-loading-template\">\n    <div class=\"posts-loading\">\n        <span><\/span>\n    <\/div>\n<\/template>\n\n<template id=\"yunce-news-error-template\">\n    <div class=\"posts-error\">\n        Failed to load, please try again    <\/div>\n<\/template>\t\t<\/div>\n\t\t\t\t<\/div>\n\t\t\t\t\t<\/div>\n\t\t\t\t<\/div>\n\t\t<div class=\"elementor-element elementor-element-46a94477 e-flex e-con-boxed e-con e-parent\" data-id=\"46a94477\" data-element_type=\"container\" data-settings=\"{&quot;background_background&quot;:&quot;classic&quot;}\">\n\t\t\t\t\t<div class=\"e-con-inner\">\n\t\t<div class=\"elementor-element elementor-element-6f496a2e e-con-full e-flex e-con e-child\" data-id=\"6f496a2e\" data-element_type=\"container\" data-settings=\"{&quot;background_background&quot;:&quot;classic&quot;}\">\n\t\t\t\t<div class=\"elementor-element elementor-element-77de7125 elementor-widget elementor-widget-heading\" data-id=\"77de7125\" data-element_type=\"widget\" data-widget_type=\"heading.default\">\n\t\t\t\t<div class=\"elementor-widget-container\">\n\t\t\t<h2 class=\"elementor-heading-title elementor-size-default\">\tPrenumerera och h\u00e5ll dig <span>uppdaterad.<\/span><\/h2>\t\t<\/div>\n\t\t\t\t<\/div>\n\t\t\t\t<div class=\"elementor-element elementor-element-5121ea52 elementor-widget elementor-widget-text-editor\" data-id=\"5121ea52\" data-element_type=\"widget\" data-widget_type=\"text-editor.default\">\n\t\t\t\t<div class=\"elementor-widget-container\">\n\t\t\t<div class=\"aa-text__body checkmark-list\">\t\t\t\t<div class=\"aa-newsletter__column aa-newsletter__column-text aa-content-color--white\"><div class=\"aa-newsletter__column__inner\"><div class=\"aa-newsletter__body\"><p>Anm\u00e4l dig f\u00f6r att f\u00e5 de senaste nyheterna fr\u00e5n Neoss, inklusive webbinarier och kurser, nya produktnyheter och klinisk forskning.<\/p><\/div><\/div><\/div>\t\t\t\t<\/div>\t\t<\/div>\n\t\t\t\t<\/div>\n\t\t\t\t<\/div>\n\t\t<div class=\"elementor-element elementor-element-730a7ef7 e-con-full e-flex e-con e-child\" data-id=\"730a7ef7\" data-element_type=\"container\" data-settings=\"{&quot;background_background&quot;:&quot;classic&quot;}\">\n\t\t\t\t<div class=\"elementor-element elementor-element-13058aa aa-form-button--1 elementor-widget elementor-widget-hubspot-form\" data-id=\"13058aa\" data-element_type=\"widget\" data-widget_type=\"hubspot-form.default\">\n\t\t\t\t<div class=\"elementor-widget-container\">\n\t\t\t\n\t\t\t\t\t<script>\n\t\t\t\t\t\twindow.hsFormsOnReady = window.hsFormsOnReady || [];\n\t\t\t\t\t\twindow.hsFormsOnReady.push(()=>{\n\t\t\t\t\t\t\thbspt.forms.create({\n\t\t\t\t\t\t\t\tportalId: 19798429,\n\t\t\t\t\t\t\t\tformId: \"ff4f52f3-b1f4-4a26-93d2-80cd5f27ad18\",\n\t\t\t\t\t\t\t\ttarget: \"#hbspt-form-1777477669000-6543021091\",\n\t\t\t\t\t\t\t\tregion: \"na1\",\n\t\t\t\t\t\t\t\t\n\t\t\t\t\t\t})});\n\t\t\t\t\t<\/script>\n\t\t\t\t\t<div class=\"hbspt-form\" id=\"hbspt-form-1777477669000-6543021091\"><\/div>\t\t<\/div>\n\t\t\t\t<\/div>\n\t\t\t\t<\/div>\n\t\t\t\t\t<\/div>\n\t\t\t\t<\/div>\n\t\t\t\t<\/div>\n\t\t","protected":false},"excerpt":{"rendered":"<p>News Neoss latest news Ny Regional Account Manager p\u00e5 Neoss Norden May 14, 2025 Ny Business Development Manager p\u00e5 ARC Solutions May 6, 2025 Ny marknadschef p\u00e5 ARC Solutions April 24, 2025 VD-byte i ARC Solutions AB March 18, 2025 Neoss\u00ae Norden &#038; Konekta inleder strategiskt samarbete f\u00f6r att st\u00e4rka och utveckla m\u00f6jligheterna f\u00f6r den [&hellip;]<\/p>\n","protected":false},"author":1,"featured_media":0,"parent":0,"menu_order":0,"comment_status":"closed","ping_status":"closed","template":"","meta":{"_acf_changed":false,"content-type":"","_relevanssi_hide_post":"","_relevanssi_hide_content":"","_relevanssi_pin_for_all":"","_relevanssi_pin_keywords":"","_relevanssi_unpin_keywords":"","_relevanssi_related_keywords":"","_relevanssi_related_include_ids":"","_relevanssi_related_exclude_ids":"","_relevanssi_related_no_append":"","_relevanssi_related_not_related":"","_relevanssi_related_posts":"","_relevanssi_noindex_reason":"","footnotes":""},"categories":[40],"tags":[],"page_type":[],"class_list":["post-4146","page","type-page","status-publish","hentry","category-to-delete"],"acf":[],"yoast_head":"<!-- This site is optimized with the Yoast SEO Premium plugin v24.8 (Yoast SEO v24.8.1) - https:\/\/yoast.com\/wordpress\/plugins\/seo\/ -->\n<title>News<\/title>\n<meta name=\"robots\" content=\"index, follow, max-snippet:-1, max-image-preview:large, max-video-preview:-1\" \/>\n<link rel=\"canonical\" href=\"https:\/\/test.neoss.com\/sv\/news\/\" \/>\n<meta property=\"og:locale\" content=\"sv_SE\" \/>\n<meta property=\"og:type\" content=\"article\" \/>\n<meta property=\"og:title\" content=\"News\" \/>\n<meta property=\"og:description\" content=\"News Neoss latest news Ny Regional Account Manager p\u00e5 Neoss Norden May 14, 2025 Ny Business Development Manager p\u00e5 ARC Solutions May 6, 2025 Ny marknadschef p\u00e5 ARC Solutions April 24, 2025 VD-byte i ARC Solutions AB March 18, 2025 Neoss\u00ae Norden &#038; Konekta inleder strategiskt samarbete f\u00f6r att st\u00e4rka och utveckla m\u00f6jligheterna f\u00f6r den [&hellip;]\" \/>\n<meta property=\"og:url\" content=\"https:\/\/test.neoss.com\/sv\/news\/\" \/>\n<meta property=\"og:site_name\" content=\"Sverige\" \/>\n<meta property=\"article:publisher\" content=\"https:\/\/www.facebook.com\/NeossGroup\" \/>\n<meta property=\"article:modified_time\" content=\"2025-07-05T16:56:26+00:00\" \/>\n<meta property=\"og:image\" content=\"https:\/\/neoss-web.azureedge.net\/sites\/8\/2025\/07\/Rebecka-ny-regional-account-2-1-768x768.png\" \/>\n<meta name=\"twitter:card\" content=\"summary_large_image\" \/>\n<meta name=\"twitter:label1\" content=\"Est. reading time\" \/>\n\t<meta name=\"twitter:data1\" content=\"5 minutes\" \/>\n<script type=\"application\/ld+json\" class=\"yoast-schema-graph\">{\"@context\":\"https:\/\/schema.org\",\"@graph\":[{\"@type\":\"WebPage\",\"@id\":\"https:\/\/test.neoss.com\/sv\/news\/\",\"url\":\"https:\/\/test.neoss.com\/sv\/news\/\",\"name\":\"News\",\"isPartOf\":{\"@id\":\"https:\/\/test.neoss.com\/sv\/#website\"},\"primaryImageOfPage\":{\"@id\":\"https:\/\/test.neoss.com\/sv\/news\/#primaryimage\"},\"image\":{\"@id\":\"https:\/\/test.neoss.com\/sv\/news\/#primaryimage\"},\"thumbnailUrl\":\"https:\/\/neoss-web.azureedge.net\/sites\/8\/2025\/07\/Rebecka-ny-regional-account-2-1-768x768.png\",\"datePublished\":\"2025-02-09T10:37:52+00:00\",\"dateModified\":\"2025-07-05T16:56:26+00:00\",\"breadcrumb\":{\"@id\":\"https:\/\/test.neoss.com\/sv\/news\/#breadcrumb\"},\"inLanguage\":\"sv-SE\",\"potentialAction\":[{\"@type\":\"ReadAction\",\"target\":[\"https:\/\/test.neoss.com\/sv\/news\/\"]}]},{\"@type\":\"ImageObject\",\"inLanguage\":\"sv-SE\",\"@id\":\"https:\/\/test.neoss.com\/sv\/news\/#primaryimage\",\"url\":\"https:\/\/neoss-web.azureedge.net\/sites\/8\/2025\/07\/Rebecka-ny-regional-account-2-1-768x768.png\",\"contentUrl\":\"https:\/\/neoss-web.azureedge.net\/sites\/8\/2025\/07\/Rebecka-ny-regional-account-2-1-768x768.png\"},{\"@type\":\"BreadcrumbList\",\"@id\":\"https:\/\/test.neoss.com\/sv\/news\/#breadcrumb\",\"itemListElement\":[{\"@type\":\"ListItem\",\"position\":1,\"name\":\"Home\",\"item\":\"https:\/\/test.neoss.com\/sv\/\"},{\"@type\":\"ListItem\",\"position\":2,\"name\":\"News\"}]},{\"@type\":\"WebSite\",\"@id\":\"https:\/\/test.neoss.com\/sv\/#website\",\"url\":\"https:\/\/test.neoss.com\/sv\/\",\"name\":\"Neoss - Intelligent Simplicity\",\"description\":\"\",\"publisher\":{\"@id\":\"https:\/\/test.neoss.com\/sv\/#organization\"},\"potentialAction\":[{\"@type\":\"SearchAction\",\"target\":{\"@type\":\"EntryPoint\",\"urlTemplate\":\"https:\/\/test.neoss.com\/sv\/?s={search_term_string}\"},\"query-input\":{\"@type\":\"PropertyValueSpecification\",\"valueRequired\":true,\"valueName\":\"search_term_string\"}}],\"inLanguage\":\"sv-SE\"},{\"@type\":\"Organization\",\"@id\":\"https:\/\/test.neoss.com\/sv\/#organization\",\"name\":\"neoss\",\"url\":\"https:\/\/test.neoss.com\/sv\/\",\"logo\":{\"@type\":\"ImageObject\",\"inLanguage\":\"sv-SE\",\"@id\":\"https:\/\/test.neoss.com\/sv\/#\/schema\/logo\/image\/\",\"url\":\"https:\/\/neoss-web.azureedge.net\/logo\/neoss-logo1-1.svg\",\"contentUrl\":\"https:\/\/neoss-web.azureedge.net\/logo\/neoss-logo1-1.svg\",\"width\":96,\"height\":31,\"caption\":\"neoss\"},\"image\":{\"@id\":\"https:\/\/test.neoss.com\/sv\/#\/schema\/logo\/image\/\"},\"sameAs\":[\"https:\/\/www.facebook.com\/NeossGroup\"]}]}<\/script>\n<!-- \/ Yoast SEO Premium plugin. -->","yoast_head_json":{"title":"News","robots":{"index":"index","follow":"follow","max-snippet":"max-snippet:-1","max-image-preview":"max-image-preview:large","max-video-preview":"max-video-preview:-1"},"canonical":"https:\/\/test.neoss.com\/sv\/news\/","og_locale":"sv_SE","og_type":"article","og_title":"News","og_description":"News Neoss latest news Ny Regional Account Manager p\u00e5 Neoss Norden May 14, 2025 Ny Business Development Manager p\u00e5 ARC Solutions May 6, 2025 Ny marknadschef p\u00e5 ARC Solutions April 24, 2025 VD-byte i ARC Solutions AB March 18, 2025 Neoss\u00ae Norden &#038; Konekta inleder strategiskt samarbete f\u00f6r att st\u00e4rka och utveckla m\u00f6jligheterna f\u00f6r den [&hellip;]","og_url":"https:\/\/test.neoss.com\/sv\/news\/","og_site_name":"Sverige","article_publisher":"https:\/\/www.facebook.com\/NeossGroup","article_modified_time":"2025-07-05T16:56:26+00:00","og_image":[{"url":"https:\/\/neoss-web.azureedge.net\/sites\/8\/2025\/07\/Rebecka-ny-regional-account-2-1-768x768.png","type":"","width":"","height":""}],"twitter_card":"summary_large_image","twitter_misc":{"Est. reading time":"5 minutes"},"schema":{"@context":"https:\/\/schema.org","@graph":[{"@type":"WebPage","@id":"https:\/\/test.neoss.com\/sv\/news\/","url":"https:\/\/test.neoss.com\/sv\/news\/","name":"News","isPartOf":{"@id":"https:\/\/test.neoss.com\/sv\/#website"},"primaryImageOfPage":{"@id":"https:\/\/test.neoss.com\/sv\/news\/#primaryimage"},"image":{"@id":"https:\/\/test.neoss.com\/sv\/news\/#primaryimage"},"thumbnailUrl":"https:\/\/neoss-web.azureedge.net\/sites\/8\/2025\/07\/Rebecka-ny-regional-account-2-1-768x768.png","datePublished":"2025-02-09T10:37:52+00:00","dateModified":"2025-07-05T16:56:26+00:00","breadcrumb":{"@id":"https:\/\/test.neoss.com\/sv\/news\/#breadcrumb"},"inLanguage":"sv-SE","potentialAction":[{"@type":"ReadAction","target":["https:\/\/test.neoss.com\/sv\/news\/"]}]},{"@type":"ImageObject","inLanguage":"sv-SE","@id":"https:\/\/test.neoss.com\/sv\/news\/#primaryimage","url":"https:\/\/neoss-web.azureedge.net\/sites\/8\/2025\/07\/Rebecka-ny-regional-account-2-1-768x768.png","contentUrl":"https:\/\/neoss-web.azureedge.net\/sites\/8\/2025\/07\/Rebecka-ny-regional-account-2-1-768x768.png"},{"@type":"BreadcrumbList","@id":"https:\/\/test.neoss.com\/sv\/news\/#breadcrumb","itemListElement":[{"@type":"ListItem","position":1,"name":"Home","item":"https:\/\/test.neoss.com\/sv\/"},{"@type":"ListItem","position":2,"name":"News"}]},{"@type":"WebSite","@id":"https:\/\/test.neoss.com\/sv\/#website","url":"https:\/\/test.neoss.com\/sv\/","name":"Neoss - Intelligent Simplicity","description":"","publisher":{"@id":"https:\/\/test.neoss.com\/sv\/#organization"},"potentialAction":[{"@type":"SearchAction","target":{"@type":"EntryPoint","urlTemplate":"https:\/\/test.neoss.com\/sv\/?s={search_term_string}"},"query-input":{"@type":"PropertyValueSpecification","valueRequired":true,"valueName":"search_term_string"}}],"inLanguage":"sv-SE"},{"@type":"Organization","@id":"https:\/\/test.neoss.com\/sv\/#organization","name":"neoss","url":"https:\/\/test.neoss.com\/sv\/","logo":{"@type":"ImageObject","inLanguage":"sv-SE","@id":"https:\/\/test.neoss.com\/sv\/#\/schema\/logo\/image\/","url":"https:\/\/neoss-web.azureedge.net\/logo\/neoss-logo1-1.svg","contentUrl":"https:\/\/neoss-web.azureedge.net\/logo\/neoss-logo1-1.svg","width":96,"height":31,"caption":"neoss"},"image":{"@id":"https:\/\/test.neoss.com\/sv\/#\/schema\/logo\/image\/"},"sameAs":["https:\/\/www.facebook.com\/NeossGroup"]}]}},"_links":{"self":[{"href":"https:\/\/test.neoss.com\/sv\/wp-json\/wp\/v2\/pages\/4146","targetHints":{"allow":["GET"]}}],"collection":[{"href":"https:\/\/test.neoss.com\/sv\/wp-json\/wp\/v2\/pages"}],"about":[{"href":"https:\/\/test.neoss.com\/sv\/wp-json\/wp\/v2\/types\/page"}],"author":[{"embeddable":true,"href":"https:\/\/test.neoss.com\/sv\/wp-json\/wp\/v2\/users\/1"}],"replies":[{"embeddable":true,"href":"https:\/\/test.neoss.com\/sv\/wp-json\/wp\/v2\/comments?post=4146"}],"version-history":[{"count":8,"href":"https:\/\/test.neoss.com\/sv\/wp-json\/wp\/v2\/pages\/4146\/revisions"}],"predecessor-version":[{"id":8124,"href":"https:\/\/test.neoss.com\/sv\/wp-json\/wp\/v2\/pages\/4146\/revisions\/8124"}],"wp:attachment":[{"href":"https:\/\/test.neoss.com\/sv\/wp-json\/wp\/v2\/media?parent=4146"}],"wp:term":[{"taxonomy":"category","embeddable":true,"href":"https:\/\/test.neoss.com\/sv\/wp-json\/wp\/v2\/categories?post=4146"},{"taxonomy":"post_tag","embeddable":true,"href":"https:\/\/test.neoss.com\/sv\/wp-json\/wp\/v2\/tags?post=4146"},{"taxonomy":"page_type","embeddable":true,"href":"https:\/\/test.neoss.com\/sv\/wp-json\/wp\/v2\/page_type?post=4146"}],"curies":[{"name":"wp","href":"https:\/\/api.w.org\/{rel}","templated":true}]}}